{"id":148825,"date":"2025-12-23T14:53:07","date_gmt":"2025-12-23T13:53:07","guid":{"rendered":"https:\/\/pharmacima.com\/?post_type=product&#038;p=148825"},"modified":"2026-04-21T10:42:14","modified_gmt":"2026-04-21T09:42:14","slug":"arnican-gel-50g-cooper","status":"publish","type":"product","link":"https:\/\/pharmacima.com\/ar\/product\/arnican-gel-50g-cooper\/","title":{"rendered":"Arnican gel reparation cutanee 50g Cooper"},"content":{"rendered":"<h1><strong>\u0648\u0635\u0641 :<\/strong><\/h1>\n<h2 data-start=\"156\" data-end=\"411\"><strong data-start=\"156\" data-end=\"171\">Arnican Gel Cooper<\/strong> \u0647\u0648 \u0639\u0644\u0627\u062c \u0645\u0648\u0636\u0639\u064a \u064a\u0639\u062a\u0645\u062f \u0639\u0644\u0649 \u0645\u0633\u062a\u062e\u0644\u0635 <strong data-start=\"212\" data-end=\"222\">\u0632\u0647\u0631\u0629 \u0627\u0644\u0639\u0637\u0627\u0633\u060c<\/strong>\u0645\u0639\u062a\u0631\u0641 \u0628\u0647\u0627 \u0644\u062e\u0635\u0627\u0626\u0635\u0647\u0627 <strong data-start=\"252\" data-end=\"284\">\u0645\u0647\u062f\u0626 \u0648\u0645\u062c\u062f\u062f.<\/strong>.<\/h2>\n<h2 data-start=\"156\" data-end=\"411\">Il aide \u00e0 <strong data-start=\"296\" data-end=\"357\">\u0644\u062a\u062e\u0641\u064a\u0641 \u0622\u0644\u0627\u0645 \u0627\u0644\u0639\u0636\u0644\u0627\u062a \u0648\u0627\u0644\u0645\u0641\u0627\u0635\u0644 \u0627\u0644\u062e\u0641\u064a\u0641\u0629\u060c<\/strong>\u0648\u0643\u0630\u0644\u0643 <strong data-start=\"373\" data-end=\"408\">\u0627\u0644\u0643\u062f\u0645\u0627\u062a \u0623\u0648 \u0627\u0644\u0631\u0636\u0648\u0636 \u0623\u0648 \u0627\u0644\u0636\u0631\u0628\u0627\u062a.<\/strong>.<\/h2>\n<h2 data-start=\"413\" data-end=\"555\">\u062a\u0633\u0645\u062d \u062a\u0631\u0643\u064a\u0628\u062a\u0647 \u0627\u0644\u062c\u0644 \u0628\u0640 <strong data-start=\"442\" data-end=\"463\">\u0627\u0645\u062a\u0635\u0627\u0635 \u0633\u0631\u064a\u0639<\/strong> \u0648 \u0648\u0627\u062d\u062f\u0629 <strong data-start=\"471\" data-end=\"493\">\u062a\u0637\u0628\u064a\u0642 \u0633\u0647\u0644<\/strong>\u062a\u0648\u0641\u064a\u0631 \u0627\u0644\u0634\u0639\u0648\u0631 <strong data-start=\"522\" data-end=\"554\">\u0627\u0644\u0628\u0631\u062f \u0648\u0627\u0644\u0631\u0627\u062d\u0629 \u0627\u0644\u0641\u0648\u0631\u064a\u0629.<\/strong>.<\/h2>\n<h2>\u0627\u0644\u062a\u0631\u0643\u064a\u0628\u0629 :<\/h2>\n<ul data-start=\"583\" data-end=\"699\">\n<li data-start=\"583\" data-end=\"632\">\n<p data-start=\"585\" data-end=\"632\">Extrait d\u2019arnica montana (principe actif)<\/p>\n<\/li>\n<li data-start=\"633\" data-end=\"699\">\n<p data-start=\"635\" data-end=\"699\">\u0627\u0644\u0645\u0643\u0648\u0646\u0627\u062a \u0627\u0644\u0645\u0633\u0627\u0639\u062f\u0629: \u0639\u0648\u0627\u0645\u0644 \u0627\u0644\u062a\u0628\u0644\u0648\u0631 \u0648\u0627\u0644\u062a\u0631\u0637\u064a\u0628 \u0627\u0644\u0645\u0646\u0627\u0633\u0628\u0629 \u0644\u0644\u0628\u0634\u0631\u0629<\/p>\n<\/li>\n<\/ul>\n<p data-start=\"701\" data-end=\"784\">\u00a0\u0628\u062f\u0648\u0646 \u0639\u0637\u0631<br data-start=\"715\" data-end=\"718\" \/>\u00a0Usage dermatologique<br data-start=\"741\" data-end=\"744\" \/>\u00a0Convient aux adultes et adolescents<\/p>\n<h2 data-start=\"701\" data-end=\"784\">\u064a\u0633\u062a\u062e\u062f\u0645 :<\/h2>\n<ul>\n<li data-start=\"812\" data-end=\"899\">\n<p data-start=\"814\" data-end=\"899\">Appliquer une fine couche de gel sur la zone concern\u00e9e 2 \u00e0 3 fois par jour.<\/p>\n<\/li>\n<li data-start=\"900\" data-end=\"952\">\n<p data-start=\"902\" data-end=\"952\">Masser d\u00e9licatement jusqu\u2019\u00e0 absorption compl\u00e8te.<\/p>\n<\/li>\n<li data-start=\"953\" data-end=\"991\">\n<p data-start=\"955\" data-end=\"991\">\u0627\u063a\u0633\u0644 \u064a\u062f\u064a\u0643 \u0628\u0639\u062f \u0627\u0644\u0627\u0633\u062a\u062e\u062f\u0627\u0645.i<\/p>\n<\/li>\n<\/ul>\n<h3 data-start=\"1102\" data-end=\"1144\">Pourquoi l\u2019arnica est utilis\u00e9 ?<\/h3>\n<p data-start=\"1145\" data-end=\"1405\">L\u2019arnica est reconnue pour ses propri\u00e9t\u00e9s anti-inflammatoires naturelles et calmantes lorsqu\u2019elle est appliqu\u00e9e localement, ce qui aide \u00e0 att\u00e9nuer l\u2019apparence des coups et la g\u00eane associ\u00e9e \u00e0 des impacts l\u00e9gers.<\/p>\n<p data-start=\"1145\" data-end=\"1405\">\n<p data-start=\"1145\" data-end=\"1405\">Cooper.<\/p>","protected":false},"excerpt":{"rendered":"<p>DESCRIPTION : Arnican Gel Cooper est un soin topique \u00e0 base d\u2019extrait de arnica, reconnu pour ses propri\u00e9t\u00e9s apaisantes et r\u00e9g\u00e9n\u00e9ratrices. Il aide \u00e0 soulager les douleurs musculaires et articulaires l\u00e9g\u00e8res, ainsi que les ecchymoses, contusions ou coups. Sa formule en gel permet une absorption rapide et une application facile, procurant une sensation de froid [&hellip;]<\/p>\n","protected":false},"featured_media":148826,"comment_status":"open","ping_status":"closed","template":"","meta":{"_acf_changed":false},"product_brand":[1531],"product_cat":[102,139],"product_tag":[],"class_list":{"0":"post-148825","1":"product","2":"type-product","3":"status-publish","4":"has-post-thumbnail","6":"product_brand-laboratoire-cooper","7":"product_cat-soin-et-bien-etre","8":"product_cat-corps_","10":"first","11":"instock","12":"taxable","13":"shipping-taxable","14":"purchasable","15":"product-type-simple"},"acf":[],"_links":{"self":[{"href":"https:\/\/pharmacima.com\/ar\/wp-json\/wp\/v2\/product\/148825","targetHints":{"allow":["GET"]}}],"collection":[{"href":"https:\/\/pharmacima.com\/ar\/wp-json\/wp\/v2\/product"}],"about":[{"href":"https:\/\/pharmacima.com\/ar\/wp-json\/wp\/v2\/types\/product"}],"replies":[{"embeddable":true,"href":"https:\/\/pharmacima.com\/ar\/wp-json\/wp\/v2\/comments?post=148825"}],"wp:featuredmedia":[{"embeddable":true,"href":"https:\/\/pharmacima.com\/ar\/wp-json\/wp\/v2\/media\/148826"}],"wp:attachment":[{"href":"https:\/\/pharmacima.com\/ar\/wp-json\/wp\/v2\/media?parent=148825"}],"wp:term":[{"taxonomy":"product_brand","embeddable":true,"href":"https:\/\/pharmacima.com\/ar\/wp-json\/wp\/v2\/product_brand?post=148825"},{"taxonomy":"product_cat","embeddable":true,"href":"https:\/\/pharmacima.com\/ar\/wp-json\/wp\/v2\/product_cat?post=148825"},{"taxonomy":"product_tag","embeddable":true,"href":"https:\/\/pharmacima.com\/ar\/wp-json\/wp\/v2\/product_tag?post=148825"}],"curies":[{"name":"wp","href":"https:\/\/api.w.org\/{rel}","templated":true}]}}