{"id":148832,"date":"2025-12-24T14:11:38","date_gmt":"2025-12-24T13:11:38","guid":{"rendered":"https:\/\/pharmacima.com\/?post_type=product&#038;p=148832"},"modified":"2026-03-15T15:05:05","modified_gmt":"2026-03-15T14:05:05","slug":"creme-regulatrice-de-sebum-30ml-bionnex","status":"publish","type":"product","link":"https:\/\/pharmacima.com\/ar\/product\/creme-regulatrice-de-sebum-30ml-bionnex\/","title":{"rendered":"Creme regulatrice de sebum 30ml Bionnex"},"content":{"rendered":"<h1><strong>\u0648\u0635\u0641 :<\/strong><\/h1>\n<h2>\u0647\u0646\u0627\u0643 <strong data-start=\"198\" data-end=\"261\">Cr\u00e8me r\u00e9paratrice et r\u00e9gulatrice de s\u00e9bum Bionnex Rensaderm<\/strong> \u0647\u0648 <strong data-start=\"269\" data-end=\"359\">soin visage sp\u00e9cialement formul\u00e9 pour les peaux grasses, mixtes ou \u00e0 tendance acn\u00e9ique<\/strong>. Elle aide \u00e0 <strong data-start=\"373\" data-end=\"410\">\u00e9quilibrer la production de s\u00e9bum<\/strong>, r\u00e9duire l\u2019exc\u00e8s de brillance et purifier la peau tout en offrant une <strong data-start=\"481\" data-end=\"503\">hydratation l\u00e9g\u00e8re<\/strong> et un effet <strong data-start=\"516\" data-end=\"528\">\u0645\u0647\u062f\u0626\u0627<\/strong>.<\/h2>\n<h2>\u0627\u0644\u062a\u0631\u0643\u064a\u0628\u0629 :<\/h2>\n<ul>\n<li data-start=\"391\" data-end=\"427\">\n<p data-start=\"393\" data-end=\"427\"><em data-start=\"393\" data-end=\"407\">\u0623\u0643\u0648\u0627<\/em> \u2013 base hydratante<\/p>\n<\/li>\n<li data-start=\"428\" data-end=\"471\">\n<p data-start=\"430\" data-end=\"471\"><em data-start=\"430\" data-end=\"440\">\u062c\u0644\u0633\u064a\u0631\u064a\u0646<\/em> \u2013 humectant, hydrate la peau<\/p>\n<\/li>\n<li data-start=\"472\" data-end=\"533\">\n<p data-start=\"474\" data-end=\"533\"><em data-start=\"474\" data-end=\"504\">\u0643\u0627\u0628\u0631\u064a\u0644\u064a\u0643\/\u0643\u0627\u0628\u0631\u064a\u0643 \u0627\u0644\u062f\u0647\u0648\u0646 \u0627\u0644\u062b\u0644\u0627\u062b\u064a\u0629<\/em> \u2013 \u00e9mollient l\u00e9ger non-gras<\/p>\n<\/li>\n<li data-start=\"534\" data-end=\"580\">\n<p data-start=\"536\" data-end=\"580\"><em data-start=\"536\" data-end=\"554\">\u0643\u062d\u0648\u0644 \u0627\u0644\u0633\u064a\u062a\u0627\u0631\u064a\u0644<\/em> \u2013 alcool gras \u00e9mollient<\/p>\n<\/li>\n<li data-start=\"581\" data-end=\"637\">\n<p data-start=\"583\" data-end=\"637\"><em data-start=\"583\" data-end=\"600\">\u0628\u0648\u062a\u064a\u0644\u064a\u0646 \u063a\u0644\u064a\u0643\u0648\u0644<\/em> \u2013 hydratant, aide \u00e0 la p\u00e9n\u00e9tration<\/p>\n<\/li>\n<li data-start=\"638\" data-end=\"710\">\n<p data-start=\"640\" data-end=\"710\"><em data-start=\"640\" data-end=\"676\">Cetearyl Olivate, Sorbitan Olivate<\/em> \u2013 \u00e9mollients d\u2019origine v\u00e9g\u00e9tale<\/p>\n<\/li>\n<li data-start=\"711\" data-end=\"784\">\n<p data-start=\"713\" data-end=\"784\"><em data-start=\"713\" data-end=\"742\">Empetrum Nigrum Fruit Juice<\/em> \u2013 extrait de fruit nordique antioxydant<\/p>\n<\/li>\n<li data-start=\"785\" data-end=\"854\">\n<p data-start=\"787\" data-end=\"854\"><em data-start=\"787\" data-end=\"816\">C12-13 Alkyl Ethylhexanoate<\/em> \u2013 \u00e9mollient \/ conditionneur de peau<\/p>\n<\/li>\n<li data-start=\"855\" data-end=\"889\">\n<p data-start=\"857\" data-end=\"889\"><em data-start=\"857\" data-end=\"875\">\u0627\u0644\u0628\u0631\u0648\u0628\u064a\u0644\u064a\u0646 \u063a\u0644\u064a\u0643\u0648\u0644<\/em> \u2013 hydratant<\/p>\n<\/li>\n<li data-start=\"890\" data-end=\"957\">\n<p data-start=\"892\" data-end=\"957\"><em data-start=\"892\" data-end=\"925\">Persea Gratissima\u00a0 Oil<\/em> \u2013 huile d\u2019avocat nourrissante<\/p>\n<\/li>\n<li data-start=\"958\" data-end=\"1012\">\n<p data-start=\"960\" data-end=\"1012\"><em data-start=\"960\" data-end=\"973\">\u062b\u0646\u0627\u0626\u064a \u0627\u0644\u0645\u064a\u062b\u064a\u0643\u0648\u0646<\/em> \u2013 silicone protecteur non-com\u00e9dog\u00e8ne<\/p>\n<\/li>\n<li data-start=\"1013\" data-end=\"1064\">\n<p data-start=\"1015\" data-end=\"1064\"><em data-start=\"1015\" data-end=\"1031\">Salicylic Acid<\/em> \u2013 acide exfoliant et purifiant<\/p>\n<\/li>\n<li data-start=\"1065\" data-end=\"1123\">\n<p data-start=\"1067\" data-end=\"1123\"><em data-start=\"1067\" data-end=\"1083\">Oleanolic Acid<\/em> \u2013 extrait naturel r\u00e9gulateur de s\u00e9bum<\/p>\n<\/li>\n<li data-start=\"1124\" data-end=\"1169\">\n<p data-start=\"1126\" data-end=\"1169\"><em data-start=\"1126\" data-end=\"1153\">Nordihydroguaiaretic Acid<\/em> \u2013 antioxydant<\/p>\n<\/li>\n<li data-start=\"1170\" data-end=\"1214\">\n<p data-start=\"1172\" data-end=\"1214\"><em data-start=\"1172\" data-end=\"1198\">PEG-60 Almond Glycerides<\/em> \u2013 \u00e9mulsifiant<\/p>\n<\/li>\n<li data-start=\"1215\" data-end=\"1259\">\n<p data-start=\"1217\" data-end=\"1259\"><em data-start=\"1217\" data-end=\"1234\">\u0643\u0627\u0628\u0631\u064a\u0644\u064a\u0644 \u062c\u0644\u0627\u064a\u0643\u0648\u0644<\/em> \u2013 conditionneur cutan\u00e9<\/p>\n<\/li>\n<li data-start=\"1260\" data-end=\"1293\">\n<p data-start=\"1262\" data-end=\"1293\"><em data-start=\"1262\" data-end=\"1272\">\u0643\u0631\u0628\u0648\u0645\u064a\u0631<\/em> \u2013 agent de texture<\/p>\n<\/li>\n<li data-start=\"1294\" data-end=\"1329\">\n<p data-start=\"1296\" data-end=\"1329\"><em data-start=\"1296\" data-end=\"1312\">\u0641\u064a\u0646\u0648\u0643\u0633\u064a\u064a\u062b\u0627\u0646\u0648\u0644<\/em> \u2013 conservateur<\/p>\n<\/li>\n<li data-start=\"1330\" data-end=\"1381\">\n<p data-start=\"1332\" data-end=\"1381\"><em data-start=\"1332\" data-end=\"1352\">\u0625\u064a\u062b\u064a\u0644\u0647\u0643\u0633\u064a\u0644 \u0627\u0644\u062c\u0644\u0633\u0631\u064a\u0646<\/em> \u2013 conservateur \/ humectant<\/p>\n<\/li>\n<li data-start=\"1382\" data-end=\"1428\">\n<p data-start=\"1384\" data-end=\"1428\"><em data-start=\"1384\" data-end=\"1395\">\u0623\u0644\u0627\u0646\u062a\u0648\u064a\u0646<\/em> \u2013 apaisant \/ r\u00e9parateur cutan\u00e9<\/p>\n<\/li>\n<li data-start=\"1429\" data-end=\"1469\">\n<p data-start=\"1431\" data-end=\"1469\"><em data-start=\"1431\" data-end=\"1451\">\u0639\u0637\u0631 (\u0639\u0637\u0631)<\/em> \u2013 parfum ajout\u00e9<\/p>\n<\/li>\n<li data-start=\"1470\" data-end=\"1512\">\n<p data-start=\"1472\" data-end=\"1512\"><em data-start=\"1472\" data-end=\"1484\">\u062a\u0648\u0643\u0648\u0641\u064a\u0631\u0648\u0644<\/em> \u2013 vitamine E antioxydante<\/p>\n<\/li>\n<li data-start=\"1513\" data-end=\"1555\">\n<p data-start=\"1515\" data-end=\"1555\"><em data-start=\"1515\" data-end=\"1526\">\u0628\u0627\u0646\u062b\u064a\u0646\u0648\u0644<\/em> \u2013 provitamine B5 apaisante<\/p>\n<\/li>\n<li data-start=\"1556\" data-end=\"1582\">\n<p data-start=\"1558\" data-end=\"1582\"><em data-start=\"1558\" data-end=\"1569\">\u0628\u064a\u0633\u0627\u0628\u0648\u0644\u0648\u0644<\/em> \u2013 apaisant<\/p>\n<\/li>\n<li data-start=\"1583\" data-end=\"1620\">\n<p data-start=\"1585\" data-end=\"1620\"><em data-start=\"1585\" data-end=\"1598\">\u0635\u0645\u063a \u0632\u0646\u062a\u0627\u0646<\/em> \u2013 g\u00e9lifiant naturel<\/p>\n<\/li>\n<li data-start=\"1621\" data-end=\"1685\">\n<p data-start=\"1623\" data-end=\"1685\"><em data-start=\"1623\" data-end=\"1664\">Cucumis Sativus (Cucumber) Seed Extract<\/em> \u2013 extrait apaisant<\/p>\n<\/li>\n<li data-start=\"1686\" data-end=\"1740\">\n<p data-start=\"1688\" data-end=\"1740\"><em data-start=\"1688\" data-end=\"1716\">Ginkgo Biloba Leaf Extract<\/em> \u2013 extrait antioxydant<\/p>\n<\/li>\n<li data-start=\"1741\" data-end=\"1820\">\n<p data-start=\"1743\" data-end=\"1820\"><em data-start=\"1743\" data-end=\"1791\">Chamomilla Recutita (Chamomile) Flower Extract<\/em> \u2013 apaisant \/ anti-irritant<\/p>\n<\/li>\n<li data-start=\"1821\" data-end=\"1901\">\n<p data-start=\"1823\" data-end=\"1901\"><em data-start=\"1823\" data-end=\"1838\">\u062b\u0646\u0627\u0626\u064a \u0627\u0644\u0635\u0648\u062f\u064a\u0648\u0645 \u0625\u062f\u062a\u0627<\/em> \u2013 stabilisant de formule<\/p>\n<\/li>\n<\/ul>\n<h2>CONSEILLE D&rsquo;UTILISATION :<\/h2>\n<p data-start=\"1380\" data-end=\"1413\"><strong data-start=\"1380\" data-end=\"1411\">Pr\u00e9paration de la peau :<\/strong><\/p>\n<ul data-start=\"1414\" data-end=\"1658\">\n<li data-start=\"1414\" data-end=\"1588\">\n<p data-start=\"1416\" data-end=\"1588\">Commence par <strong data-start=\"1429\" data-end=\"1452\">nettoyer ton visage<\/strong> avec un gel ou un nettoyant doux adapt\u00e9 aux peaux grasses ou mixtes.<\/p>\n<\/li>\n<li data-start=\"1589\" data-end=\"1658\">\n<p data-start=\"1591\" data-end=\"1658\">Assure-toi que la peau est <strong data-start=\"1618\" data-end=\"1637\">propre et s\u00e8che<\/strong> avant l\u2019application.<\/p>\n<\/li>\n<\/ul>\n<p data-start=\"1660\" data-end=\"1682\"><strong data-start=\"1660\" data-end=\"1680\">\u00a0Application :<\/strong><\/p>\n<ol data-start=\"1683\" data-end=\"2029\">\n<li data-start=\"1683\" data-end=\"1793\">\n<p data-start=\"1686\" data-end=\"1793\"><strong data-start=\"1686\" data-end=\"1716\">Prends une petite quantit\u00e9<\/strong> de cr\u00e8me bionnex.<\/p>\n<\/li>\n<li data-start=\"1794\" data-end=\"1909\">\n<p data-start=\"1797\" data-end=\"1909\"><strong data-start=\"1797\" data-end=\"1837\">Applique-la sur l\u2019ensemble du visage<\/strong>, en \u00e9vitant le contour des yeux.<\/p>\n<\/li>\n<li data-start=\"1910\" data-end=\"2029\">\n<p data-start=\"1913\" data-end=\"2029\"><strong data-start=\"1913\" data-end=\"1961\">Masse d\u00e9licatement en mouvements circulaires<\/strong> jusqu\u2019\u00e0 absorption compl\u00e8te.<\/p>\n<\/li>\n<\/ol>","protected":false},"excerpt":{"rendered":"<p>DESCRIPTION : La Cr\u00e8me r\u00e9paratrice et r\u00e9gulatrice de s\u00e9bum Bionnex Rensaderm est un soin visage sp\u00e9cialement formul\u00e9 pour les peaux grasses, mixtes ou \u00e0 tendance acn\u00e9ique. Elle aide \u00e0 \u00e9quilibrer la production de s\u00e9bum, r\u00e9duire l\u2019exc\u00e8s de brillance et purifier la peau tout en offrant une hydratation l\u00e9g\u00e8re et un effet apaisant. COMPOSITION : Aqua [&hellip;]<\/p>\n","protected":false},"featured_media":150366,"comment_status":"open","ping_status":"closed","template":"","meta":{"_acf_changed":false},"product_brand":[1562],"product_cat":[102,137],"product_tag":[],"class_list":{"0":"post-148832","1":"product","2":"type-product","3":"status-publish","4":"has-post-thumbnail","6":"product_brand-bionnex","7":"product_cat-soin-et-bien-etre","8":"product_cat-visage","10":"first","11":"instock","12":"taxable","13":"shipping-taxable","14":"purchasable","15":"product-type-simple"},"acf":[],"_links":{"self":[{"href":"https:\/\/pharmacima.com\/ar\/wp-json\/wp\/v2\/product\/148832","targetHints":{"allow":["GET"]}}],"collection":[{"href":"https:\/\/pharmacima.com\/ar\/wp-json\/wp\/v2\/product"}],"about":[{"href":"https:\/\/pharmacima.com\/ar\/wp-json\/wp\/v2\/types\/product"}],"replies":[{"embeddable":true,"href":"https:\/\/pharmacima.com\/ar\/wp-json\/wp\/v2\/comments?post=148832"}],"wp:featuredmedia":[{"embeddable":true,"href":"https:\/\/pharmacima.com\/ar\/wp-json\/wp\/v2\/media\/150366"}],"wp:attachment":[{"href":"https:\/\/pharmacima.com\/ar\/wp-json\/wp\/v2\/media?parent=148832"}],"wp:term":[{"taxonomy":"product_brand","embeddable":true,"href":"https:\/\/pharmacima.com\/ar\/wp-json\/wp\/v2\/product_brand?post=148832"},{"taxonomy":"product_cat","embeddable":true,"href":"https:\/\/pharmacima.com\/ar\/wp-json\/wp\/v2\/product_cat?post=148832"},{"taxonomy":"product_tag","embeddable":true,"href":"https:\/\/pharmacima.com\/ar\/wp-json\/wp\/v2\/product_tag?post=148832"}],"curies":[{"name":"wp","href":"https:\/\/api.w.org\/{rel}","templated":true}]}}