{"id":148837,"date":"2025-12-24T15:24:26","date_gmt":"2025-12-24T14:24:26","guid":{"rendered":"https:\/\/pharmacima.com\/?post_type=product&#038;p=148837"},"modified":"2026-03-03T13:55:37","modified_gmt":"2026-03-03T12:55:37","slug":"shampoing-anti-chute-pelliculaire-300ml-bionnex","status":"publish","type":"product","link":"https:\/\/pharmacima.com\/ar\/product\/shampoing-anti-chute-pelliculaire-300ml-bionnex\/","title":{"rendered":"Shampoing AntiChute &#038; Pelliculaire 300ml Bionnex"},"content":{"rendered":"<h1><strong>\u0648\u0635\u0641 :<\/strong><\/h1>\n<h2>\u0627\u0644 <strong data-start=\"166\" data-end=\"231\">Shampooing Anti-chute &amp; Anti-pelliculaire de Bionnex (300 ml)<\/strong> \u0647\u0648 <strong data-start=\"239\" data-end=\"269\">shampooing \u00e0 double action<\/strong> \u0635\u0646\u0639 \u0644\u0627\u062c\u0644 <strong data-start=\"281\" data-end=\"319\">lutter contre la chute des cheveux<\/strong> tout en <strong data-start=\"328\" data-end=\"388\">contr\u00f4lant les pellicules et en apaisant le cuir chevelu<\/strong>. Il nettoie en profondeur, r\u00e9tablit l\u2019\u00e9quilibre du cuir chevelu, <strong data-start=\"454\" data-end=\"493\">renforce les follicules capillaires<\/strong> et aide \u00e0 r\u00e9duire les d\u00e9mangeaisons et l\u2019exc\u00e8s de desquamation. Sa formulation associe <strong data-start=\"581\" data-end=\"627\">extraits de plantes, vitamines et min\u00e9raux<\/strong> pour revitaliser les cheveux, les rendre plus forts, plus brillants et favoriser une croissance saine.<\/h2>\n<p>&nbsp;<\/p>\n<h2><strong>\u0627\u0644\u062a\u0631\u0643\u064a\u0628\u0629 :\u00a0<\/strong><\/h2>\n<p><strong data-start=\"1649\" data-end=\"1677\">Ammonium Laureth Sulfate<\/strong> \u2013 tensioactif nettoyant<br data-start=\"1701\" data-end=\"1704\" \/><strong data-start=\"1704\" data-end=\"1730\">Cocamidopropyl Betaine<\/strong> \u2013 agent moussant doux<br data-start=\"1752\" data-end=\"1755\" \/><strong data-start=\"1755\" data-end=\"1771\">Cocamide DEA<\/strong> \u2013 agent moussant \/ \u00e9paississant<br data-start=\"1803\" data-end=\"1806\" \/><strong data-start=\"1806\" data-end=\"1828\">Vitis Complex CX25<\/strong> (extraits : Salvia Officinalis \u2013 sauge, Cassia Senna, Urtica Urens, Urtica Dioica \u2013 orties, Camellia Sinensis \u2013 th\u00e9 vert, Piper Nigrum \u2013 poivre) \u2013 complexe v\u00e9g\u00e9tal anti-chute<br data-start=\"2003\" data-end=\"2006\" \/><strong data-start=\"2006\" data-end=\"2061\">Xylitylglucoside, Anhydroxylitol, Maltitol, Xylitol<\/strong> \u2013 hydratants d\u00e9riv\u00e9s de sucres<br data-start=\"2092\" data-end=\"2095\" \/><strong data-start=\"2095\" data-end=\"2131\">Extrait de Pelvetia Canaliculata<\/strong> \u2013 extrait d\u2019algue nordique pour hydratation et brillance<br data-start=\"2188\" data-end=\"2191\" \/><strong data-start=\"2191\" data-end=\"2213\">\u0639\u0637\u0631 (\u0639\u0637\u0631)<\/strong><br data-start=\"2213\" data-end=\"2216\" \/><strong data-start=\"2216\" data-end=\"2241\">Sodium Chloride (sel)<\/strong> \u2013 \u00e9paississant<br data-start=\"2256\" data-end=\"2259\" \/><strong data-start=\"2259\" data-end=\"2305\">PEG\/PG-120\/10 Trimethylolpropane Trioleate<\/strong> \u2013 agent conditionneur<br data-start=\"2327\" data-end=\"2330\" \/><strong data-start=\"2330\" data-end=\"2343\" data-is-only-node=\"\">Laureth-2<\/strong> \u2013 agent de texture<br data-start=\"2362\" data-end=\"2365\" \/><strong data-start=\"2365\" data-end=\"2379\">Mel (Miel)<\/strong> \u2013 adoucissant<br data-start=\"2393\" data-end=\"2396\" \/><strong data-start=\"2396\" data-end=\"2418\">PEG-12 Dimethicone<\/strong> \u2013 silicone conditionneur<br data-start=\"2443\" data-end=\"2446\" \/><strong data-start=\"2446\" data-end=\"2467\">Polyquaternium-39<\/strong> \u2013 agent antistatique \/ d\u00e9m\u00ealant<br data-start=\"2499\" data-end=\"2502\" \/><strong data-start=\"2502\" data-end=\"2516\">Climbazole<\/strong> \u2013 actif antifongique anti-pelliculaire<br data-start=\"2555\" data-end=\"2558\" \/><strong data-start=\"2558\" data-end=\"2596\">Extrait de Vitis Vinifera (raisin)<\/strong><br data-start=\"2596\" data-end=\"2599\" \/><strong data-start=\"2599\" data-end=\"2635\">Huile de Myrtus Communis (myrte)<\/strong><br data-start=\"2635\" data-end=\"2638\" \/><strong data-start=\"2638\" data-end=\"2693\">Extrait de racine de Daucus Carota Sativa (carotte)<\/strong><br data-start=\"2693\" data-end=\"2696\" \/><strong data-start=\"2696\" data-end=\"2711\">\u062d\u0645\u0636 \u0627\u0644\u0633\u062a\u0631\u064a\u0643<\/strong> \u2013 r\u00e9gulateur de pH<br data-start=\"2730\" data-end=\"2733\" \/><strong data-start=\"2733\" data-end=\"2750\">\u062b\u0646\u0627\u0626\u064a \u0627\u0644\u0635\u0648\u062f\u064a\u0648\u0645 \u0625\u062f\u062a\u0627<\/strong> \u2013 stabilisant<br data-start=\"2764\" data-end=\"2767\" \/><strong data-start=\"2767\" data-end=\"2807\">Hexyl Cinnamal, D-Limonene, Linalool<\/strong> \u2013 compos\u00e9s parfumants<\/p>\n<p>&nbsp;<\/p>\n<h2>Points forts :<\/h2>\n<p>\u0628\u064a\u0648\u0646\u064a\u0643\u0633<\/p>\n<p><strong data-start=\"2308\" data-end=\"2327\">Double action :<\/strong> lutte \u00e0 la fois contre la chute et les pellicules.\u00a0<br data-start=\"2416\" data-end=\"2419\" \/>&#x2714; <strong data-start=\"2421\" data-end=\"2457\">Ingr\u00e9dients v\u00e9g\u00e9taux &amp; vitamines<\/strong> qui nourrissent le cuir chevelu.\u00a0<br data-start=\"2528\" data-end=\"2531\" \/>&#x2714; <strong data-start=\"2533\" data-end=\"2564\">Sans parab\u00e8nes, SLS ni SLES<\/strong> dans certaines versions (plus doux pour les cuirs chevelus sensibles).\u00a0<br data-start=\"2675\" data-end=\"2678\" \/>&#x2714; Convient \u00e0 <strong data-start=\"2691\" data-end=\"2716\">tous types de cheveux<\/strong>.<\/p>","protected":false},"excerpt":{"rendered":"<p>DESCRIPTION : Le Shampooing Anti-chute &amp; Anti-pelliculaire de Bionnex (300 ml) est un shampooing \u00e0 double action con\u00e7u pour lutter contre la chute des cheveux tout en contr\u00f4lant les pellicules et en apaisant le cuir chevelu. Il nettoie en profondeur, r\u00e9tablit l\u2019\u00e9quilibre du cuir chevelu, renforce les follicules capillaires et aide \u00e0 r\u00e9duire les d\u00e9mangeaisons [&hellip;]<\/p>\n","protected":false},"featured_media":148838,"comment_status":"open","ping_status":"closed","template":"","meta":{"_acf_changed":false},"product_brand":[1562],"product_cat":[102,138],"product_tag":[],"class_list":{"0":"post-148837","1":"product","2":"type-product","3":"status-publish","4":"has-post-thumbnail","6":"product_brand-bionnex","7":"product_cat-soin-et-bien-etre","8":"product_cat-cheveux_","10":"first","11":"instock","12":"taxable","13":"shipping-taxable","14":"purchasable","15":"product-type-simple"},"acf":[],"_links":{"self":[{"href":"https:\/\/pharmacima.com\/ar\/wp-json\/wp\/v2\/product\/148837","targetHints":{"allow":["GET"]}}],"collection":[{"href":"https:\/\/pharmacima.com\/ar\/wp-json\/wp\/v2\/product"}],"about":[{"href":"https:\/\/pharmacima.com\/ar\/wp-json\/wp\/v2\/types\/product"}],"replies":[{"embeddable":true,"href":"https:\/\/pharmacima.com\/ar\/wp-json\/wp\/v2\/comments?post=148837"}],"wp:featuredmedia":[{"embeddable":true,"href":"https:\/\/pharmacima.com\/ar\/wp-json\/wp\/v2\/media\/148838"}],"wp:attachment":[{"href":"https:\/\/pharmacima.com\/ar\/wp-json\/wp\/v2\/media?parent=148837"}],"wp:term":[{"taxonomy":"product_brand","embeddable":true,"href":"https:\/\/pharmacima.com\/ar\/wp-json\/wp\/v2\/product_brand?post=148837"},{"taxonomy":"product_cat","embeddable":true,"href":"https:\/\/pharmacima.com\/ar\/wp-json\/wp\/v2\/product_cat?post=148837"},{"taxonomy":"product_tag","embeddable":true,"href":"https:\/\/pharmacima.com\/ar\/wp-json\/wp\/v2\/product_tag?post=148837"}],"curies":[{"name":"wp","href":"https:\/\/api.w.org\/{rel}","templated":true}]}}