{"id":148853,"date":"2025-12-25T13:33:43","date_gmt":"2025-12-25T12:33:43","guid":{"rendered":"https:\/\/pharmacima.com\/?post_type=product&#038;p=148853"},"modified":"2026-04-28T16:33:39","modified_gmt":"2026-04-28T15:33:39","slug":"lialee-gel-lubrifiant-retardateur-5g-kalos","status":"publish","type":"product","link":"https:\/\/pharmacima.com\/ar\/product\/lialee-gel-lubrifiant-retardateur-5g-kalos\/","title":{"rendered":"Lialee Gel lubrifiant 5g Kalos"},"content":{"rendered":"<h1><strong>\u0648\u0635\u0641 :\u00a0<\/strong><\/h1>\n<h2>Prolongez le Plaisir Intime<\/h2>\n<h2>Savourez chaque moment avec LIALEE GEL, un lubrifiant aqueux con\u00e7u pour prolonger la dur\u00e9e du plaisir au cours de la relation conjugale (\u00e9jaculation pr\u00e9coce). Sa formule sp\u00e9ciale aide \u00e0 r\u00e9duire les frottements et les irritations, offrant ainsi une exp\u00e9rience plus confortable et plus satisfaisante pour les deux partenaires.<\/h2>\n<h2>LIALEE GEL est formul\u00e9 pour correspondre au pH vaginal, ce qui en fait un choix id\u00e9al pour les hommes soucieux de pr\u00e9server l&rsquo;\u00e9quilibre naturel de leur partenaire. Cette caract\u00e9ristique unique assure une compatibilit\u00e9 maximale, r\u00e9duisant ainsi le risque d&rsquo;irritations ou d&rsquo;effets ind\u00e9sirables.<\/h2>\n<p>Kalos.<\/p>\n<p>&nbsp;<\/p>\n<h2><strong>\u0627\u0644\u062a\u0631\u0643\u064a\u0628\u0629 :\u00a0<\/strong><\/h2>\n<h3 data-start=\"188\" data-end=\"228\"><strong data-start=\"195\" data-end=\"228\">Composition du gel Lialee 5g Kalos<\/strong><\/h3>\n<ul data-start=\"229\" data-end=\"814\">\n<li data-start=\"229\" data-end=\"278\">\n<p data-start=\"231\" data-end=\"278\"><strong data-start=\"231\" data-end=\"254\">Eau purifi\u00e9e (Aqua)<\/strong> \u2013 base aqueuse du gel<\/p>\n<\/li>\n<li data-start=\"279\" data-end=\"398\">\n<p data-start=\"281\" data-end=\"398\"><strong data-start=\"281\" data-end=\"303\">Nitroglyc\u00e9rine 5 %<\/strong> \u2013 principe actif utilis\u00e9 comme vasodilatateur pour aider \u00e0 am\u00e9liorer la dysfonction \u00e9rectile<\/p>\n<\/li>\n<li data-start=\"399\" data-end=\"475\">\n<p data-start=\"401\" data-end=\"475\"><strong data-start=\"401\" data-end=\"417\">Carbomer 940<\/strong> \u2013 agent g\u00e9lifiant pour donner la consistance au produit<\/p>\n<\/li>\n<li data-start=\"476\" data-end=\"535\">\n<p data-start=\"478\" data-end=\"535\"><strong data-start=\"478\" data-end=\"503\">\u062c\u0644\u0633\u064a\u0631\u064a\u0646<\/strong>\u2013 humectant, aide \u00e0 lubrifier<\/p>\n<\/li>\n<li data-start=\"536\" data-end=\"614\">\n<p data-start=\"538\" data-end=\"614\"><strong data-start=\"538\" data-end=\"577\">\u0627\u0644\u0628\u0631\u0648\u0628\u064a\u0644\u064a\u0646 \u063a\u0644\u064a\u0643\u0648\u0644 <\/strong>\u2013 aide \u00e0 la texture et \u00e0 la glisse<\/p>\n<\/li>\n<li data-start=\"615\" data-end=\"690\">\n<p data-start=\"617\" data-end=\"690\"><strong data-start=\"617\" data-end=\"654\">Tri\u00e9thanolamine<\/strong>\u00a0\u2013 r\u00e9gulateur de pH et stabilisant<\/p>\n<\/li>\n<li data-start=\"691\" data-end=\"727\">\n<p data-start=\"693\" data-end=\"727\"><strong data-start=\"693\" data-end=\"711\">\u0628\u0648\u0644\u064a\u0633\u0648\u0631\u0628\u0627\u062a 80<\/strong> \u2013 \u00e9mulsifiant<\/p>\n<\/li>\n<li data-start=\"728\" data-end=\"814\">\n<p data-start=\"730\" data-end=\"814\"><strong data-start=\"730\" data-end=\"750\">Parfum (Vanille)<\/strong> \u2013 pour une odeur agr\u00e9able<\/p>\n<\/li>\n<\/ul>\n<p>&nbsp;<\/p>","protected":false},"excerpt":{"rendered":"<h2>\u0627\u0644 <strong data-start=\"153\" data-end=\"194\">gel lubrifiant retardateur<\/strong><\/h2>","protected":false},"featured_media":149009,"comment_status":"open","ping_status":"closed","template":"","meta":{"_acf_changed":false},"product_brand":[1556],"product_cat":[96],"product_tag":[],"class_list":{"0":"post-148853","1":"product","2":"type-product","3":"status-publish","4":"has-post-thumbnail","6":"product_brand-kalos","7":"product_cat-hygiene-protection","9":"first","10":"instock","11":"taxable","12":"shipping-taxable","13":"purchasable","14":"product-type-simple"},"acf":[],"_links":{"self":[{"href":"https:\/\/pharmacima.com\/ar\/wp-json\/wp\/v2\/product\/148853","targetHints":{"allow":["GET"]}}],"collection":[{"href":"https:\/\/pharmacima.com\/ar\/wp-json\/wp\/v2\/product"}],"about":[{"href":"https:\/\/pharmacima.com\/ar\/wp-json\/wp\/v2\/types\/product"}],"replies":[{"embeddable":true,"href":"https:\/\/pharmacima.com\/ar\/wp-json\/wp\/v2\/comments?post=148853"}],"wp:featuredmedia":[{"embeddable":true,"href":"https:\/\/pharmacima.com\/ar\/wp-json\/wp\/v2\/media\/149009"}],"wp:attachment":[{"href":"https:\/\/pharmacima.com\/ar\/wp-json\/wp\/v2\/media?parent=148853"}],"wp:term":[{"taxonomy":"product_brand","embeddable":true,"href":"https:\/\/pharmacima.com\/ar\/wp-json\/wp\/v2\/product_brand?post=148853"},{"taxonomy":"product_cat","embeddable":true,"href":"https:\/\/pharmacima.com\/ar\/wp-json\/wp\/v2\/product_cat?post=148853"},{"taxonomy":"product_tag","embeddable":true,"href":"https:\/\/pharmacima.com\/ar\/wp-json\/wp\/v2\/product_tag?post=148853"}],"curies":[{"name":"wp","href":"https:\/\/api.w.org\/{rel}","templated":true}]}}