{"id":148870,"date":"2025-12-27T12:31:54","date_gmt":"2025-12-27T11:31:54","guid":{"rendered":"https:\/\/pharmacima.com\/?post_type=product&#038;p=148870"},"modified":"2026-04-09T21:36:01","modified_gmt":"2026-04-09T20:36:01","slug":"classic-gel-lubrifiant-blue-70ml-intimy","status":"publish","type":"product","link":"https:\/\/pharmacima.com\/ar\/product\/classic-gel-lubrifiant-blue-70ml-intimy\/","title":{"rendered":"Classic Gel Lubrifiant 70ml intimy"},"content":{"rendered":"<h1><strong>\u0648\u0635\u0641 :<\/strong><\/h1>\n<h2>Le Classic Gel Lubrifiant BLUE d\u2019Intimy est un gel lubrifiant \u00e0 base d\u2019eau, con\u00e7u pour am\u00e9liorer le confort intime et r\u00e9duire les sensations de s\u00e9cheresse. Sa texture fluide et non grasse assure une application facile et une sensation douce et naturelle.<\/h2>\n<p>&nbsp;<\/p>\n<h2><strong>\u0627\u0644\u062a\u0631\u0643\u064a\u0628\u0629 :<\/strong><\/h2>\n<p>Gel lubrifiant intimy<\/p>\n<ul data-start=\"242\" data-end=\"374\">\n<li data-start=\"242\" data-end=\"256\">\n<p data-start=\"244\" data-end=\"256\">Aqua (Eau)<\/p>\n<\/li>\n<li data-start=\"257\" data-end=\"269\">\n<p data-start=\"259\" data-end=\"269\">\u062c\u0644\u0633\u064a\u0631\u064a\u0646<\/p>\n<\/li>\n<li data-start=\"270\" data-end=\"290\">\n<p data-start=\"272\" data-end=\"290\">\u0627\u0644\u0628\u0631\u0648\u0628\u064a\u0644\u064a\u0646 \u063a\u0644\u064a\u0643\u0648\u0644<\/p>\n<\/li>\n<li data-start=\"291\" data-end=\"316\">\n<p data-start=\"293\" data-end=\"316\">Hydroxyethylcellulose<\/p>\n<\/li>\n<li data-start=\"317\" data-end=\"336\">\n<p data-start=\"319\" data-end=\"336\">Sodium Benzoate<\/p>\n<\/li>\n<li data-start=\"337\" data-end=\"358\">\n<p data-start=\"339\" data-end=\"358\">Potassium Sorbate<\/p>\n<\/li>\n<li data-start=\"359\" data-end=\"374\">\n<p data-start=\"361\" data-end=\"374\">\u062d\u0645\u0636 \u0627\u0644\u0644\u0627\u0643\u062a\u064a\u0643<\/p>\n<\/li>\n<\/ul>\n<p data-start=\"376\" data-end=\"496\">Gel \u00e0 base d\u2019eau, sans corps gras, con\u00e7u pour respecter les muqueuses et \u00eatre compatible avec les pr\u00e9servatifs en latex.<\/p>\n<h2>PRECAUTIONS :<\/h2>\n<ul data-start=\"2917\" data-end=\"3192\">\n<li data-start=\"2917\" data-end=\"2990\">\n<p data-start=\"2919\" data-end=\"2990\">\u064a\u0633\u062a\u062e\u062f\u0645 <strong data-start=\"2925\" data-end=\"2947\">externe uniquement<\/strong>.<\/p>\n<\/li>\n<li data-start=\"2991\" data-end=\"3071\">\n<p data-start=\"2993\" data-end=\"3071\"><strong data-start=\"2993\" data-end=\"3028\">\u062a\u062c\u0646\u0628 \u0645\u0644\u0627\u0645\u0633\u0629 \u0627\u0644\u0639\u064a\u0646\u064a\u0646<\/strong>.<\/p>\n<\/li>\n<li data-start=\"3072\" data-end=\"3192\">\n<p data-start=\"3074\" data-end=\"3192\"><strong data-start=\"3074\" data-end=\"3098\">Conserver bien ferm\u00e9<\/strong> dans un endroit frais et sec, \u00e0 l\u2019abri de la lumi\u00e8re.<\/p>\n<\/li>\n<\/ul>\n<p>&nbsp;<\/p>","protected":false},"excerpt":{"rendered":"<p>DESCRIPTION : Le Classic Gel Lubrifiant BLUE d\u2019Intimy est un gel lubrifiant \u00e0 base d\u2019eau, con\u00e7u pour am\u00e9liorer le confort intime et r\u00e9duire les sensations de s\u00e9cheresse. Sa texture fluide et non grasse assure une application facile et une sensation douce et naturelle. &nbsp; COMPOSITION : Gel lubrifiant intimy Aqua (Eau) Glycerin Propylene Glycol Hydroxyethylcellulose [&hellip;]<\/p>\n","protected":false},"featured_media":149209,"comment_status":"open","ping_status":"closed","template":"","meta":{"_acf_changed":false},"product_brand":[1555],"product_cat":[96],"product_tag":[],"class_list":{"0":"post-148870","1":"product","2":"type-product","3":"status-publish","4":"has-post-thumbnail","6":"product_brand-intimy","7":"product_cat-hygiene-protection","9":"first","10":"outofstock","11":"taxable","12":"shipping-taxable","13":"purchasable","14":"product-type-simple"},"acf":[],"_links":{"self":[{"href":"https:\/\/pharmacima.com\/ar\/wp-json\/wp\/v2\/product\/148870","targetHints":{"allow":["GET"]}}],"collection":[{"href":"https:\/\/pharmacima.com\/ar\/wp-json\/wp\/v2\/product"}],"about":[{"href":"https:\/\/pharmacima.com\/ar\/wp-json\/wp\/v2\/types\/product"}],"replies":[{"embeddable":true,"href":"https:\/\/pharmacima.com\/ar\/wp-json\/wp\/v2\/comments?post=148870"}],"wp:featuredmedia":[{"embeddable":true,"href":"https:\/\/pharmacima.com\/ar\/wp-json\/wp\/v2\/media\/149209"}],"wp:attachment":[{"href":"https:\/\/pharmacima.com\/ar\/wp-json\/wp\/v2\/media?parent=148870"}],"wp:term":[{"taxonomy":"product_brand","embeddable":true,"href":"https:\/\/pharmacima.com\/ar\/wp-json\/wp\/v2\/product_brand?post=148870"},{"taxonomy":"product_cat","embeddable":true,"href":"https:\/\/pharmacima.com\/ar\/wp-json\/wp\/v2\/product_cat?post=148870"},{"taxonomy":"product_tag","embeddable":true,"href":"https:\/\/pharmacima.com\/ar\/wp-json\/wp\/v2\/product_tag?post=148870"}],"curies":[{"name":"wp","href":"https:\/\/api.w.org\/{rel}","templated":true}]}}