{"id":148873,"date":"2025-12-27T12:53:42","date_gmt":"2025-12-27T11:53:42","guid":{"rendered":"https:\/\/pharmacima.com\/?post_type=product&#038;p=148873"},"modified":"2026-03-15T15:02:23","modified_gmt":"2026-03-15T14:02:23","slug":"creme-reparatrice-50ml-lcapharma","status":"publish","type":"product","link":"https:\/\/pharmacima.com\/ar\/product\/creme-reparatrice-50ml-lcapharma\/","title":{"rendered":"Creme reparatrice 50ml LCApharma+"},"content":{"rendered":"<h1><strong>\u0648\u0635\u0641 :<\/strong><\/h1>\n<h2>\u0647\u0646\u0627\u0643 <strong data-start=\"235\" data-end=\"273\">Cr\u00e8me r\u00e9paratrice 50 ml LCApharma+<\/strong><\/h2>\n<div class=\"markdown prose dark:prose-invert w-full break-words light markdown-new-styling\">\n<h2 data-start=\"35\" data-end=\"442\"><strong data-start=\"35\" data-end=\"141\">La cr\u00e8me r\u00e9paratrice est con\u00e7ue pour apaiser les rougeurs et les irritations superficielles de la peau<\/strong>, telles que les coups de soleil et l\u2019\u00e9l\u00e9vation de la temp\u00e9rature cutan\u00e9e li\u00e9e aux frottements.<br data-start=\"236\" data-end=\"239\" data-is-only-node=\"\" \/>Elle stimule la <strong data-start=\"255\" data-end=\"296\">reconstruction de la barri\u00e8re cutan\u00e9e<\/strong> en favorisant le <strong data-start=\"314\" data-end=\"343\">renouvellement cellulaire<\/strong>, gr\u00e2ce \u00e0 son effet filmog\u00e8ne qui permet de maintenir la peau <strong data-start=\"405\" data-end=\"441\">durablement hydrat\u00e9e et prot\u00e9g\u00e9e<\/strong>.<\/h2>\n<\/div>\n<p>&nbsp;<\/p>\n<h2><strong>\u0627\u0644\u062a\u0631\u0643\u064a\u0628\u0629 :<\/strong><\/h2>\n<p>Aqua (Water), Paraffinum Liquidum (Mineral Oil), Glyceryl Stearate, Butyrospermum Parkii (Shea) Butter, Stearic Acid, Propylene Glycol, Paraffin, Squalane, Persea Gratissima (Avocado) Oil, Panthenol, Ascorbyl Palmitate, Dipalmitoyl Hydroxyproline, Ammonium Acryloyldimethyltaurate\/VP Copolymer, Phenoxyethanol, Triethanolamine, Cetyl Palmitate, Chlorphenesin, Disodiu<\/p>\n<p>&nbsp;<\/p>\n<h2><strong>CONSEILLE D&rsquo;UTILISATION :<\/strong><\/h2>\n<p data-start=\"2151\" data-end=\"2178\">\u0644 <strong data-start=\"2159\" data-end=\"2176\">effet optimal<\/strong> :<\/p>\n<ol data-start=\"2180\" data-end=\"2511\">\n<li data-start=\"2180\" data-end=\"2226\">\n<p data-start=\"2183\" data-end=\"2226\"><strong data-start=\"2183\" data-end=\"2205\">Nettoyer et s\u00e9cher<\/strong> la zone \u00e0 traiter.<\/p>\n<\/li>\n<li data-start=\"2227\" data-end=\"2315\">\n<p data-start=\"2230\" data-end=\"2315\"><strong data-start=\"2230\" data-end=\"2283\">Appliquer une couche g\u00e9n\u00e9reuse (\u00e9paisse) de cr\u00e8me<\/strong> sur la zone irrit\u00e9e ou s\u00e8che.<\/p>\n<\/li>\n<li data-start=\"2316\" data-end=\"2384\">\n<p data-start=\"2319\" data-end=\"2384\"><strong data-start=\"2319\" data-end=\"2369\">Masser l\u00e9g\u00e8rement jusqu\u2019\u00e0 p\u00e9n\u00e9tration compl\u00e8te<\/strong> de la cr\u00e8me.<\/p>\n<\/li>\n<li data-start=\"2385\" data-end=\"2511\">\n<p data-start=\"2388\" data-end=\"2511\"><strong data-start=\"2388\" data-end=\"2436\">Renouveler l\u2019application 1 \u00e0 2 fois par jour<\/strong>, matin et\/ou soir, selon les besoins.<\/p>\n<\/li>\n<\/ol>\n<p>&nbsp;<\/p>","protected":false},"excerpt":{"rendered":"<p>DESCRIPTION : La Cr\u00e8me r\u00e9paratrice 50 ml LCApharma+ La cr\u00e8me r\u00e9paratrice est con\u00e7ue pour apaiser les rougeurs et les irritations superficielles de la peau, telles que les coups de soleil et l\u2019\u00e9l\u00e9vation de la temp\u00e9rature cutan\u00e9e li\u00e9e aux frottements.Elle stimule la reconstruction de la barri\u00e8re cutan\u00e9e en favorisant le renouvellement cellulaire, gr\u00e2ce \u00e0 son effet [&hellip;]<\/p>\n","protected":false},"featured_media":148874,"comment_status":"open","ping_status":"closed","template":"","meta":{"_acf_changed":false},"product_brand":[1559],"product_cat":[102,139,137],"product_tag":[],"class_list":{"0":"post-148873","1":"product","2":"type-product","3":"status-publish","4":"has-post-thumbnail","6":"product_brand-lca-pharma","7":"product_cat-soin-et-bien-etre","8":"product_cat-corps_","9":"product_cat-visage","11":"first","12":"instock","13":"taxable","14":"shipping-taxable","15":"purchasable","16":"product-type-simple"},"acf":[],"_links":{"self":[{"href":"https:\/\/pharmacima.com\/ar\/wp-json\/wp\/v2\/product\/148873","targetHints":{"allow":["GET"]}}],"collection":[{"href":"https:\/\/pharmacima.com\/ar\/wp-json\/wp\/v2\/product"}],"about":[{"href":"https:\/\/pharmacima.com\/ar\/wp-json\/wp\/v2\/types\/product"}],"replies":[{"embeddable":true,"href":"https:\/\/pharmacima.com\/ar\/wp-json\/wp\/v2\/comments?post=148873"}],"wp:featuredmedia":[{"embeddable":true,"href":"https:\/\/pharmacima.com\/ar\/wp-json\/wp\/v2\/media\/148874"}],"wp:attachment":[{"href":"https:\/\/pharmacima.com\/ar\/wp-json\/wp\/v2\/media?parent=148873"}],"wp:term":[{"taxonomy":"product_brand","embeddable":true,"href":"https:\/\/pharmacima.com\/ar\/wp-json\/wp\/v2\/product_brand?post=148873"},{"taxonomy":"product_cat","embeddable":true,"href":"https:\/\/pharmacima.com\/ar\/wp-json\/wp\/v2\/product_cat?post=148873"},{"taxonomy":"product_tag","embeddable":true,"href":"https:\/\/pharmacima.com\/ar\/wp-json\/wp\/v2\/product_tag?post=148873"}],"curies":[{"name":"wp","href":"https:\/\/api.w.org\/{rel}","templated":true}]}}