{"id":148876,"date":"2025-12-27T13:22:16","date_gmt":"2025-12-27T12:22:16","guid":{"rendered":"https:\/\/pharmacima.com\/?post_type=product&#038;p=148876"},"modified":"2026-02-03T17:47:06","modified_gmt":"2026-02-03T16:47:06","slug":"gel-lavant-surgras-200ml-lcapharma","status":"publish","type":"product","link":"https:\/\/pharmacima.com\/ar\/product\/gel-lavant-surgras-200ml-lcapharma\/","title":{"rendered":"Gel lavant surgras 200ml LCApharma+"},"content":{"rendered":"<h1><strong>DESCRIPTION :<\/strong><\/h1>\n<h2><strong>Le Gel lavant surgras 200 ml \u2013 LCApharma+ est un soin nettoyant quotidien destin\u00e9 aux peaux sensibles, s\u00e8ches \u00e0 tr\u00e8s s\u00e8ches, ainsi qu\u2019\u00e0 celles qui ont besoin d\u2019un nettoyage doux. Sa formule respectueuse du film hydrolipidique aide \u00e0 nettoyer sans dess\u00e9cher la peau, tout en pr\u00e9servant son niveau d\u2019hydratation naturel et en am\u00e9liorant le confort cutan\u00e9. Il peut \u00eatre utilis\u00e9 sur le visage et le corps, pour les adultes et les enfants.<\/strong><\/h2>\n<p>&nbsp;<\/p>\n<h1><strong>COMPOSITION :<\/strong><\/h1>\n<p>Aqua (Water), Sodium Laureth Sulfate, Helianthus Annuus (Sunflower) Seed Oil, Glycerin, Sodium Lauroyl Glutamate, Acrylates\/C10-30 Alkyl Acrylate Crosspolymer,<br data-start=\"1273\" data-end=\"1276\" \/>Macadamia Ternifolia (Macadamia) Seed Oil, Tocopheryl Acetate, Sodium Lauroyl Sarcosinate, Glutamic Acid, Propylene Glycol, Phenoxyethanol,<br data-start=\"1415\" data-end=\"1418\" \/>Sodium Benzoate, Sodium Chloride, Triethanolamine, Citric Acid, Lauric Acid.<\/p>\n<p>&nbsp;<\/p>\n<h1><strong>CONSEILLE D&rsquo;UTILISATION :\u00a0<\/strong><\/h1>\n<p data-start=\"2061\" data-end=\"2138\">Pour un nettoyage doux et confortable : <span class=\"\" data-state=\"closed\"><span class=\"ms-1 inline-flex max-w-full items-center relative top-[-0.094rem] animate-[show_150ms_ease-in]\" data-testid=\"webpage-citation-pill\"><span class=\"relative start-0 bottom-0 flex h-full w-full items-center\"><span class=\"flex h-4 w-full items-center justify-between overflow-hidden\"><span class=\"max-w-[15ch] grow truncate overflow-hidden text-center\">LCAPharma+<\/span><\/span><\/span><\/span><\/span><\/p>\n<ol data-start=\"2140\" data-end=\"2453\">\n<li data-start=\"2140\" data-end=\"2206\">\n<p data-start=\"2143\" data-end=\"2206\"><strong data-start=\"2143\" data-end=\"2165\">Humidifier la peau<\/strong> (visage et corps) avec de l\u2019eau ti\u00e8de.<\/p>\n<\/li>\n<li data-start=\"2207\" data-end=\"2272\">\n<p data-start=\"2210\" data-end=\"2272\"><strong data-start=\"2210\" data-end=\"2250\">Appliquer une petite quantit\u00e9 de gel<\/strong> sur la peau humide.<\/p>\n<\/li>\n<li data-start=\"2273\" data-end=\"2344\">\n<p data-start=\"2276\" data-end=\"2344\"><strong data-start=\"2276\" data-end=\"2306\">Faire mousser d\u00e9licatement<\/strong> avec les mains ou une \u00e9ponge douce.<\/p>\n<\/li>\n<li data-start=\"2345\" data-end=\"2388\">\n<p data-start=\"2348\" data-end=\"2388\"><strong data-start=\"2348\" data-end=\"2385\">Rincer abondamment \u00e0 l\u2019eau claire<\/strong>.<\/p>\n<\/li>\n<li data-start=\"2389\" data-end=\"2453\">\n<p data-start=\"2392\" data-end=\"2453\"><strong data-start=\"2392\" data-end=\"2426\">S\u00e9cher en tamponnant doucement<\/strong> avec une serviette propre.<\/p>\n<\/li>\n<\/ol>\n","protected":false},"excerpt":{"rendered":"<p>DESCRIPTION : Le Gel lavant surgras 200 ml \u2013 LCApharma+ est un soin nettoyant quotidien destin\u00e9 aux peaux sensibles, s\u00e8ches \u00e0 tr\u00e8s s\u00e8ches, ainsi qu\u2019\u00e0 celles qui ont besoin d\u2019un nettoyage doux. Sa formule respectueuse du film hydrolipidique aide \u00e0 nettoyer sans dess\u00e9cher la peau, tout en pr\u00e9servant son niveau d\u2019hydratation naturel et en am\u00e9liorant [&hellip;]<\/p>\n","protected":false},"featured_media":149626,"comment_status":"open","ping_status":"closed","template":"","meta":{"_acf_changed":false},"product_brand":[1559],"product_cat":[102,139,137],"product_tag":[],"class_list":{"0":"post-148876","1":"product","2":"type-product","3":"status-publish","4":"has-post-thumbnail","6":"product_brand-lca-pharma","7":"product_cat-soin-et-bien-etre","8":"product_cat-corps_","9":"product_cat-visage","11":"first","12":"instock","13":"taxable","14":"shipping-taxable","15":"purchasable","16":"product-type-simple"},"acf":[],"_links":{"self":[{"href":"https:\/\/pharmacima.com\/ar\/wp-json\/wp\/v2\/product\/148876","targetHints":{"allow":["GET"]}}],"collection":[{"href":"https:\/\/pharmacima.com\/ar\/wp-json\/wp\/v2\/product"}],"about":[{"href":"https:\/\/pharmacima.com\/ar\/wp-json\/wp\/v2\/types\/product"}],"replies":[{"embeddable":true,"href":"https:\/\/pharmacima.com\/ar\/wp-json\/wp\/v2\/comments?post=148876"}],"wp:featuredmedia":[{"embeddable":true,"href":"https:\/\/pharmacima.com\/ar\/wp-json\/wp\/v2\/media\/149626"}],"wp:attachment":[{"href":"https:\/\/pharmacima.com\/ar\/wp-json\/wp\/v2\/media?parent=148876"}],"wp:term":[{"taxonomy":"product_brand","embeddable":true,"href":"https:\/\/pharmacima.com\/ar\/wp-json\/wp\/v2\/product_brand?post=148876"},{"taxonomy":"product_cat","embeddable":true,"href":"https:\/\/pharmacima.com\/ar\/wp-json\/wp\/v2\/product_cat?post=148876"},{"taxonomy":"product_tag","embeddable":true,"href":"https:\/\/pharmacima.com\/ar\/wp-json\/wp\/v2\/product_tag?post=148876"}],"curies":[{"name":"wp","href":"https:\/\/api.w.org\/{rel}","templated":true}]}}