{"id":148878,"date":"2025-12-27T13:40:10","date_gmt":"2025-12-27T12:40:10","guid":{"rendered":"https:\/\/pharmacima.com\/?post_type=product&#038;p=148878"},"modified":"2026-03-15T15:02:03","modified_gmt":"2026-03-15T14:02:03","slug":"creme-depigmentante-40ml-lcapharma","status":"publish","type":"product","link":"https:\/\/pharmacima.com\/ar\/product\/creme-depigmentante-40ml-lcapharma\/","title":{"rendered":"Creme depigmentante 40ml LCApharma+"},"content":{"rendered":"<h1><strong>DESCRIPTION :<\/strong><\/h1>\n<h2><strong>La Cr\u00e8me d\u00e9pigmentante 40 ml \u2013 LCApharma+ est un soin dermatologique destin\u00e9 \u00e0 corriger et att\u00e9nuer les taches pigmentaires brunes et les irr\u00e9gularit\u00e9s de la pigmentation cutan\u00e9e du visage. Elle agit en ciblant les processus responsables de la formation de m\u00e9lanine, ce qui permet d\u2019\u00e9claircir le teint et d\u2019unifier visiblement la peau pour un r\u00e9sultat plus homog\u00e8ne. Son action est adapt\u00e9e \u00e0 un usage quotidien matin et soir, sur les zones concern\u00e9es.<\/strong><\/h2>\n<p>&nbsp;<\/p>\n<h2><strong>COMPOSITION :<\/strong><\/h2>\n<p data-start=\"709\" data-end=\"831\">Voici la <strong data-start=\"718\" data-end=\"752\">liste compl\u00e8te des ingr\u00e9dients<\/strong> de la cr\u00e8me d\u00e9pigmentante (forme INCI) : <span class=\"\" data-state=\"closed\"><span class=\"ms-1 inline-flex max-w-full items-center relative top-[-0.094rem] animate-[show_150ms_ease-in]\" data-testid=\"webpage-citation-pill\"><span class=\"relative start-0 bottom-0 flex h-full w-full items-center\"><span class=\"flex h-4 w-full items-center justify-between overflow-hidden\"><span class=\"max-w-[15ch] grow truncate overflow-hidden text-center\">LCAPharma+<\/span><\/span><\/span><\/span><\/span><\/p>\n<ul data-start=\"833\" data-end=\"1830\">\n<li data-start=\"833\" data-end=\"853\">\n<p data-start=\"835\" data-end=\"853\"><strong data-start=\"835\" data-end=\"851\">Aqua (Water) \/ <\/strong><strong data-start=\"856\" data-end=\"880\">C12-13 Alkyl Lactate \/ <\/strong><strong data-start=\"885\" data-end=\"920\">Vitis Vinifera (Grape) Seed Oil<\/strong> \u2013 huile de p\u00e9pins de raisin (\u00e9molliente) \/ <strong data-start=\"966\" data-end=\"985\">Butylene Glycol \/ <\/strong><strong data-start=\"990\" data-end=\"1002\">Glycerin<\/strong> \u2013 hydratant \/ <strong data-start=\"1019\" data-end=\"1040\">Glyceryl Stearate \/ <\/strong><strong data-start=\"1045\" data-end=\"1065\">PEG-100 Stearate \/ <\/strong><strong data-start=\"1070\" data-end=\"1084\">Kojic Acid<\/strong> \u2013 acide kojique (agent d\u00e9pigmentant) \/ <strong data-start=\"1126\" data-end=\"1145\">Stearyl Alcohol \/ <\/strong><strong data-start=\"1150\" data-end=\"1187\">Paraffinum Liquidum (Mineral Oil) \/ <\/strong><strong data-start=\"1192\" data-end=\"1214\">Cyclopentasiloxane \/ <\/strong><strong data-start=\"1219\" data-end=\"1239\">Cetearyl Alcohol \/ <\/strong><strong data-start=\"1244\" data-end=\"1259\">Dimethicone \/ <\/strong><strong data-start=\"1264\" data-end=\"1300\">Ascorbyl Methylsilanol Pectinate<\/strong> \u2013 d\u00e9riv\u00e9 de vitamine C \/ <strong data-start=\"1328\" data-end=\"1343\">Lactic Acid<\/strong> \u2013 acide lactique \/ <strong data-start=\"1365\" data-end=\"1382\">Isohexadecane \/ <\/strong><strong data-start=\"1387\" data-end=\"1405\">Coco-Glucoside \/ <\/strong><strong data-start=\"1410\" data-end=\"1431\">Cyclohexasiloxane \/ <\/strong><strong data-start=\"1436\" data-end=\"1454\">Phenoxyethanol \/ <\/strong><strong data-start=\"1459\" data-end=\"1488\">Potassium Cetyl Phosphate \/ <\/strong><strong data-start=\"1493\" data-end=\"1554\">Sodium Acrylate\/Sodium Acryloyldimethyl Taurate Copolymer \/ <\/strong><strong data-start=\"1559\" data-end=\"1607\">Cera Microcristallina (Microcrystalline Wax) \/ <\/strong><strong data-start=\"1612\" data-end=\"1624\">Paraffin \/ <\/strong><strong data-start=\"1629\" data-end=\"1647\">Polysorbate 80 \/ <\/strong><strong data-start=\"1652\" data-end=\"1669\">Disodium EDTA \/ <\/strong><strong data-start=\"1674\" data-end=\"1690\">O-Cymen-5-ol \/ <\/strong><strong data-start=\"1695\" data-end=\"1716\">Methylpropanediol \/ <\/strong><strong data-start=\"1721\" data-end=\"1739\">Sodium Sulfite \/ <\/strong><strong data-start=\"1744\" data-end=\"1768\">Sodium Metabisulfite \/ <\/strong><strong data-start=\"1773\" data-end=\"1792\">Sodium Benzoate.<\/strong><\/p>\n<\/li>\n<\/ul>\n<p>&nbsp;<\/p>\n<h2><strong>CONSEILLE D&rsquo;UTILISATION :\u00a0<\/strong><\/h2>\n<ul>\n<li data-start=\"2632\" data-end=\"2699\">\n<p data-start=\"2635\" data-end=\"2699\"><strong data-start=\"2635\" data-end=\"2657\">Nettoyer et s\u00e9cher<\/strong> d\u00e9licatement la peau avant application.<\/p>\n<\/li>\n<li data-start=\"2700\" data-end=\"2821\">\n<p data-start=\"2703\" data-end=\"2821\"><strong data-start=\"2703\" data-end=\"2732\">Appliquer une fine couche<\/strong> de cr\u00e8me uniquement sur les zones pr\u00e9sentant des taches ou irr\u00e9gularit\u00e9s pigmentaires.<\/p>\n<\/li>\n<li data-start=\"2822\" data-end=\"2877\">\n<p data-start=\"2825\" data-end=\"2877\"><strong data-start=\"2825\" data-end=\"2846\">Masser l\u00e9g\u00e8rement<\/strong> jusqu\u2019\u00e0 absorption compl\u00e8te.<\/p>\n<\/li>\n<li data-start=\"2878\" data-end=\"2937\">\n<p data-start=\"2881\" data-end=\"2937\">R\u00e9p\u00e9tez <strong data-start=\"2889\" data-end=\"2906\">matin et soir<\/strong> pour de meilleurs r\u00e9sultats.<\/p>\n<\/li>\n<li data-start=\"2938\" data-end=\"3107\">\n<p data-start=\"2941\" data-end=\"3107\">Pour une efficacit\u00e9 renforc\u00e9e, vous pouvez utiliser cette cr\u00e8me avec un <strong data-start=\"3013\" data-end=\"3051\">masque d\u00e9pigmentant compl\u00e9mentaire<\/strong> de la m\u00eame gamme.<\/p>\n<\/li>\n<\/ul>\n","protected":false},"excerpt":{"rendered":"<p>DESCRIPTION : La Cr\u00e8me d\u00e9pigmentante 40 ml \u2013 LCApharma+ est un soin dermatologique destin\u00e9 \u00e0 corriger et att\u00e9nuer les taches pigmentaires brunes et les irr\u00e9gularit\u00e9s de la pigmentation cutan\u00e9e du visage. Elle agit en ciblant les processus responsables de la formation de m\u00e9lanine, ce qui permet d\u2019\u00e9claircir le teint et d\u2019unifier visiblement la peau pour [&hellip;]<\/p>\n","protected":false},"featured_media":148879,"comment_status":"open","ping_status":"closed","template":"","meta":{"_acf_changed":false},"product_brand":[1559],"product_cat":[102,137],"product_tag":[],"class_list":{"0":"post-148878","1":"product","2":"type-product","3":"status-publish","4":"has-post-thumbnail","6":"product_brand-lca-pharma","7":"product_cat-soin-et-bien-etre","8":"product_cat-visage","10":"first","11":"instock","12":"taxable","13":"shipping-taxable","14":"purchasable","15":"product-type-simple"},"acf":[],"_links":{"self":[{"href":"https:\/\/pharmacima.com\/ar\/wp-json\/wp\/v2\/product\/148878","targetHints":{"allow":["GET"]}}],"collection":[{"href":"https:\/\/pharmacima.com\/ar\/wp-json\/wp\/v2\/product"}],"about":[{"href":"https:\/\/pharmacima.com\/ar\/wp-json\/wp\/v2\/types\/product"}],"replies":[{"embeddable":true,"href":"https:\/\/pharmacima.com\/ar\/wp-json\/wp\/v2\/comments?post=148878"}],"wp:featuredmedia":[{"embeddable":true,"href":"https:\/\/pharmacima.com\/ar\/wp-json\/wp\/v2\/media\/148879"}],"wp:attachment":[{"href":"https:\/\/pharmacima.com\/ar\/wp-json\/wp\/v2\/media?parent=148878"}],"wp:term":[{"taxonomy":"product_brand","embeddable":true,"href":"https:\/\/pharmacima.com\/ar\/wp-json\/wp\/v2\/product_brand?post=148878"},{"taxonomy":"product_cat","embeddable":true,"href":"https:\/\/pharmacima.com\/ar\/wp-json\/wp\/v2\/product_cat?post=148878"},{"taxonomy":"product_tag","embeddable":true,"href":"https:\/\/pharmacima.com\/ar\/wp-json\/wp\/v2\/product_tag?post=148878"}],"curies":[{"name":"wp","href":"https:\/\/api.w.org\/{rel}","templated":true}]}}