{"id":148880,"date":"2025-12-27T14:08:01","date_gmt":"2025-12-27T13:08:01","guid":{"rendered":"https:\/\/pharmacima.com\/?post_type=product&#038;p=148880"},"modified":"2026-03-11T17:17:43","modified_gmt":"2026-03-11T16:17:43","slug":"aknorm-gel-moussant-purifiant-150ml-lcapharma","status":"publish","type":"product","link":"https:\/\/pharmacima.com\/ar\/product\/aknorm-gel-moussant-purifiant-150ml-lcapharma\/","title":{"rendered":"Aknorm Gel moussant purifiant 150ml LCApharma+"},"content":{"rendered":"<h1><strong>DESCRIPTION :<\/strong><\/h1>\n<h2><strong>Le Gel moussant purifiant AKNORM 150 ml \u2013 LCApharma+ est un nettoyant doux et purifiant con\u00e7u sp\u00e9cialement pour les peaux mixtes \u00e0 grasses ou \u00e0 tendance acn\u00e9ique. Gr\u00e2ce \u00e0 sa base lavante sans savon, il \u00e9limine efficacement les impuret\u00e9s, l\u2019exc\u00e8s de s\u00e9bum et les traces de maquillage sans dess\u00e9cher la peau. Sa mousse onctueuse laisse le visage net, frais et purifi\u00e9, tout en respectant l\u2019\u00e9quilibre naturel de l\u2019\u00e9piderme.<\/strong><\/h2>\n<p>&nbsp;<\/p>\n<h2><strong>COMPOSITION :<\/strong><\/h2>\n<ul>\n<li data-start=\"1007\" data-end=\"1027\">\n<p data-start=\"1009\" data-end=\"1027\"><strong data-start=\"1009\" data-end=\"1025\">Aqua (Water)<\/strong><\/p>\n<\/li>\n<li data-start=\"1028\" data-end=\"1082\">\n<p data-start=\"1030\" data-end=\"1082\"><strong data-start=\"1030\" data-end=\"1056\">Sodium Laureth Sulfate<\/strong> \u2013 agent lavant moussant<\/p>\n<\/li>\n<li data-start=\"1083\" data-end=\"1119\">\n<p data-start=\"1085\" data-end=\"1119\"><strong data-start=\"1085\" data-end=\"1097\">Glycerin<\/strong> \u2013 hydratant naturel<\/p>\n<\/li>\n<li data-start=\"1120\" data-end=\"1171\">\n<p data-start=\"1122\" data-end=\"1171\"><strong data-start=\"1122\" data-end=\"1149\">Sodium Cocoamphoacetate<\/strong> \u2013 agent lavant doux<\/p>\n<\/li>\n<li data-start=\"1172\" data-end=\"1241\">\n<p data-start=\"1174\" data-end=\"1241\"><strong data-start=\"1174\" data-end=\"1210\">Glycolic Acid (Acide glycolique)<\/strong> \u2013 exfoliant doux &amp; purifiant<\/p>\n<\/li>\n<li data-start=\"1242\" data-end=\"1280\">\n<p data-start=\"1244\" data-end=\"1280\"><strong data-start=\"1244\" data-end=\"1263\">Sodium Chloride<\/strong> \u2013 \u00e9paississant<\/p>\n<\/li>\n<li data-start=\"1281\" data-end=\"1324\">\n<p data-start=\"1283\" data-end=\"1324\"><strong data-start=\"1283\" data-end=\"1303\">Sodium Hydroxide<\/strong> \u2013 r\u00e9gulateur de pH<\/p>\n<\/li>\n<li data-start=\"1325\" data-end=\"1370\">\n<p data-start=\"1327\" data-end=\"1370\"><strong data-start=\"1327\" data-end=\"1354\">Tocopherol (Vitamine E)<\/strong> \u2013 antioxydant<\/p>\n<\/li>\n<li data-start=\"1371\" data-end=\"1419\">\n<p data-start=\"1373\" data-end=\"1419\"><strong data-start=\"1373\" data-end=\"1392\">Caprylyl Glycol<\/strong> \u2013 \u00e9mollient et hydratant<\/p>\n<\/li>\n<li data-start=\"1420\" data-end=\"1469\">\n<p data-start=\"1422\" data-end=\"1469\"><strong data-start=\"1422\" data-end=\"1444\">Ethylhexylglycerin<\/strong> \u2013 conditionneur cutan\u00e9<\/p>\n<\/li>\n<li data-start=\"1470\" data-end=\"1508\">\n<p data-start=\"1472\" data-end=\"1508\"><strong data-start=\"1472\" data-end=\"1491\">Sodium Benzoate<\/strong> \u2013 conservateur<\/p>\n<\/li>\n<li data-start=\"1509\" data-end=\"1547\">\n<p data-start=\"1511\" data-end=\"1547\"><strong data-start=\"1511\" data-end=\"1526\">Citric Acid<\/strong> \u2013 r\u00e9gulateur de pH<\/p>\n<\/li>\n<li data-start=\"1548\" data-end=\"1583\">\n<p data-start=\"1550\" data-end=\"1583\"><strong data-start=\"1550\" data-end=\"1567\">Disodium EDTA<\/strong> \u2013 stabilisant<\/p>\n<\/li>\n<li data-start=\"1584\" data-end=\"1626\">\n<p data-start=\"1586\" data-end=\"1626\"><strong data-start=\"1586\" data-end=\"1607\">Chloroacetic Acid<\/strong> \u2013 ajusteur de pH<\/p>\n<\/li>\n<li data-start=\"1627\" data-end=\"1726\">\n<p data-start=\"1629\" data-end=\"1726\"><strong data-start=\"1629\" data-end=\"1651\">Parfum (Fragrance)<\/strong> \u2013 parfum agr\u00e9able pour l\u2019utilisation.<\/p>\n<\/li>\n<\/ul>\n<p>&nbsp;<\/p>\n<h2><strong>CONSEILLE D&rsquo;UTILISATION :<\/strong><\/h2>\n<p data-start=\"2229\" data-end=\"2310\">Pour un nettoyage efficace et confortable :<span class=\"\" data-state=\"closed\"><span class=\"ms-1 inline-flex max-w-full items-center relative top-[-0.094rem] animate-[show_150ms_ease-in]\" data-testid=\"webpage-citation-pill\"><span class=\"relative start-0 bottom-0 flex h-full w-full items-center\"><span class=\"flex h-4 w-full items-center justify-between overflow-hidden\"><span class=\"max-w-[15ch] grow truncate overflow-hidden text-center\">LCAPharma+<\/span><\/span><\/span><\/span><\/span><\/p>\n<ol data-start=\"2312\" data-end=\"2605\">\n<li data-start=\"2312\" data-end=\"2373\">\n<p data-start=\"2315\" data-end=\"2373\"><strong data-start=\"2315\" data-end=\"2338\">Mouillez votre peau<\/strong> (visage ou corps) \u00e0 l\u2019eau ti\u00e8de.<\/p>\n<\/li>\n<li data-start=\"2374\" data-end=\"2439\">\n<p data-start=\"2377\" data-end=\"2439\"><strong data-start=\"2377\" data-end=\"2410\">Appliquez une petite quantit\u00e9<\/strong> de gel sur la peau humide.<\/p>\n<\/li>\n<li data-start=\"2440\" data-end=\"2504\">\n<p data-start=\"2443\" data-end=\"2504\"><strong data-start=\"2443\" data-end=\"2474\">Faites mousser d\u00e9licatement<\/strong> en massant avec les doigts.<\/p>\n<\/li>\n<li data-start=\"2505\" data-end=\"2548\">\n<p data-start=\"2508\" data-end=\"2548\"><strong data-start=\"2508\" data-end=\"2545\">Rincez abondamment \u00e0 l\u2019eau claire<\/strong>.<\/p>\n<\/li>\n<li data-start=\"2549\" data-end=\"2605\">\n<p data-start=\"2552\" data-end=\"2605\"><strong data-start=\"2552\" data-end=\"2576\">S\u00e9chez en tamponnant<\/strong> avec une serviette propre.<\/p>\n<\/li>\n<\/ol>\n","protected":false},"excerpt":{"rendered":"<p>DESCRIPTION : Le Gel moussant purifiant AKNORM 150 ml \u2013 LCApharma+ est un nettoyant doux et purifiant con\u00e7u sp\u00e9cialement pour les peaux mixtes \u00e0 grasses ou \u00e0 tendance acn\u00e9ique. Gr\u00e2ce \u00e0 sa base lavante sans savon, il \u00e9limine efficacement les impuret\u00e9s, l\u2019exc\u00e8s de s\u00e9bum et les traces de maquillage sans dess\u00e9cher la peau. Sa mousse [&hellip;]<\/p>\n","protected":false},"featured_media":149628,"comment_status":"open","ping_status":"closed","template":"","meta":{"_acf_changed":false},"product_brand":[1559],"product_cat":[102,139,137],"product_tag":[],"class_list":{"0":"post-148880","1":"product","2":"type-product","3":"status-publish","4":"has-post-thumbnail","6":"product_brand-lca-pharma","7":"product_cat-soin-et-bien-etre","8":"product_cat-corps_","9":"product_cat-visage","11":"first","12":"instock","13":"taxable","14":"shipping-taxable","15":"purchasable","16":"product-type-simple"},"acf":[],"_links":{"self":[{"href":"https:\/\/pharmacima.com\/ar\/wp-json\/wp\/v2\/product\/148880","targetHints":{"allow":["GET"]}}],"collection":[{"href":"https:\/\/pharmacima.com\/ar\/wp-json\/wp\/v2\/product"}],"about":[{"href":"https:\/\/pharmacima.com\/ar\/wp-json\/wp\/v2\/types\/product"}],"replies":[{"embeddable":true,"href":"https:\/\/pharmacima.com\/ar\/wp-json\/wp\/v2\/comments?post=148880"}],"wp:featuredmedia":[{"embeddable":true,"href":"https:\/\/pharmacima.com\/ar\/wp-json\/wp\/v2\/media\/149628"}],"wp:attachment":[{"href":"https:\/\/pharmacima.com\/ar\/wp-json\/wp\/v2\/media?parent=148880"}],"wp:term":[{"taxonomy":"product_brand","embeddable":true,"href":"https:\/\/pharmacima.com\/ar\/wp-json\/wp\/v2\/product_brand?post=148880"},{"taxonomy":"product_cat","embeddable":true,"href":"https:\/\/pharmacima.com\/ar\/wp-json\/wp\/v2\/product_cat?post=148880"},{"taxonomy":"product_tag","embeddable":true,"href":"https:\/\/pharmacima.com\/ar\/wp-json\/wp\/v2\/product_tag?post=148880"}],"curies":[{"name":"wp","href":"https:\/\/api.w.org\/{rel}","templated":true}]}}