{"id":148890,"date":"2025-12-28T11:17:25","date_gmt":"2025-12-28T10:17:25","guid":{"rendered":"https:\/\/pharmacima.com\/?post_type=product&#038;p=148890"},"modified":"2026-03-15T15:01:42","modified_gmt":"2026-03-15T14:01:42","slug":"creme-reparatrice-120ml-lcapharma","status":"publish","type":"product","link":"https:\/\/pharmacima.com\/ar\/product\/creme-reparatrice-120ml-lcapharma\/","title":{"rendered":"Creme reparatrice 120ml LCApharma+"},"content":{"rendered":"<h1><strong>DESCRIPTION :<\/strong><\/h1>\n<h2 data-start=\"154\" data-end=\"379\"><strong>La Cr\u00e8me r\u00e9paratrice LCApharma+ (120 ml) est un soin dermo-cosm\u00e9tique con\u00e7u pour favoriser la r\u00e9paration de la peau et apaiser les irritations superficielles de l\u2019\u00e9piderme. Elle est particuli\u00e8rement recommand\u00e9e pour :<\/strong><\/h2>\n<h2 data-start=\"381\" data-end=\"826\">&#x2714; calmer les <strong data-start=\"394\" data-end=\"406\">rougeurs<\/strong> et les <strong data-start=\"414\" data-end=\"429\">irritations<\/strong> cutan\u00e9es (ex. coups de soleil, \u00e9chauffement li\u00e9 aux frottements)<br data-start=\"494\" data-end=\"497\" \/>&#x2714; aider \u00e0 <strong data-start=\"507\" data-end=\"543\">reconstruire la barri\u00e8re cutan\u00e9e<\/strong> en favorisant le renouvellement cellulaire<br data-start=\"586\" data-end=\"589\" \/>&#x2714; hydrater et <strong data-start=\"603\" data-end=\"627\">prot\u00e9ger durablement<\/strong> la peau gr\u00e2ce \u00e0 son effet filmog\u00e8ne<br data-start=\"663\" data-end=\"666\" \/>&#x2714; convenir aux zones irrit\u00e9es ou fragilis\u00e9es du corps<br data-start=\"719\" data-end=\"722\" \/>&#x2714; usage externe, g\u00e9n\u00e9ralement deux fois par jour selon les besoins <span class=\"\" data-state=\"closed\"><span class=\"ms-1 inline-flex max-w-full items-center relative top-[-0.094rem] animate-[show_150ms_ease-in]\" data-testid=\"webpage-citation-pill\"><span class=\"relative start-0 bottom-0 flex h-full w-full items-center\"><span class=\"flex h-4 w-full items-center justify-between\"><span class=\"max-w-[15ch] grow truncate overflow-hidden text-center\">LCApharma<\/span><span class=\"-me-1 flex h-full items-center rounded-full px-1 text-[#8F8F8F]\">+<\/span><\/span><\/span><\/span><\/span><\/h2>\n<h2 data-start=\"828\" data-end=\"1018\">Ce soin est adapt\u00e9 \u00e0 tous les types de peau, y compris sensibles, et il peut \u00eatre utilis\u00e9 sur diff\u00e9rentes zones du corps o\u00f9 la peau est ab\u00eem\u00e9e ou s\u00e8che.<\/h2>\n<p>&nbsp;<\/p>\n<h2><strong>COMPOSITION :<\/strong><\/h2>\n<p>Aqua (Water), Paraffinum Liquidum (Mineral Oil), Glyceryl Stearate, Butyrospermum Parkii (Shea) Butter, Stearic Acid, Propylene Glycol, Paraffin, Squalane, Persea Gratissima (Avocado) Oil, Panthenol, Ascorbyl Palmitate, Dipalmitoyl Hydroxyproline, Ammonium Acryloyldimethyltaurate\/VP Copolymer, Phenoxyethanol, Triethanolamine, Cetyl Palmitate, Chlorphenesin, Disodium EDTA.<\/p>\n<p>&nbsp;<\/p>\n<h2><strong>CONSEILLE D&rsquo;UTILISATION :<\/strong><\/h2>\n<ul>\n<li data-start=\"2327\" data-end=\"2364\">\n<p data-start=\"2329\" data-end=\"2364\">Appliquer <strong data-start=\"2339\" data-end=\"2362\">1 \u00e0 2 fois par jour<\/strong><\/p>\n<\/li>\n<li data-start=\"2365\" data-end=\"2420\">\n<p data-start=\"2367\" data-end=\"2420\">Mettre une <strong data-start=\"2378\" data-end=\"2396\">couche \u00e9paisse<\/strong> sur la zone concern\u00e9e<\/p>\n<\/li>\n<li data-start=\"2421\" data-end=\"2475\">\n<p data-start=\"2423\" data-end=\"2475\">Masser <strong data-start=\"2430\" data-end=\"2473\">l\u00e9g\u00e8rement jusqu\u2019\u00e0 p\u00e9n\u00e9tration compl\u00e8te<\/strong><\/p>\n<\/li>\n<li data-start=\"2476\" data-end=\"2540\">\n<p data-start=\"2478\" data-end=\"2540\">Usage externe uniquement<\/p>\n<\/li>\n<\/ul>\n","protected":false},"excerpt":{"rendered":"<p>DESCRIPTION : La Cr\u00e8me r\u00e9paratrice LCApharma+ (120 ml) est un soin dermo-cosm\u00e9tique con\u00e7u pour favoriser la r\u00e9paration de la peau et apaiser les irritations superficielles de l\u2019\u00e9piderme. Elle est particuli\u00e8rement recommand\u00e9e pour : &#x2714; calmer les rougeurs et les irritations cutan\u00e9es (ex. coups de soleil, \u00e9chauffement li\u00e9 aux frottements)&#x2714; aider \u00e0 reconstruire la barri\u00e8re cutan\u00e9e [&hellip;]<\/p>\n","protected":false},"featured_media":148891,"comment_status":"open","ping_status":"closed","template":"","meta":{"_acf_changed":false},"product_brand":[1559],"product_cat":[102,139,137],"product_tag":[],"class_list":{"0":"post-148890","1":"product","2":"type-product","3":"status-publish","4":"has-post-thumbnail","6":"product_brand-lca-pharma","7":"product_cat-soin-et-bien-etre","8":"product_cat-corps_","9":"product_cat-visage","11":"first","12":"instock","13":"taxable","14":"shipping-taxable","15":"purchasable","16":"product-type-simple"},"acf":[],"_links":{"self":[{"href":"https:\/\/pharmacima.com\/ar\/wp-json\/wp\/v2\/product\/148890","targetHints":{"allow":["GET"]}}],"collection":[{"href":"https:\/\/pharmacima.com\/ar\/wp-json\/wp\/v2\/product"}],"about":[{"href":"https:\/\/pharmacima.com\/ar\/wp-json\/wp\/v2\/types\/product"}],"replies":[{"embeddable":true,"href":"https:\/\/pharmacima.com\/ar\/wp-json\/wp\/v2\/comments?post=148890"}],"wp:featuredmedia":[{"embeddable":true,"href":"https:\/\/pharmacima.com\/ar\/wp-json\/wp\/v2\/media\/148891"}],"wp:attachment":[{"href":"https:\/\/pharmacima.com\/ar\/wp-json\/wp\/v2\/media?parent=148890"}],"wp:term":[{"taxonomy":"product_brand","embeddable":true,"href":"https:\/\/pharmacima.com\/ar\/wp-json\/wp\/v2\/product_brand?post=148890"},{"taxonomy":"product_cat","embeddable":true,"href":"https:\/\/pharmacima.com\/ar\/wp-json\/wp\/v2\/product_cat?post=148890"},{"taxonomy":"product_tag","embeddable":true,"href":"https:\/\/pharmacima.com\/ar\/wp-json\/wp\/v2\/product_tag?post=148890"}],"curies":[{"name":"wp","href":"https:\/\/api.w.org\/{rel}","templated":true}]}}