{"id":148892,"date":"2025-12-28T12:13:06","date_gmt":"2025-12-28T11:13:06","guid":{"rendered":"https:\/\/pharmacima.com\/?post_type=product&#038;p=148892"},"modified":"2026-02-03T18:06:20","modified_gmt":"2026-02-03T17:06:20","slug":"gel-nettoyant-purifiant-tube-150ml-hyfac","status":"publish","type":"product","link":"https:\/\/pharmacima.com\/ar\/product\/gel-nettoyant-purifiant-tube-150ml-hyfac\/","title":{"rendered":"Gel nettoyant purifiant tube 150ml Hyfac"},"content":{"rendered":"<h1><strong>DESCRIPTION :\u00a0<\/strong><\/h1>\n<p data-start=\"186\" data-end=\"657\">Le <strong data-start=\"189\" data-end=\"222\">Gel nettoyant purifiant Hyfac<\/strong> est un soin dermatologique con\u00e7u pour <strong data-start=\"261\" data-end=\"333\">nettoyer en douceur les peaux grasses, mixtes ou \u00e0 tendance acn\u00e9ique<\/strong>. Il est recommand\u00e9 pour le <strong data-start=\"361\" data-end=\"383\">visage et le corps<\/strong>, particuli\u00e8rement lorsqu\u2019il y a <strong data-start=\"416\" data-end=\"462\">impuret\u00e9s, exc\u00e8s de s\u00e9bum ou imperfections<\/strong> (boutons, points noirs). Sa formule <strong data-start=\"499\" data-end=\"513\">sans savon<\/strong> permet de purifier la peau <strong data-start=\"541\" data-end=\"576\">sans la dess\u00e9cher ni l\u2019agresser<\/strong>, tout en respectant son \u00e9quilibre naturel. H<span class=\"\" data-state=\"closed\"><span class=\"ms-1 inline-flex max-w-full items-center relative top-[-0.094rem] animate-[show_150ms_ease-in]\" data-testid=\"webpage-citation-pill\"><span class=\"relative start-0 bottom-0 flex h-full w-full items-center\"><span class=\"flex h-4 w-full items-center justify-between\"><span class=\"max-w-[15ch] grow truncate overflow-hidden text-center\">yfac<\/span><\/span><\/span><\/span><\/span><\/p>\n<p data-start=\"659\" data-end=\"988\">&#x2705; Nettoie efficacement et en profondeur<br data-start=\"698\" data-end=\"701\" \/>&#x2705; \u00c9limine l\u2019exc\u00e8s de s\u00e9bum et les impuret\u00e9s<br data-start=\"744\" data-end=\"747\" \/>&#x2705; Respecte le film hydrolipidique de la peau<br data-start=\"791\" data-end=\"794\" \/>&#x2705; Convient aux peaux jeunes, grasses ou \u00e0 imperfections<br data-start=\"849\" data-end=\"852\" \/>&#x2705; Formul\u00e9 sans parab\u00e8nes, non com\u00e9dog\u00e8ne et hypoallerg\u00e9nique<br data-start=\"912\" data-end=\"915\" \/>Test\u00e9 sous contr\u00f4le dermatologique.<\/p>\n<h2 data-start=\"659\" data-end=\"988\"><strong>COMPOSITION :<\/strong><\/h2>\n<ul data-start=\"1698\" data-end=\"2482\">\n<li data-start=\"1698\" data-end=\"1724\">\n<p data-start=\"1700\" data-end=\"1724\"><strong data-start=\"1700\" data-end=\"1716\">Aqua (Water)<\/strong> \u2013 eau<\/p>\n<\/li>\n<li data-start=\"1725\" data-end=\"1773\">\n<p data-start=\"1727\" data-end=\"1773\"><strong data-start=\"1727\" data-end=\"1753\">Sodium Laureth Sulfate<\/strong> \u2013 agent nettoyant<\/p>\n<\/li>\n<li data-start=\"1774\" data-end=\"1824\">\n<p data-start=\"1776\" data-end=\"1824\"><strong data-start=\"1776\" data-end=\"1803\">Sodium Cocoamphoacetate<\/strong> \u2013 tensioactif doux<\/p>\n<\/li>\n<li data-start=\"1825\" data-end=\"1883\">\n<p data-start=\"1827\" data-end=\"1883\"><strong data-start=\"1827\" data-end=\"1859\">Sodium Methyl Cocoyl Taurate<\/strong> \u2013 agent moussant doux<\/p>\n<\/li>\n<li data-start=\"1884\" data-end=\"1927\">\n<p data-start=\"1886\" data-end=\"1927\"><strong data-start=\"1886\" data-end=\"1913\">PEG-80 Glyceryl Cocoate<\/strong> \u2013 \u00e9mollient<\/p>\n<\/li>\n<li data-start=\"1928\" data-end=\"1980\">\n<p data-start=\"1930\" data-end=\"1980\"><strong data-start=\"1930\" data-end=\"1946\">Cocamide DEA<\/strong> \u2013 \u00e9paississant \/ agent moussant<\/p>\n<\/li>\n<li data-start=\"1981\" data-end=\"2009\">\n<p data-start=\"1983\" data-end=\"2009\"><strong data-start=\"1983\" data-end=\"1995\">Glycerin<\/strong> \u2013 hydratant<\/p>\n<\/li>\n<li data-start=\"2010\" data-end=\"2056\">\n<p data-start=\"2012\" data-end=\"2056\"><strong data-start=\"2012\" data-end=\"2040\">Sodium Laureth-8 Sulfate<\/strong> \u2013 tensioactif<\/p>\n<\/li>\n<li data-start=\"2057\" data-end=\"2095\">\n<p data-start=\"2059\" data-end=\"2095\"><strong data-start=\"2059\" data-end=\"2070\">Glycine<\/strong> \u2013 acide amin\u00e9 apaisant<\/p>\n<\/li>\n<li data-start=\"2096\" data-end=\"2140\">\n<p data-start=\"2098\" data-end=\"2140\"><strong data-start=\"2098\" data-end=\"2117\">Sodium Chloride<\/strong> \u2013 sel (\u00e9paississant)<\/p>\n<\/li>\n<li data-start=\"2141\" data-end=\"2219\">\n<p data-start=\"2143\" data-end=\"2219\"><strong data-start=\"2143\" data-end=\"2164\">Piroctone Olamine<\/strong> \u2013 antibact\u00e9rien ciblant les bact\u00e9ries li\u00e9es \u00e0 l\u2019acn\u00e9<\/p>\n<\/li>\n<li data-start=\"2220\" data-end=\"2258\">\n<p data-start=\"2222\" data-end=\"2258\"><strong data-start=\"2222\" data-end=\"2237\">Citric Acid<\/strong> \u2013 r\u00e9gulateur de pH<\/p>\n<\/li>\n<li data-start=\"2259\" data-end=\"2296\">\n<p data-start=\"2261\" data-end=\"2296\"><strong data-start=\"2261\" data-end=\"2279\">DMDM Hydantoin<\/strong> \u2013 conservateur<\/p>\n<\/li>\n<li data-start=\"2297\" data-end=\"2409\">\n<p data-start=\"2299\" data-end=\"2409\"><strong data-start=\"2299\" data-end=\"2377\">Magnesium Laureth Sulfate \/ Magnesium Oleth Sulfate \/ Sodium Oleth Sulfate<\/strong> \u2013 agents nettoyants\/moussants<\/p>\n<\/li>\n<li data-start=\"2410\" data-end=\"2482\">\n<p data-start=\"2412\" data-end=\"2482\"><strong data-start=\"2412\" data-end=\"2434\">Parfum (Fragrance)<\/strong> \u2013 parfum.<\/p>\n<\/li>\n<\/ul>\n<p data-start=\"2484\" data-end=\"2524\">&#x1f449; <strong data-start=\"2487\" data-end=\"2520\">Points cl\u00e9s de la formulation<\/strong> :<\/p>\n<ul data-start=\"2525\" data-end=\"2669\">\n<li data-start=\"2525\" data-end=\"2599\">\n<p data-start=\"2527\" data-end=\"2599\"><strong data-start=\"2527\" data-end=\"2541\">Sans savon<\/strong> = nettoyage doux.<\/p>\n<\/li>\n<li data-start=\"2600\" data-end=\"2669\">\n<p data-start=\"2602\" data-end=\"2669\">Formul\u00e9 <strong data-start=\"2610\" data-end=\"2628\">sans parab\u00e8nes<\/strong>.<\/p>\n<\/li>\n<\/ul>\n<p>&nbsp;<\/p>\n<h2><strong>CONSEILLE D&rsquo;UTILISATION :\u00a0<\/strong><\/h2>\n<ul>\n<li data-start=\"2710\" data-end=\"2779\">\n<p data-start=\"2712\" data-end=\"2779\">Utiliser <strong data-start=\"2721\" data-end=\"2738\">matin et soir<\/strong>.<\/p>\n<\/li>\n<li data-start=\"2780\" data-end=\"2881\">\n<p data-start=\"2782\" data-end=\"2881\">Appliquer une petite quantit\u00e9 de gel sur peau <strong data-start=\"2828\" data-end=\"2838\">humide<\/strong>.<\/p>\n<\/li>\n<li data-start=\"2882\" data-end=\"2962\">\n<p data-start=\"2884\" data-end=\"2962\">Masser doucement pour faire mousser.<\/p>\n<\/li>\n<li data-start=\"2963\" data-end=\"3055\">\n<p data-start=\"2965\" data-end=\"3055\"><strong data-start=\"2965\" data-end=\"2987\">Rincer abondamment<\/strong> puis s\u00e9cher sans frotter.<\/p>\n<\/li>\n<li data-start=\"3056\" data-end=\"3190\">\n<p data-start=\"3058\" data-end=\"3190\">Pour de meilleurs r\u00e9sultats, appliquer ensuite un <strong data-start=\"3108\" data-end=\"3149\">soin adapt\u00e9 aux peaux \u00e0 imperfections<\/strong>.<\/p>\n<\/li>\n<\/ul>\n","protected":false},"excerpt":{"rendered":"<p>DESCRIPTION :\u00a0 Le Gel nettoyant purifiant Hyfac est un soin dermatologique con\u00e7u pour nettoyer en douceur les peaux grasses, mixtes ou \u00e0 tendance acn\u00e9ique. Il est recommand\u00e9 pour le visage et le corps, particuli\u00e8rement lorsqu\u2019il y a impuret\u00e9s, exc\u00e8s de s\u00e9bum ou imperfections (boutons, points noirs). Sa formule sans savon permet de purifier la peau [&hellip;]<\/p>\n","protected":false},"featured_media":149633,"comment_status":"open","ping_status":"closed","template":"","meta":{"_acf_changed":false},"product_brand":[1553],"product_cat":[102,139,137],"product_tag":[],"class_list":{"0":"post-148892","1":"product","2":"type-product","3":"status-publish","4":"has-post-thumbnail","6":"product_brand-hyfac","7":"product_cat-soin-et-bien-etre","8":"product_cat-corps_","9":"product_cat-visage","11":"first","12":"instock","13":"taxable","14":"shipping-taxable","15":"purchasable","16":"product-type-simple"},"acf":[],"_links":{"self":[{"href":"https:\/\/pharmacima.com\/ar\/wp-json\/wp\/v2\/product\/148892","targetHints":{"allow":["GET"]}}],"collection":[{"href":"https:\/\/pharmacima.com\/ar\/wp-json\/wp\/v2\/product"}],"about":[{"href":"https:\/\/pharmacima.com\/ar\/wp-json\/wp\/v2\/types\/product"}],"replies":[{"embeddable":true,"href":"https:\/\/pharmacima.com\/ar\/wp-json\/wp\/v2\/comments?post=148892"}],"wp:featuredmedia":[{"embeddable":true,"href":"https:\/\/pharmacima.com\/ar\/wp-json\/wp\/v2\/media\/149633"}],"wp:attachment":[{"href":"https:\/\/pharmacima.com\/ar\/wp-json\/wp\/v2\/media?parent=148892"}],"wp:term":[{"taxonomy":"product_brand","embeddable":true,"href":"https:\/\/pharmacima.com\/ar\/wp-json\/wp\/v2\/product_brand?post=148892"},{"taxonomy":"product_cat","embeddable":true,"href":"https:\/\/pharmacima.com\/ar\/wp-json\/wp\/v2\/product_cat?post=148892"},{"taxonomy":"product_tag","embeddable":true,"href":"https:\/\/pharmacima.com\/ar\/wp-json\/wp\/v2\/product_tag?post=148892"}],"curies":[{"name":"wp","href":"https:\/\/api.w.org\/{rel}","templated":true}]}}