{"id":148895,"date":"2025-12-28T13:17:22","date_gmt":"2025-12-28T12:17:22","guid":{"rendered":"https:\/\/pharmacima.com\/?post_type=product&#038;p=148895"},"modified":"2026-02-03T18:02:30","modified_gmt":"2026-02-03T17:02:30","slug":"mousse-nettoyante-exfoliante-150ml-hyfac","status":"publish","type":"product","link":"https:\/\/pharmacima.com\/ar\/product\/mousse-nettoyante-exfoliante-150ml-hyfac\/","title":{"rendered":"Mousse nettoyante exfoliante 150ml Hyfac"},"content":{"rendered":"<h1><strong>\u0648\u0635\u0641 :\u00a0<\/strong><\/h1>\n<h2 data-start=\"186\" data-end=\"634\">\u0647\u0646\u0627\u0643 <strong data-start=\"189\" data-end=\"236\">Mousse Nettoyante Exfoliante Hyfac (150 ml)<\/strong> \u0647\u0648 <strong data-start=\"244\" data-end=\"322\">nettoyant visage moussant con\u00e7u pour les peaux grasses \u00e0 tendance acn\u00e9ique<\/strong> ou sujettes aux imperfections. Sa texture a\u00e9rienne et douce permet un nettoyage <strong data-start=\"403\" data-end=\"447\">en profondeur tout en respectant la peau<\/strong>, gr\u00e2ce \u00e0 une <strong data-start=\"461\" data-end=\"488\">action exfoliante douce<\/strong> : elle aide \u00e0 purifier la peau, d\u00e9sincruster les pores et r\u00e9duire les com\u00e9dons (points noirs) et impuret\u00e9s.<\/h2>\n<h2 data-start=\"636\" data-end=\"858\">\u00a0&#8211; Adapt\u00e9e aux <strong data-start=\"651\" data-end=\"679\">peaux jeunes \u00e0 probl\u00e8mes<\/strong> ou peau grasse<br data-start=\"694\" data-end=\"697\" \/>\u00a0&#8211; Formule <strong data-start=\"708\" data-end=\"728\">\u0647\u064a\u0628\u0648\u0627\u0644\u0631\u062c\u064a\u0646\u064a\u0643<\/strong> \u0648 <strong data-start=\"732\" data-end=\"750\">sans parab\u00e8nes<\/strong><br data-start=\"750\" data-end=\"753\" \/>\u00a0&#8211; Peut \u00eatre utilis\u00e9e quotidiennement selon la tol\u00e9rance de la peau<\/h2>\n<p>&nbsp;<\/p>\n<h2><strong>\u0627\u0644\u062a\u0631\u0643\u064a\u0628\u0629 :\u00a0<\/strong><\/h2>\n<p>Mousse nettoyante exfoliante Hyfac<\/p>\n<ul>\n<li data-start=\"966\" data-end=\"1001\">\n<p data-start=\"968\" data-end=\"1001\"><strong data-start=\"968\" data-end=\"984\">\u0623\u0643\u0648\u0627<\/strong> \u2013 base aqueuse<\/p>\n<\/li>\n<li data-start=\"1002\" data-end=\"1072\">\n<p data-start=\"1004\" data-end=\"1072\"><strong data-start=\"1004\" data-end=\"1023\">\u062f\u064a\u0633\u064a\u0644 \u062c\u0644\u0648\u0643\u0648\u0632\u064a\u062f<\/strong> \u2013 tensioactif doux pour nettoyer sans agresser<\/p>\n<\/li>\n<li data-start=\"1073\" data-end=\"1205\">\n<p data-start=\"1075\" data-end=\"1205\"><strong data-start=\"1075\" data-end=\"1089\">Malic Acid<\/strong> \u2013 un AHA (acide de fruit) exfoliant qui aide \u00e0 \u00e9liminer les cellules mortes<\/p>\n<\/li>\n<li data-start=\"1206\" data-end=\"1234\">\n<p data-start=\"1208\" data-end=\"1234\"><strong data-start=\"1208\" data-end=\"1220\">\u062c\u0644\u0633\u064a\u0631\u064a\u0646<\/strong> \u2013 hydratant<\/p>\n<\/li>\n<li data-start=\"1235\" data-end=\"1288\">\n<p data-start=\"1237\" data-end=\"1288\"><strong data-start=\"1237\" data-end=\"1264\">Sodium Cocoamphoacetate<\/strong> \u2013 agent moussant doux<\/p>\n<\/li>\n<li data-start=\"1289\" data-end=\"1375\">\n<p data-start=\"1291\" data-end=\"1375\"><strong data-start=\"1291\" data-end=\"1335\">Glycine, Coco-Glucoside, Glyceryl Oleate<\/strong> \u2013 agents adoucissants et stabilisants<\/p>\n<\/li>\n<li data-start=\"1376\" data-end=\"1525\">\n<p data-start=\"1378\" data-end=\"1525\"><strong data-start=\"1378\" data-end=\"1399\">\u0628\u064a\u0631\u0648\u0643\u062a\u0648\u0646 \u0623\u0648\u0644\u0627\u0645\u064a\u0646<\/strong> \u2013 actif antibact\u00e9rien qui aide \u00e0 r\u00e9guler les bact\u00e9ries responsables des imperfections<\/p>\n<\/li>\n<li data-start=\"1526\" data-end=\"1563\">\n<p data-start=\"1528\" data-end=\"1563\"><strong data-start=\"1528\" data-end=\"1546\">DMDM Hydantoin<\/strong> \u2013 conservateur<\/p>\n<\/li>\n<li data-start=\"1564\" data-end=\"1590\">\n<p data-start=\"1566\" data-end=\"1590\"><strong data-start=\"1566\" data-end=\"1588\">\u0639\u0637\u0631 (\u0639\u0637\u0631)<\/strong><\/p>\n<\/li>\n<li data-start=\"1591\" data-end=\"1749\">\n<p data-start=\"1593\" data-end=\"1749\"><strong data-start=\"1593\" data-end=\"1668\">Citric Acid, Tocopherol, CI 42090, Hydrogenated Palm Glycerides Citrate<\/strong> \u2013 autres composants du syst\u00e8me de formule.<\/p>\n<\/li>\n<\/ul>\n<p>&nbsp;<\/p>\n<h2>CONSEILLE D&rsquo;UTILISATION :<\/h2>\n<ol data-start=\"2361\" data-end=\"3127\">\n<li data-start=\"2361\" data-end=\"2444\">\n<p data-start=\"2364\" data-end=\"2444\"><strong data-start=\"2364\" data-end=\"2384\">Usage recommand\u00e9<\/strong> : matin et\/ou soir.<\/p>\n<\/li>\n<li data-start=\"2445\" data-end=\"2543\">\n<p data-start=\"2448\" data-end=\"2543\"><strong data-start=\"2448\" data-end=\"2463\">Peau humide<\/strong> : mouille ton visage avant application.<\/p>\n<\/li>\n<li data-start=\"2544\" data-end=\"2650\">\n<p data-start=\"2547\" data-end=\"2650\"><strong data-start=\"2547\" data-end=\"2570\">Appliquer la mousse<\/strong> : d\u00e9poser 1 \u00e0 2 pressions dans la main.<\/p>\n<\/li>\n<li data-start=\"2651\" data-end=\"2773\">\n<p data-start=\"2654\" data-end=\"2773\"><strong data-start=\"2654\" data-end=\"2677\">Masser d\u00e9licatement<\/strong> le visage avec le bout des doigts pour faire mousser.<\/p>\n<\/li>\n<li data-start=\"2774\" data-end=\"2857\">\n<p data-start=\"2777\" data-end=\"2857\"><strong data-start=\"2777\" data-end=\"2799\">\u0634\u0637\u0641 \u062c\u064a\u062f\u0627<\/strong> \u00e0 l\u2019eau claire.<\/p>\n<\/li>\n<li data-start=\"2858\" data-end=\"2971\">\n<p data-start=\"2861\" data-end=\"2971\"><strong data-start=\"2861\" data-end=\"2871\">S\u00e9cher<\/strong> sans frotter (toucher d\u00e9licat avec une serviette propre).<\/p>\n<\/li>\n<li data-start=\"2972\" data-end=\"3127\">\n<p data-start=\"2975\" data-end=\"3127\">Apr\u00e8s cela, tu peux appliquer <strong data-start=\"3005\" data-end=\"3023\">un soin adapt\u00e9<\/strong> (s\u00e9rum, cr\u00e8me anti-imperfections, hydratant) sur la peau s\u00e8che.<\/p>\n<\/li>\n<\/ol>\n<ul>\n<li data-start=\"3129\" data-end=\"3334\"><strong data-start=\"3131\" data-end=\"3164\">Pour les peaux tr\u00e8s sensibles<\/strong>, il est conseill\u00e9 de <strong data-start=\"3186\" data-end=\"3217\">l\u2019utiliser un jour sur deux<\/strong>, ou de l\u2019alterner avec le <strong data-start=\"3244\" data-end=\"3277\">Gel nettoyant purifiant Hyfac<\/strong> moins exfoliant.<\/li>\n<\/ul>","protected":false},"excerpt":{"rendered":"<p>DESCRIPTION :\u00a0 La Mousse Nettoyante Exfoliante Hyfac (150 ml) est un nettoyant visage moussant con\u00e7u pour les peaux grasses \u00e0 tendance acn\u00e9ique ou sujettes aux imperfections. Sa texture a\u00e9rienne et douce permet un nettoyage en profondeur tout en respectant la peau, gr\u00e2ce \u00e0 une action exfoliante douce : elle aide \u00e0 purifier la peau, d\u00e9sincruster [&hellip;]<\/p>\n","protected":false},"featured_media":149632,"comment_status":"open","ping_status":"closed","template":"","meta":{"_acf_changed":false},"product_brand":[1553],"product_cat":[102,137],"product_tag":[],"class_list":{"0":"post-148895","1":"product","2":"type-product","3":"status-publish","4":"has-post-thumbnail","6":"product_brand-hyfac","7":"product_cat-soin-et-bien-etre","8":"product_cat-visage","10":"first","11":"instock","12":"taxable","13":"shipping-taxable","14":"purchasable","15":"product-type-simple"},"acf":[],"_links":{"self":[{"href":"https:\/\/pharmacima.com\/ar\/wp-json\/wp\/v2\/product\/148895","targetHints":{"allow":["GET"]}}],"collection":[{"href":"https:\/\/pharmacima.com\/ar\/wp-json\/wp\/v2\/product"}],"about":[{"href":"https:\/\/pharmacima.com\/ar\/wp-json\/wp\/v2\/types\/product"}],"replies":[{"embeddable":true,"href":"https:\/\/pharmacima.com\/ar\/wp-json\/wp\/v2\/comments?post=148895"}],"wp:featuredmedia":[{"embeddable":true,"href":"https:\/\/pharmacima.com\/ar\/wp-json\/wp\/v2\/media\/149632"}],"wp:attachment":[{"href":"https:\/\/pharmacima.com\/ar\/wp-json\/wp\/v2\/media?parent=148895"}],"wp:term":[{"taxonomy":"product_brand","embeddable":true,"href":"https:\/\/pharmacima.com\/ar\/wp-json\/wp\/v2\/product_brand?post=148895"},{"taxonomy":"product_cat","embeddable":true,"href":"https:\/\/pharmacima.com\/ar\/wp-json\/wp\/v2\/product_cat?post=148895"},{"taxonomy":"product_tag","embeddable":true,"href":"https:\/\/pharmacima.com\/ar\/wp-json\/wp\/v2\/product_tag?post=148895"}],"curies":[{"name":"wp","href":"https:\/\/api.w.org\/{rel}","templated":true}]}}