{"id":148900,"date":"2025-12-28T14:00:53","date_gmt":"2025-12-28T13:00:53","guid":{"rendered":"https:\/\/pharmacima.com\/?post_type=product&#038;p=148900"},"modified":"2026-04-09T17:52:59","modified_gmt":"2026-04-09T16:52:59","slug":"soin-global-creme-40ml-hyfac","status":"publish","type":"product","link":"https:\/\/pharmacima.com\/ar\/product\/soin-global-creme-40ml-hyfac\/","title":{"rendered":"Soin global creme 40ml Hyfac"},"content":{"rendered":"<h1><strong>\u0648\u0635\u0641 :\u00a0<\/strong><\/h1>\n<h2>\u0627\u0644 <strong data-start=\"233\" data-end=\"254\">Soin Global HYFAC<\/strong> \u0627\u0646\u0647\u0627 <strong data-start=\"263\" data-end=\"302\">cr\u00e8me anti-imperfections \u00ab 4 en 1 \u00bb<\/strong> sp\u00e9cialement formul\u00e9e pour <strong data-start=\"330\" data-end=\"374\">les peaux \u00e0 tendance acn\u00e9ique ou grasses<\/strong>. C\u2019est un soin quotidien <strong data-start=\"400\" data-end=\"456\">hydratant, purifiant, matifiant et anti-points noirs<\/strong>, adapt\u00e9 comme cr\u00e8me de <strong data-start=\"480\" data-end=\"502\">jour et\/ou de nuit<\/strong>. Il peut \u00eatre utilis\u00e9 <strong data-start=\"525\" data-end=\"576\">seul ou en compl\u00e9ment \u00e0 un traitement anti-acn\u00e9<\/strong> pour aider \u00e0 entretenir la peau apr\u00e8s un traitement.<\/h2>\n<p>&nbsp;<\/p>\n<h2><strong>\u0627\u0644\u062a\u0631\u0643\u064a\u0628\u0629 :<\/strong><\/h2>\n<p data-start=\"1455\" data-end=\"1566\">La formule contient des actifs efficaces pour les peaux \u00e0 imperfections :<\/p>\n<p data-start=\"1568\" data-end=\"1945\"><strong data-start=\"1568\" data-end=\"1578\">INCI :<\/strong> <em data-start=\"1579\" data-end=\"1907\">Aqua (Water), Cetearyl Ethylhexanoate, Di C12-13 Alkyl Malate, Glycolic Acid, Cyclopentasiloxane, Glycerin, Steareth-2, Steareth-21, Nylon-12, Cyclohexasiloxane, Cetyl Alcohol, Polyacrylamide, Sodium Hydroxide, C13-14 Isoparaffin, Diazolidinyl Urea, Dimethiconol, Piroctone Olamine, Parfum (Fragrance), Laureth-7, Xanthan Gum.<\/em><\/p>\n<h2 data-start=\"1568\" data-end=\"1945\"><strong>CONSEILLE D&rsquo;UTILISATION :<\/strong><\/h2>\n<ul>\n<li data-start=\"2657\" data-end=\"2800\">\n<p data-start=\"2660\" data-end=\"2800\"><strong data-start=\"2660\" data-end=\"2685\">Nettoyer votre visage<\/strong> au pr\u00e9alable avec un gel nettoyant adapt\u00e9 (par ex. Hyfac Gel Purifiant).<\/p>\n<\/li>\n<li data-start=\"2801\" data-end=\"2878\">\n<p data-start=\"2804\" data-end=\"2878\"><strong data-start=\"2804\" data-end=\"2822\">S\u00e9cher la peau<\/strong> compl\u00e8tement.<\/p>\n<\/li>\n<li data-start=\"2879\" data-end=\"2994\">\n<p data-start=\"2882\" data-end=\"2994\">Appliquer une <strong data-start=\"2896\" data-end=\"2920\">fine couche de cr\u00e8me<\/strong> matin et\/ou soir sur le visage.<\/p>\n<\/li>\n<li data-start=\"2995\" data-end=\"3085\">\n<p data-start=\"2998\" data-end=\"3085\">\u00c9viter le <strong data-start=\"3008\" data-end=\"3042\">contour des yeux et des l\u00e8vres<\/strong>.<\/p>\n<\/li>\n<li data-start=\"3086\" data-end=\"3192\">\n<p data-start=\"3089\" data-end=\"3192\">Peut \u00eatre utilis\u00e9e <strong data-start=\"3108\" data-end=\"3117\">seule<\/strong> ou comme <strong data-start=\"3127\" data-end=\"3149\">\u0627\u0633\u0627\u0633 \u0645\u0643\u064a\u0627\u062c<\/strong>.<\/p>\n<\/li>\n<li data-start=\"3193\" data-end=\"3365\">\n<p data-start=\"3196\" data-end=\"3365\">En compl\u00e9ment d\u2019un traitement contre l\u2019acn\u00e9, il est conseill\u00e9 de <strong data-start=\"3261\" data-end=\"3296\">poursuivre ce soin en entretien<\/strong> apr\u00e8s l\u2019arr\u00eat du traitement.<\/p>\n<\/li>\n<\/ul>","protected":false},"excerpt":{"rendered":"<p>DESCRIPTION :\u00a0 Le Soin Global HYFAC est une cr\u00e8me anti-imperfections \u00ab 4 en 1 \u00bb sp\u00e9cialement formul\u00e9e pour les peaux \u00e0 tendance acn\u00e9ique ou grasses. C\u2019est un soin quotidien hydratant, purifiant, matifiant et anti-points noirs, adapt\u00e9 comme cr\u00e8me de jour et\/ou de nuit. Il peut \u00eatre utilis\u00e9 seul ou en compl\u00e9ment \u00e0 un traitement anti-acn\u00e9 [&hellip;]<\/p>\n","protected":false},"featured_media":149643,"comment_status":"open","ping_status":"closed","template":"","meta":{"_acf_changed":false},"product_brand":[1553],"product_cat":[102,137],"product_tag":[],"class_list":{"0":"post-148900","1":"product","2":"type-product","3":"status-publish","4":"has-post-thumbnail","6":"product_brand-hyfac","7":"product_cat-soin-et-bien-etre","8":"product_cat-visage","10":"first","11":"outofstock","12":"taxable","13":"shipping-taxable","14":"purchasable","15":"product-type-simple"},"acf":[],"_links":{"self":[{"href":"https:\/\/pharmacima.com\/ar\/wp-json\/wp\/v2\/product\/148900","targetHints":{"allow":["GET"]}}],"collection":[{"href":"https:\/\/pharmacima.com\/ar\/wp-json\/wp\/v2\/product"}],"about":[{"href":"https:\/\/pharmacima.com\/ar\/wp-json\/wp\/v2\/types\/product"}],"replies":[{"embeddable":true,"href":"https:\/\/pharmacima.com\/ar\/wp-json\/wp\/v2\/comments?post=148900"}],"wp:featuredmedia":[{"embeddable":true,"href":"https:\/\/pharmacima.com\/ar\/wp-json\/wp\/v2\/media\/149643"}],"wp:attachment":[{"href":"https:\/\/pharmacima.com\/ar\/wp-json\/wp\/v2\/media?parent=148900"}],"wp:term":[{"taxonomy":"product_brand","embeddable":true,"href":"https:\/\/pharmacima.com\/ar\/wp-json\/wp\/v2\/product_brand?post=148900"},{"taxonomy":"product_cat","embeddable":true,"href":"https:\/\/pharmacima.com\/ar\/wp-json\/wp\/v2\/product_cat?post=148900"},{"taxonomy":"product_tag","embeddable":true,"href":"https:\/\/pharmacima.com\/ar\/wp-json\/wp\/v2\/product_tag?post=148900"}],"curies":[{"name":"wp","href":"https:\/\/api.w.org\/{rel}","templated":true}]}}