{"id":148905,"date":"2025-12-28T16:09:46","date_gmt":"2025-12-28T15:09:46","guid":{"rendered":"https:\/\/pharmacima.com\/?post_type=product&#038;p=148905"},"modified":"2026-04-01T16:32:34","modified_gmt":"2026-04-01T15:32:34","slug":"creme-emolliente-200ml-proderma","status":"publish","type":"product","link":"https:\/\/pharmacima.com\/ar\/product\/creme-emolliente-200ml-proderma\/","title":{"rendered":"Creme emolliente 200ml Proderma"},"content":{"rendered":"<h1><strong>\u0648\u0635\u0641 :<\/strong><\/h1>\n<h2>\u0647\u0646\u0627\u0643 <strong data-start=\"283\" data-end=\"312\">Cr\u00e8me \u00c9molliente Proderma<\/strong> \u0647\u0648 <strong data-start=\"320\" data-end=\"352\">soin hydratant et protecteur<\/strong> formul\u00e9 pour <strong data-start=\"366\" data-end=\"419\">nourrir et apaiser les peaux s\u00e8ches \u00e0 tr\u00e8s s\u00e8ches<\/strong>, sensibles ou sujettes \u00e0 des tiraillements. Elle est adapt\u00e9e pour un <strong data-start=\"489\" data-end=\"534\">usage quotidien sur le visage et le corps<\/strong> et convient \u00e0 toute la famille, y compris aux enfants. Son but principal est de <strong data-start=\"615\" data-end=\"661\">restaurer et renforcer la barri\u00e8re cutan\u00e9e<\/strong>, <strong data-start=\"663\" data-end=\"726\">r\u00e9duire la s\u00e9cheresse cutan\u00e9e et les sensations d\u2019inconfort<\/strong>.<\/h2>\n<p>&nbsp;<\/p>\n<h2><strong>\u0627\u0644\u062a\u0631\u0643\u064a\u0628\u0629 :\u00a0<\/strong><\/h2>\n<ul>\n<li data-start=\"1804\" data-end=\"1842\">\n<p data-start=\"1806\" data-end=\"1842\"><strong data-start=\"1806\" data-end=\"1822\">\u0623\u0643\u0648\u0627<\/strong> \u2013 base hydratante<\/p>\n<\/li>\n<li data-start=\"1843\" data-end=\"1912\">\n<p data-start=\"1845\" data-end=\"1912\"><strong data-start=\"1845\" data-end=\"1857\">\u062c\u0644\u0633\u064a\u0631\u064a\u0646<\/strong> \u2013 humectant qui attire et retient l\u2019eau dans la peau<\/p>\n<\/li>\n<li data-start=\"1913\" data-end=\"2001\">\n<p data-start=\"1915\" data-end=\"2001\"><strong data-start=\"1915\" data-end=\"1955\">Paraffinum Liquidum (huile min\u00e9rale)<\/strong> \u2013 agent occlusif qui emp\u00eache la perte d\u2019eau<\/p>\n<\/li>\n<li data-start=\"2002\" data-end=\"2060\">\n<p data-start=\"2004\" data-end=\"2060\"><strong data-start=\"2004\" data-end=\"2024\">\u0643\u062d\u0648\u0644 \u0627\u0644\u0633\u064a\u062a\u0627\u0631\u064a\u0644<\/strong> \u2013 agent \u00e9paississant et \u00e9mollient<\/p>\n<\/li>\n<li data-start=\"2061\" data-end=\"2136\">\n<p data-start=\"2063\" data-end=\"2136\"><strong data-start=\"2063\" data-end=\"2085\">\u0639\u0637\u0631 (\u0639\u0637\u0631)<\/strong> \u2013 parfum l\u00e9ger (pr\u00e9sent dans certaines versions)<\/p>\n<\/li>\n<li data-start=\"2137\" data-end=\"2222\">\n<p data-start=\"2139\" data-end=\"2222\"><strong data-start=\"2139\" data-end=\"2222\">(Peut contenir d\u2019autres agents \u00e9mollients ou stabilisants selon la formulation)<\/strong><\/p>\n<\/li>\n<\/ul>\n<p>&nbsp;<\/p>\n<h2><strong>CONSEILLE D&rsquo;UTILISATION :<\/strong><\/h2>\n<p><strong data-start=\"2483\" data-end=\"2511\">ur peau propre et s\u00e8che<\/strong> : applique une quantit\u00e9 g\u00e9n\u00e9reuse de cr\u00e8me sur les zones s\u00e8ches ou sur tout le visage et le corps.\u00a0<br data-start=\"2648\" data-end=\"2651\" \/><strong data-start=\"2653\" data-end=\"2673\">&#8211; Masser doucement<\/strong> jusqu\u2019\u00e0 absorption compl\u00e8te.\u00a0<br data-start=\"2742\" data-end=\"2745\" \/><span data-start=\"2747\" data-end=\"2760\"><strong>&#8211;<\/strong> <\/span><strong data-start=\"2747\" data-end=\"2760\">Fr\u00e9quence<\/strong> : utiliser <strong data-start=\"2772\" data-end=\"2795\">1 \u0625\u0644\u0649 2 \u0645\u0631\u0627\u062a \u0641\u064a \u0627\u0644\u064a\u0648\u0645<\/strong>, ou aussi souvent que n\u00e9cessaire selon le niveau de s\u00e9cheresse cutan\u00e9e.\u00a0<br data-start=\"2907\" data-end=\"2910\" \/><strong data-start=\"2912\" data-end=\"2930\">&#8211; Zones \u00e0 cibler<\/strong> : coudes, genoux, jambes, mains, visage, pieds \u2014 toutes les zones sujettes \u00e0 la s\u00e9cheresse ou aux tiraillements.\u00a0<br data-start=\"3083\" data-end=\"3086\" \/><strong data-start=\"3088\" data-end=\"3107\">&#8211; Apr\u00e8s la douche<\/strong> : id\u00e9alement appliquer juste apr\u00e8s le bain ou la douche pour <strong data-start=\"3169\" data-end=\"3198\">verrouiller l\u2019hydratation<\/strong>.<\/p>","protected":false},"excerpt":{"rendered":"<p>DESCRIPTION : La Cr\u00e8me \u00c9molliente Proderma est un soin hydratant et protecteur formul\u00e9 pour nourrir et apaiser les peaux s\u00e8ches \u00e0 tr\u00e8s s\u00e8ches, sensibles ou sujettes \u00e0 des tiraillements. Elle est adapt\u00e9e pour un usage quotidien sur le visage et le corps et convient \u00e0 toute la famille, y compris aux enfants. Son but principal [&hellip;]<\/p>\n","protected":false},"featured_media":148906,"comment_status":"open","ping_status":"closed","template":"","meta":{"_acf_changed":false},"product_brand":[1566],"product_cat":[102,139,137],"product_tag":[],"class_list":{"0":"post-148905","1":"product","2":"type-product","3":"status-publish","4":"has-post-thumbnail","6":"product_brand-proderma","7":"product_cat-soin-et-bien-etre","8":"product_cat-corps_","9":"product_cat-visage","11":"first","12":"outofstock","13":"taxable","14":"shipping-taxable","15":"purchasable","16":"product-type-simple"},"acf":[],"_links":{"self":[{"href":"https:\/\/pharmacima.com\/ar\/wp-json\/wp\/v2\/product\/148905","targetHints":{"allow":["GET"]}}],"collection":[{"href":"https:\/\/pharmacima.com\/ar\/wp-json\/wp\/v2\/product"}],"about":[{"href":"https:\/\/pharmacima.com\/ar\/wp-json\/wp\/v2\/types\/product"}],"replies":[{"embeddable":true,"href":"https:\/\/pharmacima.com\/ar\/wp-json\/wp\/v2\/comments?post=148905"}],"wp:featuredmedia":[{"embeddable":true,"href":"https:\/\/pharmacima.com\/ar\/wp-json\/wp\/v2\/media\/148906"}],"wp:attachment":[{"href":"https:\/\/pharmacima.com\/ar\/wp-json\/wp\/v2\/media?parent=148905"}],"wp:term":[{"taxonomy":"product_brand","embeddable":true,"href":"https:\/\/pharmacima.com\/ar\/wp-json\/wp\/v2\/product_brand?post=148905"},{"taxonomy":"product_cat","embeddable":true,"href":"https:\/\/pharmacima.com\/ar\/wp-json\/wp\/v2\/product_cat?post=148905"},{"taxonomy":"product_tag","embeddable":true,"href":"https:\/\/pharmacima.com\/ar\/wp-json\/wp\/v2\/product_tag?post=148905"}],"curies":[{"name":"wp","href":"https:\/\/api.w.org\/{rel}","templated":true}]}}