{"id":148912,"date":"2025-12-29T11:50:11","date_gmt":"2025-12-29T10:50:11","guid":{"rendered":"https:\/\/pharmacima.com\/?post_type=product&#038;p=148912"},"modified":"2025-12-29T16:49:42","modified_gmt":"2025-12-29T15:49:42","slug":"mostal-solution-50ml-kalos","status":"publish","type":"product","link":"https:\/\/pharmacima.com\/ar\/product\/mostal-solution-50ml-kalos\/","title":{"rendered":"Mostal solution 50ml Kalos"},"content":{"rendered":"<h1><strong>DESCRIPTION :\u00a0<\/strong><\/h1>\n<p data-start=\"276\" data-end=\"366\"><strong data-start=\"276\" data-end=\"301\">Mostal Solution 50 ml<\/strong> Kalos est une <strong data-start=\"310\" data-end=\"352\">solution capillaire topique anti-chute<\/strong> con\u00e7ue pour :<\/p>\n<ul data-start=\"367\" data-end=\"632\">\n<li data-start=\"367\" data-end=\"413\">\n<p data-start=\"369\" data-end=\"413\"><strong data-start=\"369\" data-end=\"412\">Arr\u00eater ou r\u00e9duire la chute des cheveux<\/strong>,<\/p>\n<\/li>\n<li data-start=\"414\" data-end=\"455\">\n<p data-start=\"416\" data-end=\"455\"><strong data-start=\"416\" data-end=\"452\">Stimuler la repousse des cheveux<\/strong>,<\/p>\n<\/li>\n<li data-start=\"456\" data-end=\"523\">\n<p data-start=\"458\" data-end=\"523\"><strong data-start=\"458\" data-end=\"520\">Augmenter la densit\u00e9 et le diam\u00e8tre des fibres capillaires<\/strong>,<\/p>\n<\/li>\n<li data-start=\"524\" data-end=\"632\">\n<p data-start=\"526\" data-end=\"632\"><strong data-start=\"526\" data-end=\"561\">Renforcer les follicules pileux<\/strong> pour une chevelure plus fournie.<\/p>\n<\/li>\n<\/ul>\n<p data-start=\"634\" data-end=\"807\">Ce produit est adapt\u00e9 aussi bien <strong data-start=\"667\" data-end=\"695\">aux hommes qu\u2019aux femmes<\/strong> qui souffrent de perte de cheveux ou de diminution de densit\u00e9 capillaire. <span class=\"\" data-state=\"closed\"><span class=\"ms-1 inline-flex max-w-full items-center relative top-[-0.094rem] animate-[show_150ms_ease-in]\" data-testid=\"webpage-citation-pill\"><span class=\"relative start-0 bottom-0 flex h-full w-full items-center\"><span class=\"flex h-4 w-full items-center justify-between overflow-hidden\"><span class=\"max-w-[15ch] grow truncate overflow-hidden text-center\">Kalos<\/span><\/span><\/span><\/span><\/span><\/p>\n<h2 data-start=\"634\" data-end=\"807\"><strong>COMPOSITION :\u00a0<\/strong><\/h2>\n<p><strong data-start=\"916\" data-end=\"954\">Procyanidine B2 (extrait de pomme)<\/strong> \u2014 c\u2019est un <strong data-start=\"966\" data-end=\"992\">polyph\u00e9nol antioxydant<\/strong> qui aide \u00e0 stimuler la croissance des cheveux et renforcer les follicules.<\/p>\n<h2><\/h2>\n<h2><strong>CONSEILLE D&rsquo;UTILISATION :\u00a0<\/strong><\/h2>\n<ul>\n<li data-start=\"1647\" data-end=\"1728\">\n<p data-start=\"1650\" data-end=\"1728\"><strong data-start=\"1650\" data-end=\"1675\">Appliquer la solution<\/strong> directement sur le <strong data-start=\"1695\" data-end=\"1725\">cuir chevelu propre et sec<\/strong>.<\/p>\n<\/li>\n<li data-start=\"1729\" data-end=\"1797\">\n<p data-start=\"1732\" data-end=\"1797\"><strong data-start=\"1732\" data-end=\"1769\">Pulv\u00e9riser ou verser environ 2 ml<\/strong> sur les zones concern\u00e9es.<\/p>\n<\/li>\n<li data-start=\"1798\" data-end=\"1907\">\n<p data-start=\"1801\" data-end=\"1907\"><strong data-start=\"1801\" data-end=\"1821\">Masser doucement<\/strong> le cuir chevelu <strong data-start=\"1838\" data-end=\"1858\">10 \u00e0 20 secondes<\/strong> pour favoriser la circulation et l\u2019absorption.<\/p>\n<\/li>\n<li data-start=\"1908\" data-end=\"2006\">\n<p data-start=\"1911\" data-end=\"2006\"><strong data-start=\"1911\" data-end=\"1943\">Utiliser 1 \u00e0 2 fois par jour<\/strong> (souvent matin et soir).<\/p>\n<\/li>\n<\/ul>\n","protected":false},"excerpt":{"rendered":"<p>DESCRIPTION :\u00a0 Mostal Solution 50 ml Kalos est une solution capillaire topique anti-chute con\u00e7ue pour : Arr\u00eater ou r\u00e9duire la chute des cheveux, Stimuler la repousse des cheveux, Augmenter la densit\u00e9 et le diam\u00e8tre des fibres capillaires, Renforcer les follicules pileux pour une chevelure plus fournie. Ce produit est adapt\u00e9 aussi bien aux hommes qu\u2019aux [&hellip;]<\/p>\n","protected":false},"featured_media":148913,"comment_status":"open","ping_status":"closed","template":"","meta":{"_acf_changed":false},"product_brand":[1556],"product_cat":[102,138],"product_tag":[],"class_list":{"0":"post-148912","1":"product","2":"type-product","3":"status-publish","4":"has-post-thumbnail","6":"product_brand-kalos","7":"product_cat-soin-et-bien-etre","8":"product_cat-cheveux_","10":"first","11":"instock","12":"taxable","13":"shipping-taxable","14":"purchasable","15":"product-type-simple"},"acf":[],"_links":{"self":[{"href":"https:\/\/pharmacima.com\/ar\/wp-json\/wp\/v2\/product\/148912","targetHints":{"allow":["GET"]}}],"collection":[{"href":"https:\/\/pharmacima.com\/ar\/wp-json\/wp\/v2\/product"}],"about":[{"href":"https:\/\/pharmacima.com\/ar\/wp-json\/wp\/v2\/types\/product"}],"replies":[{"embeddable":true,"href":"https:\/\/pharmacima.com\/ar\/wp-json\/wp\/v2\/comments?post=148912"}],"wp:featuredmedia":[{"embeddable":true,"href":"https:\/\/pharmacima.com\/ar\/wp-json\/wp\/v2\/media\/148913"}],"wp:attachment":[{"href":"https:\/\/pharmacima.com\/ar\/wp-json\/wp\/v2\/media?parent=148912"}],"wp:term":[{"taxonomy":"product_brand","embeddable":true,"href":"https:\/\/pharmacima.com\/ar\/wp-json\/wp\/v2\/product_brand?post=148912"},{"taxonomy":"product_cat","embeddable":true,"href":"https:\/\/pharmacima.com\/ar\/wp-json\/wp\/v2\/product_cat?post=148912"},{"taxonomy":"product_tag","embeddable":true,"href":"https:\/\/pharmacima.com\/ar\/wp-json\/wp\/v2\/product_tag?post=148912"}],"curies":[{"name":"wp","href":"https:\/\/api.w.org\/{rel}","templated":true}]}}