{"id":148914,"date":"2025-12-29T12:03:31","date_gmt":"2025-12-29T11:03:31","guid":{"rendered":"https:\/\/pharmacima.com\/?post_type=product&#038;p=148914"},"modified":"2025-12-29T12:03:37","modified_gmt":"2025-12-29T11:03:37","slug":"photoblock-gel-75g-kalos","status":"publish","type":"product","link":"https:\/\/pharmacima.com\/ar\/product\/photoblock-gel-75g-kalos\/","title":{"rendered":"Photoblock Gel 75g Kalos"},"content":{"rendered":"<h1><strong>\u0648\u0635\u0641 :\u00a0<\/strong><\/h1>\n<h2><strong data-start=\"215\" data-end=\"233\">Photoblock Gel<\/strong> Kalos est un <strong data-start=\"241\" data-end=\"282\">\u00e9cran solaire \u00e0 tr\u00e8s haute protection<\/strong> con\u00e7u pour prot\u00e9ger la peau contre les <strong data-start=\"322\" data-end=\"349\">effets nocifs du soleil<\/strong>, notamment les rayons <strong data-start=\"372\" data-end=\"386\">UVA et UVB<\/strong>, avec un <strong data-start=\"396\" data-end=\"414\">indice SPF 50+<\/strong>. Il se pr\u00e9sente sous forme de <strong data-start=\"445\" data-end=\"471\">gel l\u00e9ger \u00e0 base d\u2019eau<\/strong>, sp\u00e9cialement formul\u00e9 <strong data-start=\"494\" data-end=\"543\">pour les peaux grasses et \u00e0 tendance acn\u00e9ique<\/strong>, car il est <strong data-start=\"556\" data-end=\"574\">non com\u00e9dog\u00e8ne<\/strong> (n\u2019obstrue pas les pores) et <strong data-start=\"604\" data-end=\"616\">non-gras<\/strong> sur la peau.<\/h2>\n<p>&nbsp;<\/p>\n<h2><strong>\u0627\u0644\u062a\u0631\u0643\u064a\u0628\u0629 :\u00a0<\/strong><\/h2>\n<ul>\n<li data-start=\"1620\" data-end=\"1786\">\n<p data-start=\"1623\" data-end=\"1786\"><strong data-start=\"1623\" data-end=\"1651\">Sur peau propre et s\u00e8che<\/strong>, applique une <strong data-start=\"1666\" data-end=\"1696\">quantit\u00e9 suffisante de gel<\/strong> sur les zones expos\u00e9es (visage, cou, bras, etc.).<\/p>\n<\/li>\n<li data-start=\"1787\" data-end=\"1882\">\n<p data-start=\"1790\" data-end=\"1882\">\u00c9tale uniform\u00e9ment <strong data-start=\"1809\" data-end=\"1841\">avant l\u2019exposition au soleil<\/strong>.<\/p>\n<\/li>\n<li data-start=\"1883\" data-end=\"2063\">\n<p data-start=\"1886\" data-end=\"2063\"><strong data-start=\"1886\" data-end=\"1934\">Renouvelle l\u2019application toutes les 2 heures<\/strong>\u060c \u0623\u0648 <strong data-start=\"1939\" data-end=\"1997\">apr\u00e8s baignade, transpiration importante ou frottement<\/strong> (serviette, v\u00eatements).<\/p>\n<\/li>\n<li data-start=\"2064\" data-end=\"2232\">\n<p data-start=\"2067\" data-end=\"2232\">Pour une protection optimale, n\u2019oublie <strong data-start=\"2106\" data-end=\"2162\">pas d\u2019appliquer aussi sur les zones souvent oubli\u00e9es<\/strong> comme les oreilles ou le cou.<\/p>\n<\/li>\n<\/ul>","protected":false},"excerpt":{"rendered":"<p><span style=\"color: #00ccff;\"><strong>Photoblock Gel SPF 50+ 75 g (Kalos) <\/strong><\/span>\u0647\u0648 <strong data-start=\"3344\" data-end=\"3376\">gel solaire haute protection<\/strong> sp\u00e9cialement d\u00e9velopp\u00e9 pour les <strong data-start=\"3409\" data-end=\"3449\">peaux grasses et \u00e0 tendance acn\u00e9ique<\/strong>, offrant une <strong data-start=\"3463\" data-end=\"3505\">protection efficace contre les UVA\/UVB<\/strong>, une <strong data-start=\"3511\" data-end=\"3540\">texture l\u00e9g\u00e8re non-grasse<\/strong> \u0648 \u0648\u0627\u062d\u062f <strong data-start=\"3547\" data-end=\"3578\">effet hydratant confortable<\/strong><\/p>","protected":false},"featured_media":148915,"comment_status":"open","ping_status":"closed","template":"","meta":{"_acf_changed":false},"product_brand":[1556],"product_cat":[102,139,137],"product_tag":[],"class_list":{"0":"post-148914","1":"product","2":"type-product","3":"status-publish","4":"has-post-thumbnail","6":"product_brand-kalos","7":"product_cat-soin-et-bien-etre","8":"product_cat-corps_","9":"product_cat-visage","11":"first","12":"instock","13":"taxable","14":"shipping-taxable","15":"purchasable","16":"product-type-simple"},"acf":[],"_links":{"self":[{"href":"https:\/\/pharmacima.com\/ar\/wp-json\/wp\/v2\/product\/148914","targetHints":{"allow":["GET"]}}],"collection":[{"href":"https:\/\/pharmacima.com\/ar\/wp-json\/wp\/v2\/product"}],"about":[{"href":"https:\/\/pharmacima.com\/ar\/wp-json\/wp\/v2\/types\/product"}],"replies":[{"embeddable":true,"href":"https:\/\/pharmacima.com\/ar\/wp-json\/wp\/v2\/comments?post=148914"}],"wp:featuredmedia":[{"embeddable":true,"href":"https:\/\/pharmacima.com\/ar\/wp-json\/wp\/v2\/media\/148915"}],"wp:attachment":[{"href":"https:\/\/pharmacima.com\/ar\/wp-json\/wp\/v2\/media?parent=148914"}],"wp:term":[{"taxonomy":"product_brand","embeddable":true,"href":"https:\/\/pharmacima.com\/ar\/wp-json\/wp\/v2\/product_brand?post=148914"},{"taxonomy":"product_cat","embeddable":true,"href":"https:\/\/pharmacima.com\/ar\/wp-json\/wp\/v2\/product_cat?post=148914"},{"taxonomy":"product_tag","embeddable":true,"href":"https:\/\/pharmacima.com\/ar\/wp-json\/wp\/v2\/product_tag?post=148914"}],"curies":[{"name":"wp","href":"https:\/\/api.w.org\/{rel}","templated":true}]}}