{"id":148916,"date":"2025-12-29T12:35:13","date_gmt":"2025-12-29T11:35:13","guid":{"rendered":"https:\/\/pharmacima.com\/?post_type=product&#038;p=148916"},"modified":"2026-04-12T10:58:03","modified_gmt":"2026-04-12T09:58:03","slug":"delice-solution-anti-poux-et-lentes-50ml-kalos","status":"publish","type":"product","link":"https:\/\/pharmacima.com\/ar\/product\/delice-solution-anti-poux-et-lentes-50ml-kalos\/","title":{"rendered":"Delice solution Anti poux et Lentes 50ml Kalos"},"content":{"rendered":"<h1><strong>\u0648\u0635\u0641 :<\/strong><\/h1>\n<h2><strong data-start=\"275\" data-end=\"320\">Delice Solution Anti-poux et Lentes 50 ml<\/strong> <strong>Kalos<\/strong> \u0627\u0646\u0647\u0627 <strong data-start=\"329\" data-end=\"397\">lotion capillaire anti-poux efficace d\u00e8s la premi\u00e8re application<\/strong>. Elle est con\u00e7ue pour <strong data-start=\"420\" data-end=\"473\">\u00e9radiquer physiquement les poux, larves et lentes<\/strong> (\u0153ufs) du cuir chevelu sans utiliser de pesticides neurotoxiques. Le m\u00e9canisme d\u2019action repose sur <strong data-start=\"573\" data-end=\"601\">l\u2019asphyxie des parasites<\/strong> en bouchant leurs orifices respiratoires plut\u00f4t que sur une action chimique toxique.<\/h2>\n<p>&nbsp;<\/p>\n<h2><strong>CONSEILLE D&rsquo;UTILISATION :\u00a0<\/strong><\/h2>\n<p data-start=\"1888\" data-end=\"2140\"><strong data-start=\"1888\" data-end=\"1911\">Avant application :<\/strong><\/p>\n<p data-start=\"1888\" data-end=\"2140\">\u00a0<strong>&#8211;<\/strong> Assure-toi que les cheveux sont <strong data-start=\"1949\" data-end=\"1957\">\u062c\u0627\u0641<\/strong>.<br data-start=\"1958\" data-end=\"1961\" \/><strong>\u00a0&#8211;<\/strong> \u00c9vite toute source de chaleur pendant l\u2019application (non applicable \u00e0 la dim\u00e9thicone mais bon \u00e0 savoir pour certains anti-poux en g\u00e9n\u00e9ral).<\/p>\n<p data-start=\"2142\" data-end=\"2170\"><strong data-start=\"2142\" data-end=\"2168\">\u00c9tapes d\u2019application :<\/strong><\/p>\n<ol data-start=\"2171\" data-end=\"3089\">\n<li data-start=\"2171\" data-end=\"2362\">\n<p data-start=\"2174\" data-end=\"2362\">Applique <strong data-start=\"2183\" data-end=\"2202\">Delice Solution<\/strong> directement sur le cuir chevelu et toute la chevelure, en commen\u00e7ant par les racines, puis r\u00e9partis de mani\u00e8re uniforme.<\/p>\n<\/li>\n<li data-start=\"2363\" data-end=\"2457\">\n<p data-start=\"2366\" data-end=\"2457\"><strong data-start=\"2366\" data-end=\"2385\">Masse doucement<\/strong> pour impr\u00e9gner tous les cheveux.<\/p>\n<\/li>\n<li data-start=\"2458\" data-end=\"2535\">\n<p data-start=\"2461\" data-end=\"2535\">Laisse agir <strong data-start=\"2473\" data-end=\"2487\">30 minutes<\/strong> minimum.<\/p>\n<\/li>\n<li data-start=\"2536\" data-end=\"2681\">\n<p data-start=\"2539\" data-end=\"2681\">Apr\u00e8s ce temps, <strong data-start=\"2555\" data-end=\"2584\">utilise le peigne sp\u00e9cial<\/strong> pour retirer les poux et lentes morts, m\u00e8che par m\u00e8che.<\/p>\n<\/li>\n<li data-start=\"2682\" data-end=\"2806\">\n<p data-start=\"2685\" data-end=\"2806\">Pour une efficacit\u00e9 optimale, <strong data-start=\"2715\" data-end=\"2764\">laisse agir jusqu\u2019\u00e0 8 heures ou toute la nuit<\/strong>.<\/p>\n<\/li>\n<li data-start=\"2807\" data-end=\"2901\">\n<p data-start=\"2810\" data-end=\"2901\"><strong data-start=\"2810\" data-end=\"2830\">Lave les cheveux<\/strong> avec ton shampooing habituel.<\/p>\n<\/li>\n<li data-start=\"2902\" data-end=\"3089\">\n<p data-start=\"2905\" data-end=\"3089\"><strong data-start=\"2905\" data-end=\"2942\">Contr\u00f4le la t\u00eate apr\u00e8s 8-10 jours<\/strong> pour v\u00e9rifier qu\u2019il n\u2019y a pas de r\u00e9infestation ou d\u2019\u0153ufs restants \u2014 <strong data-start=\"3011\" data-end=\"3049\">renouvelle le traitement si besoin<\/strong>.<\/p>\n<\/li>\n<\/ol>\n<p>&nbsp;<\/p>\n<h2><strong>Contre-indications et pr\u00e9cautions :<\/strong><\/h2>\n<p>Ne pas utiliser chez les enfants de moins de 2 ans.<\/p>","protected":false},"excerpt":{"rendered":"<p><span style=\"color: #cc99ff;\"><strong data-start=\"3580\" data-end=\"3641\">Delice Solution Anti-poux et Lentes 50 ml Kalos<\/strong>\u00a0<\/span>\u0627\u0646\u0647\u0627 <em data-start=\"3650\" data-end=\"3687\">solution capillaire moderne et s\u00fbre<\/em> pour \u00e9liminer efficacement poux, larves et lentes par un m\u00e9canisme <strong data-start=\"3755\" data-end=\"3794\">physique (asphyxie via dim\u00e9thicone)<\/strong> sans pesticides neurotoxiques. Elle est facile \u00e0 appliquer, inclut un peigne sp\u00e9cifique et peut \u00eatre suffisante en une seule application si bien utilis\u00e9e.<\/p>","protected":false},"featured_media":148917,"comment_status":"open","ping_status":"closed","template":"","meta":{"_acf_changed":false},"product_brand":[1556],"product_cat":[102,138],"product_tag":[],"class_list":{"0":"post-148916","1":"product","2":"type-product","3":"status-publish","4":"has-post-thumbnail","6":"product_brand-kalos","7":"product_cat-soin-et-bien-etre","8":"product_cat-cheveux_","10":"first","11":"outofstock","12":"taxable","13":"shipping-taxable","14":"purchasable","15":"product-type-simple"},"acf":[],"_links":{"self":[{"href":"https:\/\/pharmacima.com\/ar\/wp-json\/wp\/v2\/product\/148916","targetHints":{"allow":["GET"]}}],"collection":[{"href":"https:\/\/pharmacima.com\/ar\/wp-json\/wp\/v2\/product"}],"about":[{"href":"https:\/\/pharmacima.com\/ar\/wp-json\/wp\/v2\/types\/product"}],"replies":[{"embeddable":true,"href":"https:\/\/pharmacima.com\/ar\/wp-json\/wp\/v2\/comments?post=148916"}],"wp:featuredmedia":[{"embeddable":true,"href":"https:\/\/pharmacima.com\/ar\/wp-json\/wp\/v2\/media\/148917"}],"wp:attachment":[{"href":"https:\/\/pharmacima.com\/ar\/wp-json\/wp\/v2\/media?parent=148916"}],"wp:term":[{"taxonomy":"product_brand","embeddable":true,"href":"https:\/\/pharmacima.com\/ar\/wp-json\/wp\/v2\/product_brand?post=148916"},{"taxonomy":"product_cat","embeddable":true,"href":"https:\/\/pharmacima.com\/ar\/wp-json\/wp\/v2\/product_cat?post=148916"},{"taxonomy":"product_tag","embeddable":true,"href":"https:\/\/pharmacima.com\/ar\/wp-json\/wp\/v2\/product_tag?post=148916"}],"curies":[{"name":"wp","href":"https:\/\/api.w.org\/{rel}","templated":true}]}}