{"id":148918,"date":"2025-12-29T13:42:02","date_gmt":"2025-12-29T12:42:02","guid":{"rendered":"https:\/\/pharmacima.com\/?post_type=product&#038;p=148918"},"modified":"2026-02-24T22:49:31","modified_gmt":"2026-02-24T21:49:31","slug":"derma-lightening-cream-30g-kalos","status":"publish","type":"product","link":"https:\/\/pharmacima.com\/ar\/product\/derma-lightening-cream-30g-kalos\/","title":{"rendered":"Derma lightening cream 30g Kalos"},"content":{"rendered":"<h1><strong>DESCRIPTION :\u00a0<\/strong><\/h1>\n<h2><strong data-start=\"330\" data-end=\"356\">Derma Lightening Cream<\/strong> est une <strong data-start=\"365\" data-end=\"406\">cr\u00e8me d\u00e9pigmentante et \u00e9claircissante<\/strong> formul\u00e9e pour <strong data-start=\"421\" data-end=\"441\">unifier le teint<\/strong>, <strong data-start=\"443\" data-end=\"479\">att\u00e9nuer les taches pigmentaires<\/strong> et <strong data-start=\"483\" data-end=\"534\">am\u00e9liorer l\u2019apparence des zones hyperpigment\u00e9es<\/strong> du visage ou du corps. <span class=\"\" data-state=\"closed\"><span class=\"ms-1 inline-flex max-w-full items-center relative top-[-0.094rem] animate-[show_150ms_ease-in]\" data-testid=\"webpage-citation-pill\"><span class=\"relative start-0 bottom-0 flex h-full w-full items-center\"><span class=\"flex h-4 w-full items-center justify-between overflow-hidden\"><span class=\"max-w-[15ch] grow truncate overflow-hidden text-center\">Kalos<\/span><\/span><\/span><\/span><\/span><\/h2>\n<p>&nbsp;<\/p>\n<h2><strong>COMPOSITION :<\/strong><\/h2>\n<ul data-start=\"980\" data-end=\"1315\">\n<li data-start=\"980\" data-end=\"1107\">\n<p data-start=\"982\" data-end=\"1107\"><strong data-start=\"982\" data-end=\"998\">Hydroquinone<\/strong> \u2013 agent d\u00e9pigmentant qui agit en r\u00e9duisant la formation de m\u00e9lanine.<\/p>\n<\/li>\n<li data-start=\"1108\" data-end=\"1315\">\n<p data-start=\"1110\" data-end=\"1315\"><strong data-start=\"1110\" data-end=\"1124\">Tretino\u00efne<\/strong> \u2013 d\u00e9riv\u00e9 de la vitamine A qui stimule le <strong data-start=\"1166\" data-end=\"1195\">renouvellement cellulaire<\/strong> et aide \u00e0 am\u00e9liorer la texture de la peau ainsi que l\u2019efficacit\u00e9 d\u00e9pigmentante.<\/p>\n<\/li>\n<li data-start=\"1374\" data-end=\"1412\">\n<p data-start=\"1376\" data-end=\"1412\">Aqua (eau), <strong data-start=\"1388\" data-end=\"1400\">glycerin<\/strong><\/p>\n<\/li>\n<li data-start=\"1413\" data-end=\"1471\">\n<p data-start=\"1415\" data-end=\"1471\"><strong data-start=\"1415\" data-end=\"1450\">Cetyl alcohol, Cetearyl alcohol<\/strong><\/p>\n<\/li>\n<li data-start=\"1472\" data-end=\"1523\">\n<p data-start=\"1474\" data-end=\"1523\"><strong data-start=\"1474\" data-end=\"1489\">Dimethicone<\/strong><\/p>\n<\/li>\n<li data-start=\"1524\" data-end=\"1576\">\n<p data-start=\"1526\" data-end=\"1576\"><strong data-start=\"1526\" data-end=\"1554\">Stearic acid, petrolatum<\/strong><\/p>\n<\/li>\n<li data-start=\"1577\" data-end=\"1612\">\n<p data-start=\"1579\" data-end=\"1612\"><strong data-start=\"1579\" data-end=\"1597\">Benzyl alcohol<\/strong><\/p>\n<\/li>\n<li data-start=\"1613\" data-end=\"1806\">\n<p data-start=\"1615\" data-end=\"1806\"><strong data-start=\"1615\" data-end=\"1640\">Sodium lauryl sulfate<\/strong><\/p>\n<\/li>\n<\/ul>\n<p>&nbsp;<\/p>\n<h2><strong>CONSEILLE D&rsquo;UTILISATION :\u00a0<\/strong><\/h2>\n<ul>\n<li data-start=\"2365\" data-end=\"2401\">\n<p data-start=\"2368\" data-end=\"2401\">Nettoyer et <strong data-start=\"2380\" data-end=\"2398\">s\u00e9cher la peau<\/strong>.<\/p>\n<\/li>\n<li data-start=\"2402\" data-end=\"2470\">\n<p data-start=\"2405\" data-end=\"2470\">Appliquer une <strong data-start=\"2419\" data-end=\"2434\">fine couche<\/strong> de cr\u00e8me sur les zones \u00e0 traiter.<\/p>\n<\/li>\n<li data-start=\"2471\" data-end=\"2517\">\n<p data-start=\"2474\" data-end=\"2517\"><strong data-start=\"2474\" data-end=\"2494\">Masser doucement<\/strong> pour faire p\u00e9n\u00e9trer.<\/p>\n<\/li>\n<li data-start=\"2518\" data-end=\"2615\">\n<p data-start=\"2521\" data-end=\"2615\">Utiliser <strong data-start=\"2530\" data-end=\"2574\">une fois par jour, de pr\u00e9f\u00e9rence le soir<\/strong>.<\/p>\n<\/li>\n<\/ul>\n","protected":false},"excerpt":{"rendered":"<p><span style=\"color: #cc99ff;\"><strong data-start=\"3440\" data-end=\"3479\">Derma Lightening Cream 30 g (Kalos)<\/strong>\u00a0 <\/span><\/p>\n<p><strong data-start=\"3488\" data-end=\"3526\">cr\u00e8me d\u00e9pigmentante pour \u00e9liminer les taches brunes<\/strong><\/p>","protected":false},"featured_media":148919,"comment_status":"open","ping_status":"closed","template":"","meta":{"_acf_changed":false},"product_brand":[1556],"product_cat":[102,139,137],"product_tag":[],"class_list":{"0":"post-148918","1":"product","2":"type-product","3":"status-publish","4":"has-post-thumbnail","6":"product_brand-kalos","7":"product_cat-soin-et-bien-etre","8":"product_cat-corps_","9":"product_cat-visage","11":"first","12":"instock","13":"taxable","14":"shipping-taxable","15":"purchasable","16":"product-type-simple"},"acf":[],"_links":{"self":[{"href":"https:\/\/pharmacima.com\/ar\/wp-json\/wp\/v2\/product\/148918","targetHints":{"allow":["GET"]}}],"collection":[{"href":"https:\/\/pharmacima.com\/ar\/wp-json\/wp\/v2\/product"}],"about":[{"href":"https:\/\/pharmacima.com\/ar\/wp-json\/wp\/v2\/types\/product"}],"replies":[{"embeddable":true,"href":"https:\/\/pharmacima.com\/ar\/wp-json\/wp\/v2\/comments?post=148918"}],"wp:featuredmedia":[{"embeddable":true,"href":"https:\/\/pharmacima.com\/ar\/wp-json\/wp\/v2\/media\/148919"}],"wp:attachment":[{"href":"https:\/\/pharmacima.com\/ar\/wp-json\/wp\/v2\/media?parent=148918"}],"wp:term":[{"taxonomy":"product_brand","embeddable":true,"href":"https:\/\/pharmacima.com\/ar\/wp-json\/wp\/v2\/product_brand?post=148918"},{"taxonomy":"product_cat","embeddable":true,"href":"https:\/\/pharmacima.com\/ar\/wp-json\/wp\/v2\/product_cat?post=148918"},{"taxonomy":"product_tag","embeddable":true,"href":"https:\/\/pharmacima.com\/ar\/wp-json\/wp\/v2\/product_tag?post=148918"}],"curies":[{"name":"wp","href":"https:\/\/api.w.org\/{rel}","templated":true}]}}