{"id":148923,"date":"2025-12-29T15:43:27","date_gmt":"2025-12-29T14:43:27","guid":{"rendered":"https:\/\/pharmacima.com\/?post_type=product&#038;p=148923"},"modified":"2025-12-29T15:47:10","modified_gmt":"2025-12-29T14:47:10","slug":"biokine-gel-de-massage-100g-l-d-m","status":"publish","type":"product","link":"https:\/\/pharmacima.com\/ar\/product\/biokine-gel-de-massage-100g-l-d-m\/","title":{"rendered":"Biokine Gel de massage 100g LDM"},"content":{"rendered":"<h1><strong>\u0648\u0635\u0641 :<\/strong><\/h1>\n<h2>\u0627\u0644 <strong data-start=\"240\" data-end=\"266\">Biokin\u00e9 Gel de Massage<\/strong> (LDM) est un <strong data-start=\"274\" data-end=\"300\">gel de massage topique<\/strong> \u0635\u0646\u0639 \u0644\u0627\u062c\u0644 <strong data-start=\"312\" data-end=\"373\">apaiser les tensions musculaires et douleurs articulaires<\/strong> gr\u00e2ce \u00e0 une <strong data-start=\"386\" data-end=\"426\">formule \u00e0 base d\u2019huiles essentielles<\/strong>. Il est souvent utilis\u00e9 pour d\u00e9tendre les muscles apr\u00e8s l\u2019effort, soulager les courbatures ou calmer les douleurs l\u00e9g\u00e8res du dos, des \u00e9paules, des jambes.<\/h2>\n<p>&nbsp;<\/p>\n<h2>\u0627\u0644\u062a\u0631\u0643\u064a\u0628\u0629 :<\/h2>\n<h3 data-start=\"1691\" data-end=\"1726\"><strong data-start=\"1698\" data-end=\"1726\">Huiles essentielles cl\u00e9s<\/strong><\/h3>\n<ul data-start=\"1727\" data-end=\"2290\">\n<li data-start=\"1727\" data-end=\"1845\">\n<p data-start=\"1729\" data-end=\"1845\"><strong data-start=\"1729\" data-end=\"1757\">Menthe poivr\u00e9e (menthol)<\/strong> \u2013 effet <strong data-start=\"1766\" data-end=\"1805\">rafra\u00eechissant et analg\u00e9sique local<\/strong>.<\/p>\n<\/li>\n<li data-start=\"1846\" data-end=\"2052\">\n<p data-start=\"1848\" data-end=\"2052\"><strong data-start=\"1848\" data-end=\"1895\">Gaulth\u00e9rie odorante (salicylate de m\u00e9thyle)<\/strong> - <strong data-start=\"1898\" data-end=\"1942\">antalgique et anti-inflammatoire naturel<\/strong>, souvent utilis\u00e9 pour soulager douleurs musculaires et articulaires.<\/p>\n<\/li>\n<li data-start=\"2053\" data-end=\"2156\">\n<p data-start=\"2055\" data-end=\"2156\"><strong data-start=\"2055\" data-end=\"2084\">Clou de girofle (eug\u00e9nol)<\/strong> \u2013 propri\u00e9t\u00e9s <strong data-start=\"2098\" data-end=\"2114\">analg\u00e9siques<\/strong>.<\/p>\n<\/li>\n<li data-start=\"2157\" data-end=\"2290\">\n<p data-start=\"2159\" data-end=\"2290\"><strong data-start=\"2159\" data-end=\"2173\">Eucalyptus<\/strong> - <strong data-start=\"2176\" data-end=\"2198\">anti-inflammatoire<\/strong> et procure une <strong data-start=\"2214\" data-end=\"2235\">sensation fra\u00eeche<\/strong> suppl\u00e9mentaire.<\/p>\n<\/li>\n<li data-start=\"2322\" data-end=\"2404\">\n<p data-start=\"2324\" data-end=\"2404\"><strong data-start=\"2324\" data-end=\"2336\">Glyc\u00e9rol<\/strong> \u2013 aide \u00e0 hydrater la peau.<\/p>\n<\/li>\n<li data-start=\"2405\" data-end=\"2534\">\n<p data-start=\"2407\" data-end=\"2534\"><strong data-start=\"2407\" data-end=\"2466\">Carbomer, tri\u00e9thanolamine, phenoxy\u00e9thanol, \u00e9thanol, eau<\/strong> \u2013 support et texture du gel.<\/p>\n<\/li>\n<\/ul>\n<p>&nbsp;<\/p>\n<h2>CONSEILLE D&rsquo;UTILISATION :<\/h2>\n<p><strong data-start=\"2744\" data-end=\"2759\">\u0637\u0644\u0628<\/strong> : \u00c9taler une <strong data-start=\"2773\" data-end=\"2792\">noisette de gel<\/strong> sur la zone concern\u00e9e.<br data-start=\"2854\" data-end=\"2857\" \/><strong data-start=\"2860\" data-end=\"2871\">\u062a\u062f\u0644\u064a\u0643<\/strong> : Masser d\u00e9licatement pendant <strong data-start=\"2902\" data-end=\"2922\">quelques minutes<\/strong> jusqu\u2019\u00e0 p\u00e9n\u00e9tration compl\u00e8te pour favoriser l\u2019effet apaisant.<br data-start=\"3023\" data-end=\"3026\" \/><strong data-start=\"3029\" data-end=\"3042\">Fr\u00e9quence<\/strong> : Peut \u00eatre appliqu\u00e9 <strong data-start=\"3064\" data-end=\"3087\">1 \u00e0 3 fois par jour<\/strong> selon les besoins et la tol\u00e9rance cutan\u00e9e.<\/p>","protected":false},"excerpt":{"rendered":"<p><span style=\"color: #cc99ff;\"><strong data-start=\"3996\" data-end=\"4041\">Biokin\u00e9 Gel de Massage 100 g (LDM)<\/strong> <\/span>\u0647\u0648 <strong data-start=\"4049\" data-end=\"4095\">gel apaisant pour muscles et articulations<\/strong> \u00e0 base d\u2019huiles essentielles (menthe poivr\u00e9e, gaulth\u00e9rie, eucalyptus, clou de girofle). Il <strong data-start=\"4187\" data-end=\"4209\">p\u00e9n\u00e8tre rapidement<\/strong>, offre une <strong data-start=\"4221\" data-end=\"4247\">sensation de fra\u00eecheur<\/strong>, et aide \u00e0 soulager douleurs l\u00e9g\u00e8res et tensions musculaires lors de massage.<\/p>","protected":false},"featured_media":148924,"comment_status":"open","ping_status":"closed","template":"","meta":{"_acf_changed":false},"product_brand":[1558],"product_cat":[102,139],"product_tag":[],"class_list":{"0":"post-148923","1":"product","2":"type-product","3":"status-publish","4":"has-post-thumbnail","6":"product_brand-l-d-m","7":"product_cat-soin-et-bien-etre","8":"product_cat-corps_","10":"first","11":"instock","12":"taxable","13":"shipping-taxable","14":"purchasable","15":"product-type-simple"},"acf":[],"_links":{"self":[{"href":"https:\/\/pharmacima.com\/ar\/wp-json\/wp\/v2\/product\/148923","targetHints":{"allow":["GET"]}}],"collection":[{"href":"https:\/\/pharmacima.com\/ar\/wp-json\/wp\/v2\/product"}],"about":[{"href":"https:\/\/pharmacima.com\/ar\/wp-json\/wp\/v2\/types\/product"}],"replies":[{"embeddable":true,"href":"https:\/\/pharmacima.com\/ar\/wp-json\/wp\/v2\/comments?post=148923"}],"wp:featuredmedia":[{"embeddable":true,"href":"https:\/\/pharmacima.com\/ar\/wp-json\/wp\/v2\/media\/148924"}],"wp:attachment":[{"href":"https:\/\/pharmacima.com\/ar\/wp-json\/wp\/v2\/media?parent=148923"}],"wp:term":[{"taxonomy":"product_brand","embeddable":true,"href":"https:\/\/pharmacima.com\/ar\/wp-json\/wp\/v2\/product_brand?post=148923"},{"taxonomy":"product_cat","embeddable":true,"href":"https:\/\/pharmacima.com\/ar\/wp-json\/wp\/v2\/product_cat?post=148923"},{"taxonomy":"product_tag","embeddable":true,"href":"https:\/\/pharmacima.com\/ar\/wp-json\/wp\/v2\/product_tag?post=148923"}],"curies":[{"name":"wp","href":"https:\/\/api.w.org\/{rel}","templated":true}]}}