{"id":148932,"date":"2025-12-29T16:47:54","date_gmt":"2025-12-29T15:47:54","guid":{"rendered":"https:\/\/pharmacima.com\/?post_type=product&#038;p=148932"},"modified":"2026-04-16T17:55:19","modified_gmt":"2026-04-16T16:55:19","slug":"soulagel-50ml-proderma","status":"publish","type":"product","link":"https:\/\/pharmacima.com\/ar\/product\/soulagel-50ml-proderma\/","title":{"rendered":"Soulagel 50ml Proderma"},"content":{"rendered":"<h1><strong>\u0648\u0635\u0641 :\u00a0<\/strong><\/h1>\n<h2><strong data-start=\"304\" data-end=\"326\">Soulagel Gel 50 ml (Proderma) <\/strong>\u0647\u0648 <strong data-start=\"334\" data-end=\"446\">gel-cr\u00e8me topique con\u00e7ue pour soulager les douleurs musculaires et articulaires d\u2019intensit\u00e9 l\u00e9g\u00e8re \u00e0 mod\u00e9r\u00e9e<\/strong>. Il aide \u00e0 apaiser les tensions, soulager les contractures, les douleurs du bas du dos, les douleurs li\u00e9es \u00e0 l\u2019arthrose, les entorses ou encore les traumatismes sportifs.<\/h2>\n<p>&nbsp;<\/p>\n<h2><strong>\u0627\u0644\u062a\u0631\u0643\u064a\u0628\u0629 :\u00a0<\/strong><\/h2>\n<p><strong data-start=\"958\" data-end=\"1020\">Extrait naturel d\u2019harpagophytum <\/strong>\u00a0\u2013 anti-inflammatoire et analg\u00e9sique naturel.\u00a0<br data-start=\"1103\" data-end=\"1106\" \/>&#x2714; <strong data-start=\"1108\" data-end=\"1167\">Extrait naturel de reine-des-pr\u00e9s <\/strong>\u2013 aide \u00e0 r\u00e9duire la douleur musculaire et la raideur.\u00a0<br data-start=\"1259\" data-end=\"1262\" \/>&#x2714; <strong data-start=\"1264\" data-end=\"1321\">Huile essentielle de romarin <\/strong>\u2013 relaxante et apaisante.\u00a0<br data-start=\"1385\" data-end=\"1388\" \/>&#x2714; <strong data-start=\"1390\" data-end=\"1439\">Huile essentielle de menthe <\/strong>\u00a0\u2013 effet tonifiant et soulagement des douleurs.\u00a0<br data-start=\"1524\" data-end=\"1527\" \/>&#x2714; <strong data-start=\"1529\" data-end=\"1592\">Huile essentielle de clou de girofle<\/strong>\u00a0\u2013 propri\u00e9t\u00e9s anti-inflammatoires et analg\u00e9siques.<\/p>\n<p>&nbsp;<\/p>\n<h2 data-start=\"1912\" data-end=\"1947\"><strong data-start=\"1918\" data-end=\"1947\">INDICATIONS D\u2019UTILISATION:<\/strong><\/h2>\n<p data-start=\"1949\" data-end=\"1993\">Soulagel est utilis\u00e9 pour aider \u00e0 soulager :<\/p>\n<p data-start=\"1995\" data-end=\"2258\">&#8211; Douleurs musculaires (courbatures, contractures)<br data-start=\"2045\" data-end=\"2048\" \/>&#8211; Douleurs articulaires l\u00e9g\u00e8res (arthrose, raideurs)<br data-start=\"2100\" data-end=\"2103\" \/>&#8211; Mal de dos ou lumbago<br data-start=\"2126\" data-end=\"2129\" \/>&#8211; Entorses et traumatismes sportifs l\u00e9gers<br data-start=\"2171\" data-end=\"2174\" \/>&#8211; Sensation de tension ou inconfort musculaire<\/p>\n<h2 data-start=\"1995\" data-end=\"2258\">CONSEILLE D&rsquo;UTILISATION :<\/h2>\n<ul>\n<li data-start=\"2290\" data-end=\"2380\">\n<p data-start=\"2293\" data-end=\"2380\"><strong data-start=\"2293\" data-end=\"2321\">Usage externe uniquement<\/strong> : ne pas avaler.<\/p>\n<\/li>\n<li data-start=\"2381\" data-end=\"2502\">\n<p data-start=\"2384\" data-end=\"2502\">\u064a\u062a\u0642\u062f\u0645 <strong data-start=\"2394\" data-end=\"2428\">une petite quantit\u00e9 <\/strong>de gel sur la zone douloureuse.<\/p>\n<\/li>\n<li data-start=\"2503\" data-end=\"2597\">\n<p data-start=\"2506\" data-end=\"2597\"><strong data-start=\"2506\" data-end=\"2526\">Masser doucement<\/strong> jusqu\u2019\u00e0 compl\u00e8te absorption.<\/p>\n<\/li>\n<li data-start=\"2598\" data-end=\"2706\">\n<p data-start=\"2601\" data-end=\"2706\"><strong data-start=\"2601\" data-end=\"2624\">1 \u00e0 3 fois par jour<\/strong> selon les besoins ou douleur ressentie.<\/p>\n<\/li>\n<li data-start=\"2707\" data-end=\"2791\">\n<p data-start=\"2710\" data-end=\"2791\"><strong data-start=\"2710\" data-end=\"2732\">Se laver les mains<\/strong> apr\u00e8s application.<\/p>\n<\/li>\n<\/ul>","protected":false},"excerpt":{"rendered":"<p><span style=\"color: #cc99ff;\"><strong data-start=\"3347\" data-end=\"3380\">Soulagel Gel 50 ml (Proderma)<\/strong><\/span> \u0647\u0648 <strong data-start=\"3388\" data-end=\"3437\">gel de massage anti-inflammatoire et apaisant<\/strong><\/p>","protected":false},"featured_media":149602,"comment_status":"open","ping_status":"closed","template":"","meta":{"_acf_changed":false},"product_brand":[1566],"product_cat":[102,139,713],"product_tag":[],"class_list":{"0":"post-148932","1":"product","2":"type-product","3":"status-publish","4":"has-post-thumbnail","6":"product_brand-proderma","7":"product_cat-soin-et-bien-etre","8":"product_cat-corps_","9":"product_cat-pieds","11":"first","12":"instock","13":"taxable","14":"shipping-taxable","15":"purchasable","16":"product-type-simple"},"acf":[],"_links":{"self":[{"href":"https:\/\/pharmacima.com\/ar\/wp-json\/wp\/v2\/product\/148932","targetHints":{"allow":["GET"]}}],"collection":[{"href":"https:\/\/pharmacima.com\/ar\/wp-json\/wp\/v2\/product"}],"about":[{"href":"https:\/\/pharmacima.com\/ar\/wp-json\/wp\/v2\/types\/product"}],"replies":[{"embeddable":true,"href":"https:\/\/pharmacima.com\/ar\/wp-json\/wp\/v2\/comments?post=148932"}],"wp:featuredmedia":[{"embeddable":true,"href":"https:\/\/pharmacima.com\/ar\/wp-json\/wp\/v2\/media\/149602"}],"wp:attachment":[{"href":"https:\/\/pharmacima.com\/ar\/wp-json\/wp\/v2\/media?parent=148932"}],"wp:term":[{"taxonomy":"product_brand","embeddable":true,"href":"https:\/\/pharmacima.com\/ar\/wp-json\/wp\/v2\/product_brand?post=148932"},{"taxonomy":"product_cat","embeddable":true,"href":"https:\/\/pharmacima.com\/ar\/wp-json\/wp\/v2\/product_cat?post=148932"},{"taxonomy":"product_tag","embeddable":true,"href":"https:\/\/pharmacima.com\/ar\/wp-json\/wp\/v2\/product_tag?post=148932"}],"curies":[{"name":"wp","href":"https:\/\/api.w.org\/{rel}","templated":true}]}}