{"id":148954,"date":"2025-12-30T15:01:51","date_gmt":"2025-12-30T14:01:51","guid":{"rendered":"https:\/\/pharmacima.com\/?post_type=product&#038;p=148954"},"modified":"2026-02-11T16:35:21","modified_gmt":"2026-02-11T15:35:21","slug":"biafiderm-emulsion-50g-symbiose","status":"publish","type":"product","link":"https:\/\/pharmacima.com\/ar\/product\/biafiderm-emulsion-50g-symbiose\/","title":{"rendered":"Biafiderm emulsion 50g Symbiose"},"content":{"rendered":"<h1><strong>\u0648\u0635\u0641 :\u00a0<\/strong><\/h1>\n<h2>Biafiderm \u00c9mulsion 50\u202fg (Symbiose) est un soin dermatologique en \u00e9mulsion pour application cutan\u00e9e, con\u00e7u pour apaiser et favoriser la r\u00e9paration de la peau en cas de rougeurs, br\u00fblures superficielles (premier et second degr\u00e9) et plaies cutan\u00e9es non infect\u00e9es.<\/h2>\n<h2>Il est utilis\u00e9 comme aide dans le traitement des l\u00e9sions cutan\u00e9es mineures du quotidien, via une application externe douce.<\/h2>\n<p>&nbsp;<\/p>\n<h2><strong>CONSEILLE D&rsquo;UTILISATION :\u00a0<\/strong><\/h2>\n<p data-start=\"1522\" data-end=\"1608\">Voie d\u2019application : cutan\u00e9e uniquement.<\/p>\n<ol data-start=\"1609\" data-end=\"1935\">\n<li data-start=\"1609\" data-end=\"1663\">\n<p data-start=\"1612\" data-end=\"1663\">Nettoyez et s\u00e9chez la zone cutan\u00e9e concern\u00e9e.<\/p>\n<\/li>\n<li data-start=\"1664\" data-end=\"1736\">\n<p data-start=\"1667\" data-end=\"1736\">Appliquez l\u2019\u00e9mulsion Biafiderm directement sur la zone touch\u00e9e.<\/p>\n<\/li>\n<li data-start=\"1737\" data-end=\"1794\">\n<p data-start=\"1740\" data-end=\"1794\">Massez d\u00e9licatement jusqu\u2019\u00e0 absorption compl\u00e8te<\/p>\n<\/li>\n<li data-start=\"1737\" data-end=\"1794\">\n<p data-start=\"1740\" data-end=\"1794\">R\u00e9p\u00e9tez une \u00e0 plusieurs fois par jour<\/p>\n<\/li>\n<\/ol>\n<h3 data-start=\"1937\" data-end=\"1967\"><strong data-start=\"1943\" data-end=\"1967\">PRECAUTIONS D\u2019EMPLOI :<\/strong><\/h3>\n<ul data-start=\"1968\" data-end=\"2317\">\n<li data-start=\"1968\" data-end=\"2074\">\n<p data-start=\"1970\" data-end=\"2074\"><strong>Ne pas utiliser sur plaies infect\u00e9es ou ouvertes s\u00e9v\u00e8rement.<\/strong><\/p>\n<\/li>\n<li data-start=\"2075\" data-end=\"2109\">\n<p data-start=\"2077\" data-end=\"2109\"><strong>Usage strictement externe.<\/strong><\/p>\n<\/li>\n<li data-start=\"2110\" data-end=\"2150\">\n<p data-start=\"2112\" data-end=\"2150\"><strong>\u062a\u062c\u0646\u0628 \u0645\u0644\u0627\u0645\u0633\u0629 \u0627\u0644\u0639\u064a\u0646\u064a\u0646.<\/strong><\/p>\n<\/li>\n<li data-start=\"2151\" data-end=\"2230\">\n<p data-start=\"2153\" data-end=\"2230\"><strong>\u064a\u062d\u0641\u0638 \u0628\u0639\u064a\u062f\u0627 \u0639\u0646 \u0645\u062a\u0646\u0627\u0648\u0644 \u0627\u0644\u0623\u0637\u0641\u0627\u0644.<\/strong><\/p>\n<\/li>\n<li data-start=\"2231\" data-end=\"2317\">\n<p data-start=\"2233\" data-end=\"2317\"><strong>Conserver \u00e0 temp\u00e9rature au\u2011dessus de 0\u202f\u00b0C.<\/strong><\/p>\n<\/li>\n<\/ul>\n<p>&nbsp;<\/p>\n<p>SYMBIOSE.<\/p>","protected":false},"excerpt":{"rendered":"<p><span style=\"color: #cc99ff;\"><strong>BIAFIDERM -SYMBIOSE- <\/strong><span style=\"color: #000000;\">est une \u00e9mulsion indiqu\u00e9e en cas de rougeurs de la peau, brulures du premier et second degr\u00e9\u00a0<\/span><\/span><\/p>","protected":false},"featured_media":149617,"comment_status":"open","ping_status":"closed","template":"","meta":{"_acf_changed":false},"product_brand":[1569],"product_cat":[1570,102],"product_tag":[],"class_list":{"0":"post-148954","1":"product","2":"type-product","3":"status-publish","4":"has-post-thumbnail","6":"product_brand-symbiose","7":"product_cat-brulures","8":"product_cat-soin-et-bien-etre","10":"first","11":"instock","12":"taxable","13":"shipping-taxable","14":"purchasable","15":"product-type-simple"},"acf":[],"_links":{"self":[{"href":"https:\/\/pharmacima.com\/ar\/wp-json\/wp\/v2\/product\/148954","targetHints":{"allow":["GET"]}}],"collection":[{"href":"https:\/\/pharmacima.com\/ar\/wp-json\/wp\/v2\/product"}],"about":[{"href":"https:\/\/pharmacima.com\/ar\/wp-json\/wp\/v2\/types\/product"}],"replies":[{"embeddable":true,"href":"https:\/\/pharmacima.com\/ar\/wp-json\/wp\/v2\/comments?post=148954"}],"wp:featuredmedia":[{"embeddable":true,"href":"https:\/\/pharmacima.com\/ar\/wp-json\/wp\/v2\/media\/149617"}],"wp:attachment":[{"href":"https:\/\/pharmacima.com\/ar\/wp-json\/wp\/v2\/media?parent=148954"}],"wp:term":[{"taxonomy":"product_brand","embeddable":true,"href":"https:\/\/pharmacima.com\/ar\/wp-json\/wp\/v2\/product_brand?post=148954"},{"taxonomy":"product_cat","embeddable":true,"href":"https:\/\/pharmacima.com\/ar\/wp-json\/wp\/v2\/product_cat?post=148954"},{"taxonomy":"product_tag","embeddable":true,"href":"https:\/\/pharmacima.com\/ar\/wp-json\/wp\/v2\/product_tag?post=148954"}],"curies":[{"name":"wp","href":"https:\/\/api.w.org\/{rel}","templated":true}]}}