{"id":148958,"date":"2025-12-30T15:43:06","date_gmt":"2025-12-30T14:43:06","guid":{"rendered":"https:\/\/pharmacima.com\/?post_type=product&#038;p=148958"},"modified":"2026-03-15T14:59:04","modified_gmt":"2026-03-15T13:59:04","slug":"masseur-de-tete-staricare","status":"publish","type":"product","link":"https:\/\/pharmacima.com\/ar\/product\/masseur-de-tete-staricare\/","title":{"rendered":"Masseur de tete Staricare"},"content":{"rendered":"<h1><strong>\u0648\u0635\u0641 :<\/strong><\/h1>\n<h2>\u0627\u0644 <strong data-start=\"70\" data-end=\"99\">Masseur de t\u00eate Staricare<\/strong> \u0647\u0648 <strong data-start=\"107\" data-end=\"146\">outil de bien-\u00eatre simple et manuel<\/strong> inspir\u00e9 des techniques d\u2019acupression pour <strong data-start=\"189\" data-end=\"286\">stimuler le cuir chevelu, d\u00e9tendre la t\u00eate, soulager les tensions et apaiser les maux de t\u00eate<\/strong>.<\/h2>\n<h2 data-start=\"84\" data-end=\"117\"><strong data-start=\"91\" data-end=\"117\">\u0646\u0635\u0627\u0626\u062d \u0627\u0644\u0627\u0633\u062a\u0639\u0645\u0627\u0644 :<\/strong><\/h2>\n<ul data-start=\"118\" data-end=\"1002\">\n<li data-start=\"118\" data-end=\"262\">\n<p data-start=\"120\" data-end=\"262\">Place le masseur sur ton cuir chevelu en posant d\u00e9licatement les bras flexibles autour de la t\u00eate.<\/p>\n<\/li>\n<li data-start=\"263\" data-end=\"417\">\n<p data-start=\"265\" data-end=\"417\">Fais de l\u00e9gers mouvements circulaires ou de va-et-vient du haut vers le bas pour stimuler doucement la zone.<\/p>\n<\/li>\n<li data-start=\"418\" data-end=\"561\">\n<p data-start=\"420\" data-end=\"561\">Applique une pression douce et confortable, pas trop forte, pour \u00e9viter toute g\u00eane ou irritation.<\/p>\n<\/li>\n<li data-start=\"562\" data-end=\"686\">\n<p data-start=\"564\" data-end=\"686\">Tu peux l\u2019utiliser seul ou \u00e0 l\u2019aide d\u2019une autre personne pour plus de confort.<\/p>\n<\/li>\n<li data-start=\"687\" data-end=\"856\">\n<p data-start=\"689\" data-end=\"856\">Dur\u00e9e recommand\u00e9e : quelques minutes par s\u00e9ance, plusieurs fois par jour si besoin pour soulager les tensions ou le stress.<\/p>\n<\/li>\n<li data-start=\"857\" data-end=\"1002\">\n<p data-start=\"859\" data-end=\"1002\">Assure-toi que tes cheveux et ton cuir chevelu sont propres pour une meilleure exp\u00e9rience de massage.<\/p>\n<\/li>\n<\/ul>\n<p>&nbsp;<\/p>\n<p>Staricare.<\/p>","protected":false},"excerpt":{"rendered":"<p>DESCRIPTION : Le Masseur de t\u00eate Staricare est un outil de bien-\u00eatre simple et manuel inspir\u00e9 des techniques d\u2019acupression pour stimuler le cuir chevelu, d\u00e9tendre la t\u00eate, soulager les tensions et apaiser les maux de t\u00eate. CONSEILS D&rsquo;UTILISATION : Place le masseur sur ton cuir chevelu en posant d\u00e9licatement les bras flexibles autour de la [&hellip;]<\/p>\n","protected":false},"featured_media":149622,"comment_status":"open","ping_status":"closed","template":"","meta":{"_acf_changed":false},"product_brand":[1571],"product_cat":[102],"product_tag":[],"class_list":{"0":"post-148958","1":"product","2":"type-product","3":"status-publish","4":"has-post-thumbnail","6":"product_brand-staricare","7":"product_cat-soin-et-bien-etre","9":"first","10":"instock","11":"taxable","12":"shipping-taxable","13":"purchasable","14":"product-type-simple"},"acf":[],"_links":{"self":[{"href":"https:\/\/pharmacima.com\/ar\/wp-json\/wp\/v2\/product\/148958","targetHints":{"allow":["GET"]}}],"collection":[{"href":"https:\/\/pharmacima.com\/ar\/wp-json\/wp\/v2\/product"}],"about":[{"href":"https:\/\/pharmacima.com\/ar\/wp-json\/wp\/v2\/types\/product"}],"replies":[{"embeddable":true,"href":"https:\/\/pharmacima.com\/ar\/wp-json\/wp\/v2\/comments?post=148958"}],"wp:featuredmedia":[{"embeddable":true,"href":"https:\/\/pharmacima.com\/ar\/wp-json\/wp\/v2\/media\/149622"}],"wp:attachment":[{"href":"https:\/\/pharmacima.com\/ar\/wp-json\/wp\/v2\/media?parent=148958"}],"wp:term":[{"taxonomy":"product_brand","embeddable":true,"href":"https:\/\/pharmacima.com\/ar\/wp-json\/wp\/v2\/product_brand?post=148958"},{"taxonomy":"product_cat","embeddable":true,"href":"https:\/\/pharmacima.com\/ar\/wp-json\/wp\/v2\/product_cat?post=148958"},{"taxonomy":"product_tag","embeddable":true,"href":"https:\/\/pharmacima.com\/ar\/wp-json\/wp\/v2\/product_tag?post=148958"}],"curies":[{"name":"wp","href":"https:\/\/api.w.org\/{rel}","templated":true}]}}