{"id":148962,"date":"2025-12-30T17:35:16","date_gmt":"2025-12-30T16:35:16","guid":{"rendered":"https:\/\/pharmacima.com\/?post_type=product&#038;p=148962"},"modified":"2026-04-15T11:44:23","modified_gmt":"2026-04-15T10:44:23","slug":"capteur-freestyle-libre-2-plus-abbott","status":"publish","type":"product","link":"https:\/\/pharmacima.com\/ar\/product\/capteur-freestyle-libre-2-plus-abbott\/","title":{"rendered":"Capteur FreeStyle Libre 2 Plus Abbott"},"content":{"rendered":"<h1>\u0648\u0635\u0641 :<\/h1>\n<p>&nbsp;<\/p>\n<h2><strong>Le\u00a0capteur de glyc\u00e9mie Freestyle Libre 2 Plus\u00a0permet une\u00a0mesure en continu du taux de glucose. <\/strong><\/h2>\n<h2><strong>Avec lui, plus besoin de se piquer aux doigts plusieurs fois par jour pour conna\u00eetre sa glyc\u00e9mie !<br \/>\nUne fois pos\u00e9, il peut rester en place jusqu&rsquo;\u00e0 15 jours. <\/strong><\/h2>\n<h2><strong>Il convient \u00e0 partir de 2 ans.<\/strong><\/h2>\n<p>&nbsp;<\/p>\n<h2><strong>Pourquoi utiliser le capteur de glyc\u00e9mie Freestyle Libre 2 Plus ?<\/strong><\/h2>\n<h3><strong>Conna\u00eetre son taux de glucose dans le sang est fondamental pour les personnes diab\u00e9tiques et trait\u00e9s par insuline. <\/strong><\/h3>\n<h3><strong>Le capteur de glyc\u00e9mie Freestyle 2 Plus permet d&rsquo;obtenir cette donn\u00e9e en continu, sans devoir recourir \u00e0 l&rsquo;analyse d&rsquo;une goutte de sang. Il se pr\u00e9sente sous la forme d&rsquo;un petit cylindre plat, qui se fixe \u00e0 l&rsquo;arri\u00e8re du bras. <\/strong><\/h3>\n<h3><strong>Il analyse le taux de glucose gr\u00e2ce \u00e0 un filament ins\u00e9r\u00e9 dans les tissus interstitiels, sous la peau. <\/strong><\/h3>\n<h3><strong>Ce capteur,\u00a0une fois pos\u00e9, peut\u00a0rester en place\u00a0pendant 15 jours\u00a0! Il envoie ses donn\u00e9es \u00e0 un t\u00e9l\u00e9phone portable dot\u00e9 de l&rsquo;application\u00a0FreeStyle LibreLink\u00a0ou au lecteur de glyc\u00e9mie Freestyle Libre 2. <\/strong><\/h3>\n<h3><strong>Il permet une autosurveillance pr\u00e9cise et pratique de sa glyc\u00e9mie. Il est\u00a0simple d&rsquo;utilisation\u00a0et n&rsquo;a\u00a0pas besoin d&rsquo;\u00eatre \u00e9talonn\u00e9.<\/strong><br \/>\n<strong>\u00c9tanche, le capteur supporte sans probl\u00e8me l&rsquo;eau de la douche, du bain ou m\u00eame de la piscine.<\/strong><br \/>\n<strong>De\u00a0petite taille, il ne se fait pas remarquer.<\/strong><\/h3>\n<h2><strong>Caract\u00e9ristiques du capteur de glyc\u00e9mie Freestyle Libre 2 Plus<\/strong><\/h2>\n<ul>\n<li style=\"list-style-type: none;\">\n<ul>\n<li>\n<h3>Compatible avec le lecteur\u00a0Freestyle Libre 2 et l&rsquo;application\u00a0FreeStyle LibreLink.<\/h3>\n<\/li>\n<li>\n<h3>Taille : 35 mm diam\u00e8tre x 5 mm hauteur.<\/h3>\n<\/li>\n<li>\n<h3>Poids : 5 grammes.<\/h3>\n<\/li>\n<li>\n<h3>Dur\u00e9e de vie : 15 jours.<\/h3>\n<\/li>\n<li>\n<h3>M\u00e9moire du capteur : 8 heures.<\/h3>\n<\/li>\n<\/ul>\n<\/li>\n<\/ul>","protected":false},"excerpt":{"rendered":"<div class=\"text\">\n<section id=\"text-63e368afd5\" class=\"cmp-text\">\n<h1><strong>Utilisez l\u2019Application sur le Contr\u00f4leur<sup>2<\/sup> ( capteur de glycemie )<\/strong><\/h1>\n<h3><span style=\"color: #ff9900;\">Omnipod 5 pour d\u00e9marrer le capteur FreeStyle Libre 2 Plus. Celui-ci connecte le capteur au syst\u00e8me Omnipod 5 afin qu\u2019il soit pr\u00eat \u00e0 commencer la d\u00e9livrance automatis\u00e9e d\u2019insuline<sup>3<\/sup>.<\/span><\/h3>\n<\/section>\n<\/div>\n<div class=\"productsection o-product-section o-product-section--text-left pt-0\">\n<section id=\"section_productsection-f1c6900ecf\">\n<div id=\"productsection-f1c6900ecf\">\n<div class=\"o-product-section__container container\">\n<div class=\"o-product-section__row row\">\n<div class=\"o-product-section__badge\"><\/div>\n<div class=\"col-lg-6 col-sm-12 align-self-center o-product-section__content\">\n<div class=\"o-product-section__custom-list\">\n<div class=\"product-section-text-list customtextlist m-custom-list--primary m-custom-list__list-icon--primary\">\n<section id=\"section_customtextlist-40ed2bd74e\">\n<div id=\"customtextlist-40ed2bd74e\" class=\"m-custom-list m-custom-list--icon m-custom-list__icon--small\">\n<ul class=\"m-custom-list__wrapper\">\n<li class=\"m-custom-list__content\"><\/li>\n<\/ul>\n<\/div>\n<\/section>\n<\/div>\n<\/div>\n<\/div>\n<\/div>\n<\/div>\n<\/div>\n<\/section>\n<\/div>","protected":false},"featured_media":148969,"comment_status":"open","ping_status":"closed","template":"","meta":{"_acf_changed":false},"product_brand":[1572],"product_cat":[30],"product_tag":[],"class_list":{"0":"post-148962","1":"product","2":"type-product","3":"status-publish","4":"has-post-thumbnail","6":"product_brand-abbott","7":"product_cat-diagnostic","9":"first","10":"instock","11":"taxable","12":"shipping-taxable","13":"purchasable","14":"product-type-simple"},"acf":[],"_links":{"self":[{"href":"https:\/\/pharmacima.com\/ar\/wp-json\/wp\/v2\/product\/148962","targetHints":{"allow":["GET"]}}],"collection":[{"href":"https:\/\/pharmacima.com\/ar\/wp-json\/wp\/v2\/product"}],"about":[{"href":"https:\/\/pharmacima.com\/ar\/wp-json\/wp\/v2\/types\/product"}],"replies":[{"embeddable":true,"href":"https:\/\/pharmacima.com\/ar\/wp-json\/wp\/v2\/comments?post=148962"}],"wp:featuredmedia":[{"embeddable":true,"href":"https:\/\/pharmacima.com\/ar\/wp-json\/wp\/v2\/media\/148969"}],"wp:attachment":[{"href":"https:\/\/pharmacima.com\/ar\/wp-json\/wp\/v2\/media?parent=148962"}],"wp:term":[{"taxonomy":"product_brand","embeddable":true,"href":"https:\/\/pharmacima.com\/ar\/wp-json\/wp\/v2\/product_brand?post=148962"},{"taxonomy":"product_cat","embeddable":true,"href":"https:\/\/pharmacima.com\/ar\/wp-json\/wp\/v2\/product_cat?post=148962"},{"taxonomy":"product_tag","embeddable":true,"href":"https:\/\/pharmacima.com\/ar\/wp-json\/wp\/v2\/product_tag?post=148962"}],"curies":[{"name":"wp","href":"https:\/\/api.w.org\/{rel}","templated":true}]}}