{"id":148973,"date":"2025-12-31T13:47:14","date_gmt":"2025-12-31T12:47:14","guid":{"rendered":"https:\/\/pharmacima.com\/?post_type=product&#038;p=148973"},"modified":"2026-02-11T16:40:51","modified_gmt":"2026-02-11T15:40:51","slug":"safogyne-pain-surgras-100g-edelweiss","status":"publish","type":"product","link":"https:\/\/pharmacima.com\/ar\/product\/safogyne-pain-surgras-100g-edelweiss\/","title":{"rendered":"Safogyne pain surgras 100g Edelweiss"},"content":{"rendered":"<h1><strong>\u0648\u0635\u0641 :\u00a0<\/strong><\/h1>\n<h2>\u0627\u0644 <strong data-start=\"259\" data-end=\"284\">Safogyne Pain Surgras<\/strong> \u0647\u0648 <strong data-start=\"292\" data-end=\"324\">savon solide doux et surgras<\/strong> sp\u00e9cialement formul\u00e9 pour la <strong data-start=\"354\" data-end=\"399\">toilette intime et corporelle quotidienne<\/strong>.<\/h2>\n<h2>Il est con\u00e7u pour <strong data-start=\"419\" data-end=\"442\">nettoyer en douceur<\/strong>, <strong data-start=\"444\" data-end=\"456\">\u064a\u062d\u0645\u064a<\/strong> \u0648 <strong data-start=\"460\" data-end=\"471\">\u064a\u0633\u062a\u0631\u0636\u0649<\/strong> la peau ainsi que les muqueuses sensibles.<\/h2>\n<h2>\u0628\u0641\u0636\u0644 \u0644\u0647 <strong data-start=\"527\" data-end=\"546\">pH alcalin doux<\/strong>, il respecte l\u2019\u00e9quilibre naturel de la peau et procure une sensation de confort sans irritation.<\/h2>\n<p>&nbsp;<\/p>\n<h2>\u0627\u0644\u062a\u0631\u0643\u064a\u0628\u0629 :<\/h2>\n<ul>\n<li data-start=\"1386\" data-end=\"1425\">\n<p data-start=\"1388\" data-end=\"1425\">Copeaux de savon d\u2019origine v\u00e9g\u00e9tale<\/p>\n<\/li>\n<li data-start=\"1426\" data-end=\"1453\">\n<p data-start=\"1428\" data-end=\"1453\">Parfum hypoallerg\u00e9nique<\/p>\n<\/li>\n<li data-start=\"1454\" data-end=\"1482\">\n<p data-start=\"1456\" data-end=\"1482\">Huile d\u2019amande douce<\/p>\n<\/li>\n<li data-start=\"1483\" data-end=\"1500\">\n<p data-start=\"1485\" data-end=\"1500\">Aloe vera<\/p>\n<\/li>\n<li data-start=\"1501\" data-end=\"1514\">\n<p data-start=\"1503\" data-end=\"1514\">\u062c\u0644\u0633\u064a\u0631\u064a\u0646<\/p>\n<\/li>\n<li data-start=\"1515\" data-end=\"1531\">\n<p data-start=\"1517\" data-end=\"1531\">Eau purifi\u00e9e<\/p>\n<\/li>\n<li data-start=\"1532\" data-end=\"1714\">\n<p data-start=\"1534\" data-end=\"1714\">Dioxyde de titane<\/p>\n<\/li>\n<\/ul>\n<p>&nbsp;<\/p>\n<h2 data-start=\"842\" data-end=\"883\"><strong>CARACTERISTIQUES PRINCIPALES :<\/strong><\/h2>\n<ul data-start=\"885\" data-end=\"1338\">\n<li data-start=\"885\" data-end=\"978\">\n<p data-start=\"887\" data-end=\"978\">Pour toilette intime &amp; corporelle quotidienne<\/p>\n<\/li>\n<li data-start=\"979\" data-end=\"1065\">\n<p data-start=\"981\" data-end=\"1065\">Prot\u00e8ge et apaise les peaux sensibles<\/p>\n<\/li>\n<li data-start=\"1066\" data-end=\"1148\">\n<p data-start=\"1068\" data-end=\"1148\">pH alcalin doux \u2014 confort et douceur<\/p>\n<\/li>\n<li data-start=\"1149\" data-end=\"1232\">\n<p data-start=\"1151\" data-end=\"1232\">Sans colorant et sans conservateur<\/p>\n<\/li>\n<li data-start=\"1233\" data-end=\"1338\">\n<p data-start=\"1235\" data-end=\"1338\">Formule enrichie en Aloe Vera &amp; huile d\u2019amande douce<\/p>\n<\/li>\n<\/ul>","protected":false},"excerpt":{"rendered":"<p><span style=\"color: #cc99ff;\"><strong>Ce pain surgras (Edelweiss)<\/strong><\/span> est adapt\u00e9 \u00e0 un usage quotidien et convient aussi bien pour le corps que pour les zones d\u00e9licates.<\/p>","protected":false},"featured_media":149609,"comment_status":"open","ping_status":"closed","template":"","meta":{"_acf_changed":false},"product_brand":[1573],"product_cat":[102,139],"product_tag":[],"class_list":{"0":"post-148973","1":"product","2":"type-product","3":"status-publish","4":"has-post-thumbnail","6":"product_brand-edelweiss","7":"product_cat-soin-et-bien-etre","8":"product_cat-corps_","10":"first","11":"instock","12":"taxable","13":"shipping-taxable","14":"purchasable","15":"product-type-simple"},"acf":[],"_links":{"self":[{"href":"https:\/\/pharmacima.com\/ar\/wp-json\/wp\/v2\/product\/148973","targetHints":{"allow":["GET"]}}],"collection":[{"href":"https:\/\/pharmacima.com\/ar\/wp-json\/wp\/v2\/product"}],"about":[{"href":"https:\/\/pharmacima.com\/ar\/wp-json\/wp\/v2\/types\/product"}],"replies":[{"embeddable":true,"href":"https:\/\/pharmacima.com\/ar\/wp-json\/wp\/v2\/comments?post=148973"}],"wp:featuredmedia":[{"embeddable":true,"href":"https:\/\/pharmacima.com\/ar\/wp-json\/wp\/v2\/media\/149609"}],"wp:attachment":[{"href":"https:\/\/pharmacima.com\/ar\/wp-json\/wp\/v2\/media?parent=148973"}],"wp:term":[{"taxonomy":"product_brand","embeddable":true,"href":"https:\/\/pharmacima.com\/ar\/wp-json\/wp\/v2\/product_brand?post=148973"},{"taxonomy":"product_cat","embeddable":true,"href":"https:\/\/pharmacima.com\/ar\/wp-json\/wp\/v2\/product_cat?post=148973"},{"taxonomy":"product_tag","embeddable":true,"href":"https:\/\/pharmacima.com\/ar\/wp-json\/wp\/v2\/product_tag?post=148973"}],"curies":[{"name":"wp","href":"https:\/\/api.w.org\/{rel}","templated":true}]}}