{"id":148975,"date":"2025-12-31T14:13:17","date_gmt":"2025-12-31T13:13:17","guid":{"rendered":"https:\/\/pharmacima.com\/?post_type=product&#038;p=148975"},"modified":"2026-02-11T16:39:04","modified_gmt":"2026-02-11T15:39:04","slug":"savon-dermasoufre-85g","status":"publish","type":"product","link":"https:\/\/pharmacima.com\/ar\/product\/savon-dermasoufre-85g\/","title":{"rendered":"Savon Dermasoufre 85g"},"content":{"rendered":"<h1><strong>\u0648\u0635\u0641 :<\/strong><\/h1>\n<h2>\u0627\u0644 <em data-start=\"247\" data-end=\"266\">Savon Dermasoufre<\/em> est un savon <strong data-start=\"280\" data-end=\"318\">dermatologique purifiant au soufre<\/strong>, sp\u00e9cialement con\u00e7u pour les <strong data-start=\"348\" data-end=\"408\">peaux grasses, \u00e0 tendance acn\u00e9ique ou avec imperfections<\/strong>.<\/h2>\n<h2>Il aide \u00e0 <strong data-start=\"420\" data-end=\"454\">nettoyer la peau en profondeur<\/strong>, <strong data-start=\"456\" data-end=\"484\">\u062a\u0646\u0638\u064a\u0645 \u0627\u0644\u0632\u0647\u0645 \u0627\u0644\u0632\u0627\u0626\u062f<\/strong>, <strong data-start=\"486\" data-end=\"547\">r\u00e9duire les boutons, points noirs et autres imperfections<\/strong>, tout en apaisant les rougeurs et irritations cutan\u00e9es.<\/h2>\n<h2>Il convient au <strong data-start=\"619\" data-end=\"641\">visage et au corps<\/strong> (zones comme dos, \u00e9paules) et peut \u00eatre utilis\u00e9 au quotidien pour une peau plus nette et \u00e9quilibr\u00e9e.<\/h2>\n<p>&nbsp;<\/p>\n<h2><strong>\u0627\u0644\u062a\u0631\u0643\u064a\u0628\u0629 :<\/strong><\/h2>\n<ul>\n<li data-start=\"973\" data-end=\"1173\">\n<p data-start=\"975\" data-end=\"1173\">Soufre \u2013 Actif principal purifiant, anti-bact\u00e9rien et s\u00e9bo-r\u00e9gulateur, aide \u00e0 \u00e9liminer les bact\u00e9ries responsables de l\u2019acn\u00e9 et \u00e0 r\u00e9duire l\u2019exc\u00e8s de s\u00e9bum.<\/p>\n<\/li>\n<li data-start=\"1174\" data-end=\"1337\">Huiles v\u00e9g\u00e9tales \/ huiles de base (comme huile de paraffine ou huiles naturelles) \u2013 Nourrissent et prot\u00e8gent la peau.<\/li>\n<\/ul>\n<p>&nbsp;<\/p>\n<h2><strong>CONSEILLE D&rsquo;UTILISATION :\u00a0<\/strong><\/h2>\n<ul>\n<li data-start=\"2075\" data-end=\"2120\">\n<p data-start=\"2078\" data-end=\"2120\">Humidifie ta peau (visage ou corps)<\/p>\n<\/li>\n<li data-start=\"2075\" data-end=\"2120\">\n<p data-start=\"2078\" data-end=\"2120\">Fais mousser le savon entre tes mains ou directement sur la peau<\/p>\n<\/li>\n<li data-start=\"2196\" data-end=\"2280\">\n<p data-start=\"2199\" data-end=\"2280\">Laisse agir 1 \u00e0 2 minutes<\/p>\n<\/li>\n<li data-start=\"2281\" data-end=\"2323\">\n<p data-start=\"2284\" data-end=\"2323\">Rince abondamment \u00e0 l\u2019eau claire<\/p>\n<\/li>\n<li data-start=\"2281\" data-end=\"2323\">\n<p data-start=\"2284\" data-end=\"2323\">Utilise 1 \u00e0 2 fois par jour selon la sensibilit\u00e9 de ta peau<\/p>\n<\/li>\n<li data-start=\"2394\" data-end=\"2470\">\n<p data-start=\"2397\" data-end=\"2470\">\u00c9vite le contact avec les yeux<\/p>\n<\/li>\n<\/ul>","protected":false},"excerpt":{"rendered":"<p>DESCRIPTION : Le Savon Dermasoufre est un savon dermatologique purifiant au soufre, sp\u00e9cialement con\u00e7u pour les peaux grasses, \u00e0 tendance acn\u00e9ique ou avec imperfections. Il aide \u00e0 nettoyer la peau en profondeur, r\u00e9guler l\u2019exc\u00e8s de s\u00e9bum, r\u00e9duire les boutons, points noirs et autres imperfections, tout en apaisant les rougeurs et irritations cutan\u00e9es. Il convient au [&hellip;]<\/p>\n","protected":false},"featured_media":149010,"comment_status":"open","ping_status":"closed","template":"","meta":{"_acf_changed":false},"product_brand":[],"product_cat":[102,139,137],"product_tag":[],"class_list":{"0":"post-148975","1":"product","2":"type-product","3":"status-publish","4":"has-post-thumbnail","6":"product_cat-soin-et-bien-etre","7":"product_cat-corps_","8":"product_cat-visage","10":"first","11":"instock","12":"taxable","13":"shipping-taxable","14":"purchasable","15":"product-type-simple"},"acf":[],"_links":{"self":[{"href":"https:\/\/pharmacima.com\/ar\/wp-json\/wp\/v2\/product\/148975","targetHints":{"allow":["GET"]}}],"collection":[{"href":"https:\/\/pharmacima.com\/ar\/wp-json\/wp\/v2\/product"}],"about":[{"href":"https:\/\/pharmacima.com\/ar\/wp-json\/wp\/v2\/types\/product"}],"replies":[{"embeddable":true,"href":"https:\/\/pharmacima.com\/ar\/wp-json\/wp\/v2\/comments?post=148975"}],"wp:featuredmedia":[{"embeddable":true,"href":"https:\/\/pharmacima.com\/ar\/wp-json\/wp\/v2\/media\/149010"}],"wp:attachment":[{"href":"https:\/\/pharmacima.com\/ar\/wp-json\/wp\/v2\/media?parent=148975"}],"wp:term":[{"taxonomy":"product_brand","embeddable":true,"href":"https:\/\/pharmacima.com\/ar\/wp-json\/wp\/v2\/product_brand?post=148975"},{"taxonomy":"product_cat","embeddable":true,"href":"https:\/\/pharmacima.com\/ar\/wp-json\/wp\/v2\/product_cat?post=148975"},{"taxonomy":"product_tag","embeddable":true,"href":"https:\/\/pharmacima.com\/ar\/wp-json\/wp\/v2\/product_tag?post=148975"}],"curies":[{"name":"wp","href":"https:\/\/api.w.org\/{rel}","templated":true}]}}