{"id":149185,"date":"2026-01-14T12:28:02","date_gmt":"2026-01-14T11:28:02","guid":{"rendered":"https:\/\/pharmacima.com\/?post_type=product&#038;p=149185"},"modified":"2026-04-29T16:35:25","modified_gmt":"2026-04-29T15:35:25","slug":"preservatifs-classic-14pieces-intimy","status":"publish","type":"product","link":"https:\/\/pharmacima.com\/ar\/product\/preservatifs-classic-14pieces-intimy\/","title":{"rendered":"Preservatifs classic 14pieces Intimy"},"content":{"rendered":"<h1>\u0648\u0635\u0641 :<\/h1>\n<h2>\u0627\u0644 <strong data-start=\"176\" data-end=\"232\">pr\u00e9servatifs Classic de la marque Intimy (14 pi\u00e8ces)<\/strong> sont des <strong data-start=\"242\" data-end=\"289\">pr\u00e9servatifs masculins classiques lubrifi\u00e9s<\/strong>, con\u00e7us pour offrir <strong data-start=\"310\" data-end=\"335\">protection et confort<\/strong> lors des rapports sexuels tout en <strong data-start=\"370\" data-end=\"410\">pr\u00e9servant les sensations naturelles<\/strong>.<\/h2>\n<p>&nbsp;<\/p>\n<p>&nbsp;<\/p>\n<h2 data-start=\"456\" data-end=\"495\"><strong data-start=\"463\" data-end=\"495\">CARACTERISTIQUES PRINCIPALES :<\/strong><\/h2>\n<h2 data-start=\"456\" data-end=\"495\"><strong style=\"font-size: 16px;\" data-start=\"498\" data-end=\"532\">14 pr\u00e9servatifs dans une bo\u00eete<\/strong><span style=\"font-size: 16px;\">.<\/span><\/h2>\n<ul data-start=\"496\" data-end=\"1308\">\n<li data-start=\"574\" data-end=\"683\">\n<p data-start=\"576\" data-end=\"683\"><strong data-start=\"576\" data-end=\"620\">Fabriqu\u00e9s en latex de caoutchouc naturel<\/strong> de qualit\u00e9 sup\u00e9rieure.<\/p>\n<\/li>\n<li data-start=\"684\" data-end=\"813\">\n<p data-start=\"686\" data-end=\"813\"><strong data-start=\"686\" data-end=\"699\">Lubrifi\u00e9s<\/strong> pour faciliter l\u2019utilisation et r\u00e9duire les frictions pendant le rapport.<\/p>\n<\/li>\n<li data-start=\"814\" data-end=\"951\">\n<p data-start=\"816\" data-end=\"951\"><strong data-start=\"816\" data-end=\"852\">Forme cylindrique avec r\u00e9servoir<\/strong> (petit r\u00e9servoir \u00e0 l\u2019extr\u00e9mit\u00e9 pour recueillir le sperme).<\/p>\n<\/li>\n<li data-start=\"952\" data-end=\"1077\">\n<p data-start=\"954\" data-end=\"1077\"><strong data-start=\"954\" data-end=\"1001\">Couleur naturelle du latex et surface lisse<\/strong> pour un contact simple et efficace.<\/p>\n<\/li>\n<li data-start=\"1078\" data-end=\"1195\">\n<p data-start=\"1080\" data-end=\"1195\"><strong data-start=\"1080\" data-end=\"1108\">Parfum l\u00e9ger et agr\u00e9able<\/strong> et emballages individuels pour plus d\u2019hygi\u00e8ne.<\/p>\n<\/li>\n<li data-start=\"1196\" data-end=\"1308\">\n<p data-start=\"1198\" data-end=\"1308\"><strong data-start=\"1198\" data-end=\"1235\">Test\u00e9s \u00e9lectroniquement un par un<\/strong> pour garantir s\u00e9curit\u00e9 et qualit\u00e9.<\/p>\n<\/li>\n<\/ul>\n<p>Intimy.<\/p>","protected":false},"excerpt":{"rendered":"<p>DESCRIPTION : Les pr\u00e9servatifs Classic de la marque Intimy (14 pi\u00e8ces) sont des pr\u00e9servatifs masculins classiques lubrifi\u00e9s, con\u00e7us pour offrir protection et confort lors des rapports sexuels tout en pr\u00e9servant les sensations naturelles. &nbsp; &nbsp; CARACTERISTIQUES PRINCIPALES : 14 pr\u00e9servatifs dans une bo\u00eete. Fabriqu\u00e9s en latex de caoutchouc naturel de qualit\u00e9 sup\u00e9rieure. Lubrifi\u00e9s pour faciliter [&hellip;]<\/p>\n","protected":false},"featured_media":149186,"comment_status":"open","ping_status":"closed","template":"","meta":{"_acf_changed":false},"product_brand":[1555],"product_cat":[96],"product_tag":[],"class_list":{"0":"post-149185","1":"product","2":"type-product","3":"status-publish","4":"has-post-thumbnail","6":"product_brand-intimy","7":"product_cat-hygiene-protection","9":"first","10":"outofstock","11":"sale","12":"taxable","13":"shipping-taxable","14":"purchasable","15":"product-type-simple"},"acf":[],"_links":{"self":[{"href":"https:\/\/pharmacima.com\/ar\/wp-json\/wp\/v2\/product\/149185","targetHints":{"allow":["GET"]}}],"collection":[{"href":"https:\/\/pharmacima.com\/ar\/wp-json\/wp\/v2\/product"}],"about":[{"href":"https:\/\/pharmacima.com\/ar\/wp-json\/wp\/v2\/types\/product"}],"replies":[{"embeddable":true,"href":"https:\/\/pharmacima.com\/ar\/wp-json\/wp\/v2\/comments?post=149185"}],"wp:featuredmedia":[{"embeddable":true,"href":"https:\/\/pharmacima.com\/ar\/wp-json\/wp\/v2\/media\/149186"}],"wp:attachment":[{"href":"https:\/\/pharmacima.com\/ar\/wp-json\/wp\/v2\/media?parent=149185"}],"wp:term":[{"taxonomy":"product_brand","embeddable":true,"href":"https:\/\/pharmacima.com\/ar\/wp-json\/wp\/v2\/product_brand?post=149185"},{"taxonomy":"product_cat","embeddable":true,"href":"https:\/\/pharmacima.com\/ar\/wp-json\/wp\/v2\/product_cat?post=149185"},{"taxonomy":"product_tag","embeddable":true,"href":"https:\/\/pharmacima.com\/ar\/wp-json\/wp\/v2\/product_tag?post=149185"}],"curies":[{"name":"wp","href":"https:\/\/api.w.org\/{rel}","templated":true}]}}