{"id":149189,"date":"2026-01-14T14:04:31","date_gmt":"2026-01-14T13:04:31","guid":{"rendered":"https:\/\/pharmacima.com\/?post_type=product&#038;p=149189"},"modified":"2026-04-27T19:17:47","modified_gmt":"2026-04-27T18:17:47","slug":"gel-lubrifiant-maxi-format-150ml-intimy","status":"publish","type":"product","link":"https:\/\/pharmacima.com\/ar\/product\/gel-lubrifiant-maxi-format-150ml-intimy\/","title":{"rendered":"Gel lubrifiant classic Maxi format 150ml intimy"},"content":{"rendered":"<h1>\u0648\u0635\u0641 :<\/h1>\n<h2>\u0627\u0644 <strong data-start=\"139\" data-end=\"194\">Gel Lubrifiant Classic Intimy en format maxi 150 ml<\/strong> \u0647\u0648 <strong data-start=\"202\" data-end=\"240\">gel lubrifiant intime \u00e0 base d\u2019eau<\/strong>, sp\u00e9cialement con\u00e7u pour <strong data-start=\"266\" data-end=\"290\">am\u00e9liorer le confort<\/strong> lors des rapports sexuels. Il aide \u00e0 compenser le manque de lubrification naturelle afin de rendre les relations plus <strong data-start=\"409\" data-end=\"432\">douces et agr\u00e9ables<\/strong> entre partenaires.<\/h2>\n<p>&nbsp;<\/p>\n<h2>CARACTERIQUES PRINCIPALES :<\/h2>\n<ul data-start=\"536\" data-end=\"1047\">\n<li data-start=\"536\" data-end=\"653\">\n<p data-start=\"538\" data-end=\"653\"><strong data-start=\"538\" data-end=\"560\">Format maxi 150 ml<\/strong> \u2014 flacon-pompe pratique pour une application facile.<\/p>\n<\/li>\n<li data-start=\"654\" data-end=\"746\">\n<p data-start=\"656\" data-end=\"746\"><strong data-start=\"656\" data-end=\"680\">Formule \u00e0 base d\u2019eau<\/strong>, douce et <strong data-start=\"691\" data-end=\"705\">non grasse<\/strong>.<\/p>\n<\/li>\n<li data-start=\"747\" data-end=\"854\">\n<p data-start=\"749\" data-end=\"854\"><strong data-start=\"749\" data-end=\"785\">Incolore, inodore et sans parfum<\/strong>, il ne tache pas les tissus.<\/p>\n<\/li>\n<li data-start=\"855\" data-end=\"954\">\n<p data-start=\"857\" data-end=\"954\"><strong data-start=\"857\" data-end=\"893\">\u0645\u062a\u0648\u0627\u0641\u0642 \u0645\u0639 \u0627\u0644\u0648\u0627\u0642\u064a \u0627\u0644\u0630\u0643\u0631\u064a<\/strong>, y compris en latex.<\/p>\n<\/li>\n<li data-start=\"955\" data-end=\"1047\">\n<p data-start=\"957\" data-end=\"1047\"><strong data-start=\"957\" data-end=\"979\">\u0635\u0646\u0639 \u0641\u064a \u0641\u0631\u0646\u0633\u0627<\/strong> dans les laboratoires Intimy.<\/p>\n<\/li>\n<\/ul>\n<p>&nbsp;<\/p>","protected":false},"excerpt":{"rendered":"<p data-start=\"2777\" data-end=\"3030\"><span style=\"color: #cc99ff;\">Intimy classic<\/span> c\u2019est un lubrifiant intime <strong data-start=\"2825\" data-end=\"2858\">simple, neutre et confortable<\/strong> pour rendre les rapports plus agr\u00e9ables, en particulier en cas de s\u00e9cheresse ou de g\u00eane due \u00e0 un manque de lubrification naturelle.<\/p>\n<p data-start=\"3032\" data-end=\"3158\">","protected":false},"featured_media":149192,"comment_status":"open","ping_status":"closed","template":"","meta":{"_acf_changed":false},"product_brand":[1555],"product_cat":[96],"product_tag":[],"class_list":{"0":"post-149189","1":"product","2":"type-product","3":"status-publish","4":"has-post-thumbnail","6":"product_brand-intimy","7":"product_cat-hygiene-protection","9":"first","10":"instock","11":"sale","12":"taxable","13":"shipping-taxable","14":"purchasable","15":"product-type-simple"},"acf":[],"_links":{"self":[{"href":"https:\/\/pharmacima.com\/ar\/wp-json\/wp\/v2\/product\/149189","targetHints":{"allow":["GET"]}}],"collection":[{"href":"https:\/\/pharmacima.com\/ar\/wp-json\/wp\/v2\/product"}],"about":[{"href":"https:\/\/pharmacima.com\/ar\/wp-json\/wp\/v2\/types\/product"}],"replies":[{"embeddable":true,"href":"https:\/\/pharmacima.com\/ar\/wp-json\/wp\/v2\/comments?post=149189"}],"wp:featuredmedia":[{"embeddable":true,"href":"https:\/\/pharmacima.com\/ar\/wp-json\/wp\/v2\/media\/149192"}],"wp:attachment":[{"href":"https:\/\/pharmacima.com\/ar\/wp-json\/wp\/v2\/media?parent=149189"}],"wp:term":[{"taxonomy":"product_brand","embeddable":true,"href":"https:\/\/pharmacima.com\/ar\/wp-json\/wp\/v2\/product_brand?post=149189"},{"taxonomy":"product_cat","embeddable":true,"href":"https:\/\/pharmacima.com\/ar\/wp-json\/wp\/v2\/product_cat?post=149189"},{"taxonomy":"product_tag","embeddable":true,"href":"https:\/\/pharmacima.com\/ar\/wp-json\/wp\/v2\/product_tag?post=149189"}],"curies":[{"name":"wp","href":"https:\/\/api.w.org\/{rel}","templated":true}]}}