{"id":149196,"date":"2026-01-14T15:00:56","date_gmt":"2026-01-14T14:00:56","guid":{"rendered":"https:\/\/pharmacima.com\/?post_type=product&#038;p=149196"},"modified":"2026-04-25T22:34:28","modified_gmt":"2026-04-25T21:34:28","slug":"preservatifs-lubrifies-fins-14pieces-intimy","status":"publish","type":"product","link":"https:\/\/pharmacima.com\/ar\/product\/preservatifs-lubrifies-fins-14pieces-intimy\/","title":{"rendered":"Preservatifs lubrifies Fins 14pieces Intimy"},"content":{"rendered":"<h1>\u0648\u0635\u0641 :<\/h1>\n<div class=\"elementor-element elementor-element-749484c elementor-widget-mobile__width-initial elementor-widget elementor-widget-text-editor\" data-id=\"749484c\" data-element_type=\"widget\" data-widget_type=\"text-editor.default\">\n<div class=\"elementor-widget-container\">\n<h2><b>\u0648\u0627\u0642\u064a\u0627\u062a \u0630\u0643\u0631\u064a\u0629 \u0631\u0642\u064a\u0642\u0629 \u0648\u0645\u0632\u0644\u0642\u0629\u060c \u0623\u0642\u0631\u0628 \u0645\u0627 \u064a\u0645\u0643\u0646 \u0625\u0644\u0649 \u0627\u0644\u0634\u062e\u0635 \u0627\u0644\u0622\u062e\u0631<\/b><\/h2>\n<\/div>\n<\/div>\n<div class=\"elementor-element elementor-element-f73e197 elementor-widget elementor-widget-text-editor\" data-id=\"f73e197\" data-element_type=\"widget\" data-widget_type=\"text-editor.default\">\n<div class=\"elementor-widget-container\">\n<h2>Cet \u00e9tui contient des pr\u00e9servatifs fins lubrifi\u00e9s Intimy. L\u2019\u00e9paisseur des pr\u00e9servatifs a \u00e9t\u00e9 r\u00e9duite \u00e0 0.06 mm (soit d\u2019environ 15%*) pour permettre des sensations au plus proche du naturel.<\/h2>\n<\/div>\n<\/div>\n<p>&nbsp;<\/p>\n<h2>CARACTERISTIQUES PRINCIPALES :<\/h2>\n<h3 data-start=\"509\" data-end=\"548\"><strong data-start=\"516\" data-end=\"548\">\u0627\u0644\u062e\u0635\u0627\u0626\u0635 \u0627\u0644\u0631\u0626\u064a\u0633\u064a\u0629<\/strong><\/h3>\n<ul data-start=\"549\" data-end=\"1520\">\n<li data-start=\"549\" data-end=\"647\">\n<p data-start=\"551\" data-end=\"647\"><strong data-start=\"554\" data-end=\"567\">Contenu :<\/strong> bo\u00eete de <strong data-start=\"577\" data-end=\"606\">14 pr\u00e9servatifs lubrifi\u00e9s<\/strong>.<\/p>\n<\/li>\n<li data-start=\"648\" data-end=\"829\">\n<p data-start=\"650\" data-end=\"829\"><strong data-start=\"653\" data-end=\"676\">\u00c9paisseur r\u00e9duite :<\/strong> environ <strong data-start=\"685\" data-end=\"696\">0,06 mm<\/strong>, plus fine qu\u2019un pr\u00e9servatif standard pour des <strong data-start=\"744\" data-end=\"788\">sensations am\u00e9lior\u00e9es et plus naturelles<\/strong>.<\/p>\n<\/li>\n<li data-start=\"830\" data-end=\"974\">\n<p data-start=\"832\" data-end=\"974\"><strong data-start=\"835\" data-end=\"883\">Fabriqu\u00e9s en latex pur de caoutchouc naturel<\/strong>, mat\u00e9riau courant et fiable pour les pr\u00e9servatifs.<\/p>\n<\/li>\n<li data-start=\"975\" data-end=\"1089\">\n<p data-start=\"977\" data-end=\"1089\"><strong data-start=\"980\" data-end=\"993\">Lubrifi\u00e9s<\/strong> pour faciliter la p\u00e9n\u00e9tration et r\u00e9duire les frictions.<\/p>\n<\/li>\n<li data-start=\"1090\" data-end=\"1212\">\n<p data-start=\"1092\" data-end=\"1212\"><strong data-start=\"1096\" data-end=\"1126\">Couleur naturelle du latex<\/strong> \u0648 <strong data-start=\"1130\" data-end=\"1147\">surface lisse<\/strong> pour un confort optimal.<\/p>\n<\/li>\n<li data-start=\"1213\" data-end=\"1315\">\n<p data-start=\"1215\" data-end=\"1315\"><strong data-start=\"1218\" data-end=\"1247\">Emball\u00e9s individuellement<\/strong> pour une meilleure hygi\u00e8ne.<\/p>\n<\/li>\n<li data-start=\"1316\" data-end=\"1431\">\n<p data-start=\"1318\" data-end=\"1431\"><strong data-start=\"1321\" data-end=\"1348\">R\u00e9servoir \u00e0 l\u2019extr\u00e9mit\u00e9<\/strong> pour recueillir le sperme de mani\u00e8re s\u00fbre.<\/p>\n<\/li>\n<\/ul>\n<p>Intimy.<\/p>","protected":false},"excerpt":{"rendered":"<p>DESCRIPTION : Pr\u00e9servatifs fins lubrifi\u00e9s, au plus pr\u00e8s de l\u2019autre Cet \u00e9tui contient des pr\u00e9servatifs fins lubrifi\u00e9s Intimy. L\u2019\u00e9paisseur des pr\u00e9servatifs a \u00e9t\u00e9 r\u00e9duite \u00e0 0.06 mm (soit d\u2019environ 15%*) pour permettre des sensations au plus proche du naturel. &nbsp; CARACTERISTIQUES PRINCIPALES : Caract\u00e9ristiques principales Contenu : bo\u00eete de 14 pr\u00e9servatifs lubrifi\u00e9s. \u00c9paisseur r\u00e9duite : [&hellip;]<\/p>\n","protected":false},"featured_media":149194,"comment_status":"open","ping_status":"closed","template":"","meta":{"_acf_changed":false},"product_brand":[1555],"product_cat":[96],"product_tag":[],"class_list":{"0":"post-149196","1":"product","2":"type-product","3":"status-publish","4":"has-post-thumbnail","6":"product_brand-intimy","7":"product_cat-hygiene-protection","9":"first","10":"outofstock","11":"sale","12":"taxable","13":"shipping-taxable","14":"purchasable","15":"product-type-simple"},"acf":[],"_links":{"self":[{"href":"https:\/\/pharmacima.com\/ar\/wp-json\/wp\/v2\/product\/149196","targetHints":{"allow":["GET"]}}],"collection":[{"href":"https:\/\/pharmacima.com\/ar\/wp-json\/wp\/v2\/product"}],"about":[{"href":"https:\/\/pharmacima.com\/ar\/wp-json\/wp\/v2\/types\/product"}],"replies":[{"embeddable":true,"href":"https:\/\/pharmacima.com\/ar\/wp-json\/wp\/v2\/comments?post=149196"}],"wp:featuredmedia":[{"embeddable":true,"href":"https:\/\/pharmacima.com\/ar\/wp-json\/wp\/v2\/media\/149194"}],"wp:attachment":[{"href":"https:\/\/pharmacima.com\/ar\/wp-json\/wp\/v2\/media?parent=149196"}],"wp:term":[{"taxonomy":"product_brand","embeddable":true,"href":"https:\/\/pharmacima.com\/ar\/wp-json\/wp\/v2\/product_brand?post=149196"},{"taxonomy":"product_cat","embeddable":true,"href":"https:\/\/pharmacima.com\/ar\/wp-json\/wp\/v2\/product_cat?post=149196"},{"taxonomy":"product_tag","embeddable":true,"href":"https:\/\/pharmacima.com\/ar\/wp-json\/wp\/v2\/product_tag?post=149196"}],"curies":[{"name":"wp","href":"https:\/\/api.w.org\/{rel}","templated":true}]}}