{"id":149199,"date":"2026-01-14T15:11:50","date_gmt":"2026-01-14T14:11:50","guid":{"rendered":"https:\/\/pharmacima.com\/?post_type=product&#038;p=149199"},"modified":"2026-04-27T09:56:44","modified_gmt":"2026-04-27T08:56:44","slug":"gel-de-massage-pomme-damour-200ml-intimy","status":"publish","type":"product","link":"https:\/\/pharmacima.com\/ar\/product\/gel-de-massage-pomme-damour-200ml-intimy\/","title":{"rendered":"Gel de massage Pomme damour 200ml Intimy"},"content":{"rendered":"<h1>\u0648\u0635\u0641 :<\/h1>\n<h2 data-start=\"110\" data-end=\"441\">\u0627\u0644 <strong data-start=\"113\" data-end=\"145\">Gel de massage Pomme d\u2019Amour<\/strong> \u0644 <strong data-start=\"149\" data-end=\"159\">\u062d\u0645\u064a\u0645\u064a\u0629<\/strong> \u0647\u0648 <strong data-start=\"167\" data-end=\"214\">gel sensuel pour massage corporel et intime<\/strong> con\u00e7u pour enrichir vos moments \u00e0 deux avec une <strong data-start=\"263\" data-end=\"296\">exp\u00e9rience gourmande et douce<\/strong>. Il peut \u00eatre utilis\u00e9 <strong data-start=\"319\" data-end=\"354\">sur les zones externes du corps<\/strong>, y compris autour des zones intimes ext\u00e9rieures.<\/h2>\n<p>&nbsp;<\/p>\n<h2>CARACTERISTIQUES PRINCIPALES :<\/h2>\n<ul>\n<li data-start=\"488\" data-end=\"616\">\n<p data-start=\"490\" data-end=\"616\"><strong data-start=\"490\" data-end=\"523\">Parfum sucr\u00e9 de pomme d\u2019amour<\/strong> qui stimule les sens et cr\u00e9e une ambiance sensuelle.<\/p>\n<\/li>\n<li data-start=\"617\" data-end=\"755\">\n<p data-start=\"619\" data-end=\"755\"><strong data-start=\"619\" data-end=\"675\">Texture non grasse, non collante et qui ne tache pas<\/strong>, pour une glisse ais\u00e9e lors du massage.<\/p>\n<\/li>\n<li data-start=\"756\" data-end=\"886\">\n<p data-start=\"758\" data-end=\"886\"><strong data-start=\"758\" data-end=\"771\">pH adapt\u00e9<\/strong> \u00e0 la peau, ce qui permet une application agr\u00e9able sur l\u2019ensemble du corps.<\/p>\n<\/li>\n<li data-start=\"887\" data-end=\"1005\">\n<p data-start=\"889\" data-end=\"1005\"><strong data-start=\"889\" data-end=\"925\">Format g\u00e9n\u00e9reux (environ 200 ml)<\/strong> \u2014 pratique pour plusieurs utilisations.<\/p>\n<\/li>\n<li data-start=\"1006\" data-end=\"1097\">\n<p data-start=\"1008\" data-end=\"1097\"><strong data-start=\"1008\" data-end=\"1030\">\u0635\u0646\u0639 \u0641\u064a \u0641\u0631\u0646\u0633\u0627<\/strong> par les laboratoires Intimy.<\/p>\n<\/li>\n<\/ul>","protected":false},"excerpt":{"rendered":"<p><span style=\"color: #99ccff;\">Intimy,\u00a0<\/span><\/p>\n<p>c\u2019est un <strong data-start=\"2288\" data-end=\"2341\">gel de massage sensuel parfum\u00e9 \u00e0 la pomme d\u2019amour<\/strong> qui rend les <strong data-start=\"2355\" data-end=\"2402\">massages plus agr\u00e9ables, doux et sensoriels<\/strong>, tout en \u00e9tant compatible avec l\u2019usage intime et les pr\u00e9servatifs pour une exp\u00e9rience plus compl\u00e8te et plaisante.<\/p>","protected":false},"featured_media":149200,"comment_status":"open","ping_status":"closed","template":"","meta":{"_acf_changed":false},"product_brand":[1555],"product_cat":[96],"product_tag":[],"class_list":{"0":"post-149199","1":"product","2":"type-product","3":"status-publish","4":"has-post-thumbnail","6":"product_brand-intimy","7":"product_cat-hygiene-protection","9":"first","10":"outofstock","11":"sale","12":"taxable","13":"shipping-taxable","14":"purchasable","15":"product-type-simple"},"acf":[],"_links":{"self":[{"href":"https:\/\/pharmacima.com\/ar\/wp-json\/wp\/v2\/product\/149199","targetHints":{"allow":["GET"]}}],"collection":[{"href":"https:\/\/pharmacima.com\/ar\/wp-json\/wp\/v2\/product"}],"about":[{"href":"https:\/\/pharmacima.com\/ar\/wp-json\/wp\/v2\/types\/product"}],"replies":[{"embeddable":true,"href":"https:\/\/pharmacima.com\/ar\/wp-json\/wp\/v2\/comments?post=149199"}],"wp:featuredmedia":[{"embeddable":true,"href":"https:\/\/pharmacima.com\/ar\/wp-json\/wp\/v2\/media\/149200"}],"wp:attachment":[{"href":"https:\/\/pharmacima.com\/ar\/wp-json\/wp\/v2\/media?parent=149199"}],"wp:term":[{"taxonomy":"product_brand","embeddable":true,"href":"https:\/\/pharmacima.com\/ar\/wp-json\/wp\/v2\/product_brand?post=149199"},{"taxonomy":"product_cat","embeddable":true,"href":"https:\/\/pharmacima.com\/ar\/wp-json\/wp\/v2\/product_cat?post=149199"},{"taxonomy":"product_tag","embeddable":true,"href":"https:\/\/pharmacima.com\/ar\/wp-json\/wp\/v2\/product_tag?post=149199"}],"curies":[{"name":"wp","href":"https:\/\/api.w.org\/{rel}","templated":true}]}}