{"id":149220,"date":"2026-01-15T13:14:45","date_gmt":"2026-01-15T12:14:45","guid":{"rendered":"https:\/\/pharmacima.com\/?post_type=product&#038;p=149220"},"modified":"2026-02-03T17:19:23","modified_gmt":"2026-02-03T16:19:23","slug":"tire-lait-manuel-en-verre-cocco-baby","status":"publish","type":"product","link":"https:\/\/pharmacima.com\/ar\/product\/tire-lait-manuel-en-verre-cocco-baby\/","title":{"rendered":"Tire lait manuel en verre Cocco baby"},"content":{"rendered":"<h1>\u0648\u0635\u0641 :<\/h1>\n<h2 data-start=\"160\" data-end=\"457\">\u0627\u0644 <strong data-start=\"163\" data-end=\"203\">tire-lait manuel en verre Cocco Baby<\/strong> est con\u00e7u pour offrir aux mamans une solution naturelle, s\u00fbre et pratique pour l\u2019expression du lait maternel. Fabriqu\u00e9 en <strong data-start=\"326\" data-end=\"352\">verre de haute qualit\u00e9<\/strong>, il garantit une hygi\u00e8ne optimale et une conservation du lait sans alt\u00e9ration du go\u00fbt ni des nutriments.<\/h2>\n<h2 data-start=\"459\" data-end=\"667\">\u0647\u0627 <strong data-start=\"463\" data-end=\"500\">syst\u00e8me manuel simple et efficace<\/strong> permet une extraction douce et contr\u00f4l\u00e9e, respectant le confort du sein. Compact et facile \u00e0 utiliser, il est id\u00e9al pour une utilisation \u00e0 domicile ou en d\u00e9placement.<\/h2>\n<p>&nbsp;<\/p>\n<h2>CARACTERISTIQUES PRINCIPALES :<\/h2>\n<p data-start=\"607\" data-end=\"988\">&#x2714; <strong data-start=\"609\" data-end=\"639\">Cloche en verre incassable<\/strong> qui s\u2019adapte parfaitement au sein pour un contact doux et s\u00e9curis\u00e9. <br data-start=\"745\" data-end=\"748\" \/>&#x2714; <strong data-start=\"750\" data-end=\"781\">Pompe aspirante ergonomique<\/strong> pour faciliter l\u2019expression du lait de mani\u00e8re confortable. <br data-start=\"879\" data-end=\"882\" \/>&#x2714; <strong data-start=\"884\" data-end=\"896\">Sans BPA<\/strong> et mat\u00e9riaux s\u00fbrs, respectant la sant\u00e9 de la maman.<\/p>\n<p data-start=\"607\" data-end=\"988\">Cocco baby.<\/p>\n<p data-start=\"607\" data-end=\"988\">","protected":false},"excerpt":{"rendered":"<h4 data-start=\"1642\" data-end=\"1679\"><span style=\"color: #99ccff;\"><strong data-start=\"1650\" data-end=\"1679\">Avantages pour les mamans<\/strong><\/span><\/h4>\n<ul data-start=\"1680\" data-end=\"2126\">\n<li data-start=\"1680\" data-end=\"1782\">\n<p data-start=\"1682\" data-end=\"1782\"><strong data-start=\"1682\" data-end=\"1711\">Expression rapide et s\u00fbre<\/strong> du reste de lait dans le sein.<\/p>\n<\/li>\n<li data-start=\"1899\" data-end=\"2003\">\n<p data-start=\"1901\" data-end=\"2003\">Facile \u00e0 nettoyer<\/p>\n<\/li>\n<li data-start=\"2004\" data-end=\"2126\">\n<p data-start=\"2006\" data-end=\"2126\">L\u00e9ger et simple, donc id\u00e9al pour une utilisation \u00e0 domicile ou en d\u00e9placement.<\/p>\n<\/li>\n<\/ul>","protected":false},"featured_media":149624,"comment_status":"open","ping_status":"closed","template":"","meta":{"_acf_changed":false},"product_brand":[1574],"product_cat":[1575],"product_tag":[],"class_list":{"0":"post-149220","1":"product","2":"type-product","3":"status-publish","4":"has-post-thumbnail","6":"product_brand-cocco-baby","7":"product_cat-accessoires-maman","9":"first","10":"instock","11":"taxable","12":"shipping-taxable","13":"purchasable","14":"product-type-simple"},"acf":[],"_links":{"self":[{"href":"https:\/\/pharmacima.com\/ar\/wp-json\/wp\/v2\/product\/149220","targetHints":{"allow":["GET"]}}],"collection":[{"href":"https:\/\/pharmacima.com\/ar\/wp-json\/wp\/v2\/product"}],"about":[{"href":"https:\/\/pharmacima.com\/ar\/wp-json\/wp\/v2\/types\/product"}],"replies":[{"embeddable":true,"href":"https:\/\/pharmacima.com\/ar\/wp-json\/wp\/v2\/comments?post=149220"}],"wp:featuredmedia":[{"embeddable":true,"href":"https:\/\/pharmacima.com\/ar\/wp-json\/wp\/v2\/media\/149624"}],"wp:attachment":[{"href":"https:\/\/pharmacima.com\/ar\/wp-json\/wp\/v2\/media?parent=149220"}],"wp:term":[{"taxonomy":"product_brand","embeddable":true,"href":"https:\/\/pharmacima.com\/ar\/wp-json\/wp\/v2\/product_brand?post=149220"},{"taxonomy":"product_cat","embeddable":true,"href":"https:\/\/pharmacima.com\/ar\/wp-json\/wp\/v2\/product_cat?post=149220"},{"taxonomy":"product_tag","embeddable":true,"href":"https:\/\/pharmacima.com\/ar\/wp-json\/wp\/v2\/product_tag?post=149220"}],"curies":[{"name":"wp","href":"https:\/\/api.w.org\/{rel}","templated":true}]}}