{"id":149226,"date":"2026-01-15T14:26:32","date_gmt":"2026-01-15T13:26:32","guid":{"rendered":"https:\/\/pharmacima.com\/?post_type=product&#038;p=149226"},"modified":"2026-05-01T18:22:35","modified_gmt":"2026-05-01T17:22:35","slug":"gel-stimulant-orgasm-intense-10ml-durex","status":"publish","type":"product","link":"https:\/\/pharmacima.com\/ar\/product\/gel-stimulant-orgasm-intense-10ml-durex\/","title":{"rendered":"Gel stimulant Orgasm intense 10ml Durex"},"content":{"rendered":"<h1>\u0648\u0635\u0641 :<\/h1>\n<h2>\u0627\u0644 <strong data-start=\"297\" data-end=\"329\">gel stimulant Orgasm Intense<\/strong> \u0644 <strong data-start=\"333\" data-end=\"342\">\u062f\u064a\u0648\u0631\u0643\u0633<\/strong> \u0647\u0648 <strong data-start=\"350\" data-end=\"421\">gel sp\u00e9cialement formul\u00e9 pour intensifier le plaisir intime f\u00e9minin<\/strong>. Contrairement \u00e0 un lubrifiant classique, il est con\u00e7u pour <strong data-start=\"482\" data-end=\"529\">augmenter la sensibilit\u00e9 des zones \u00e9rog\u00e8nes<\/strong>\u00a0 gr\u00e2ce \u00e0 des <strong data-start=\"566\" data-end=\"607\">effets chauds, froids ou frissonnants<\/strong>, pour une exp\u00e9rience plus intense et agr\u00e9able.<\/h2>\n<p>&nbsp;<\/p>\n<h2>\u0627\u0644\u062a\u0631\u0643\u064a\u0628\u0629 :<\/h2>\n<p data-start=\"1462\" data-end=\"1621\">Le gel est formul\u00e9 \u00e0 base d\u2019eau et d\u2019autres ingr\u00e9dients qui contribuent \u00e0 sa texture, sa sensorialit\u00e9 et sa stimulation :<\/p>\n<ul data-start=\"1623\" data-end=\"2021\">\n<li data-start=\"1623\" data-end=\"1659\">\n<p data-start=\"1625\" data-end=\"1659\"><strong data-start=\"1625\" data-end=\"1639\">Aqua (eau)<\/strong> \u2013 Base hydratante<\/p>\n<\/li>\n<li data-start=\"1660\" data-end=\"1696\">\n<p data-start=\"1662\" data-end=\"1696\"><strong data-start=\"1662\" data-end=\"1682\">\u0627\u0644\u0628\u0631\u0648\u0628\u064a\u0644\u064a\u0646 \u063a\u0644\u064a\u0643\u0648\u0644<\/strong> \u2013 Humectant<\/p>\n<\/li>\n<li data-start=\"1697\" data-end=\"1749\">\n<p data-start=\"1699\" data-end=\"1749\"><strong data-start=\"1699\" data-end=\"1723\">Glycerin (glyc\u00e9rine)<\/strong> \u2013 Apporte de la douceur<\/p>\n<\/li>\n<li data-start=\"1750\" data-end=\"1801\">\n<p data-start=\"1752\" data-end=\"1801\"><strong data-start=\"1752\" data-end=\"1777\">Hydroxyethylcellulose<\/strong> \u2013 \u00c9paississant en gel<\/p>\n<\/li>\n<li data-start=\"1802\" data-end=\"1867\">\n<p data-start=\"1804\" data-end=\"1867\"><strong data-start=\"1804\" data-end=\"1838\">PEG-40 Hydrogenated Castor Oil<\/strong> \u2013 Emulsifiant\/solubilisant<\/p>\n<\/li>\n<li data-start=\"1868\" data-end=\"1904\">\n<p data-start=\"1870\" data-end=\"1904\"><strong data-start=\"1870\" data-end=\"1879\">Aroma<\/strong> \u2013 Ar\u00f4me pour sensation<\/p>\n<\/li>\n<li data-start=\"1905\" data-end=\"1945\">\n<p data-start=\"1907\" data-end=\"1945\"><strong data-start=\"1907\" data-end=\"1923\">\u062d\u0645\u0636 \u0627\u0644\u0628\u0646\u0632\u0648\u064a\u0643<\/strong> \u2013 Conservateur doux<\/p>\n<\/li>\n<li data-start=\"1946\" data-end=\"2021\">\n<p data-start=\"1948\" data-end=\"2021\"><strong data-start=\"1948\" data-end=\"1968\">\u0647\u064a\u062f\u0631\u0648\u0643\u0633\u064a\u062f \u0627\u0644\u0635\u0648\u062f\u064a\u0648\u0645<\/strong> \u2013 Ajuste le pH<\/p>\n<\/li>\n<\/ul>","protected":false},"excerpt":{"rendered":"<p>DESCRIPTION : Le gel stimulant Orgasm Intense de Durex est un gel sp\u00e9cialement formul\u00e9 pour intensifier le plaisir intime f\u00e9minin. Contrairement \u00e0 un lubrifiant classique, il est con\u00e7u pour augmenter la sensibilit\u00e9 des zones \u00e9rog\u00e8nes\u00a0 gr\u00e2ce \u00e0 des effets chauds, froids ou frissonnants, pour une exp\u00e9rience plus intense et agr\u00e9able. &nbsp; COMPOSITION : Le gel [&hellip;]<\/p>\n","protected":false},"featured_media":149227,"comment_status":"open","ping_status":"closed","template":"","meta":{"_acf_changed":false},"product_brand":[1407],"product_cat":[102,139,96],"product_tag":[],"class_list":{"0":"post-149226","1":"product","2":"type-product","3":"status-publish","4":"has-post-thumbnail","6":"product_brand-durex","7":"product_cat-soin-et-bien-etre","8":"product_cat-corps_","9":"product_cat-hygiene-protection","11":"first","12":"outofstock","13":"taxable","14":"shipping-taxable","15":"purchasable","16":"product-type-simple"},"acf":[],"_links":{"self":[{"href":"https:\/\/pharmacima.com\/ar\/wp-json\/wp\/v2\/product\/149226","targetHints":{"allow":["GET"]}}],"collection":[{"href":"https:\/\/pharmacima.com\/ar\/wp-json\/wp\/v2\/product"}],"about":[{"href":"https:\/\/pharmacima.com\/ar\/wp-json\/wp\/v2\/types\/product"}],"replies":[{"embeddable":true,"href":"https:\/\/pharmacima.com\/ar\/wp-json\/wp\/v2\/comments?post=149226"}],"wp:featuredmedia":[{"embeddable":true,"href":"https:\/\/pharmacima.com\/ar\/wp-json\/wp\/v2\/media\/149227"}],"wp:attachment":[{"href":"https:\/\/pharmacima.com\/ar\/wp-json\/wp\/v2\/media?parent=149226"}],"wp:term":[{"taxonomy":"product_brand","embeddable":true,"href":"https:\/\/pharmacima.com\/ar\/wp-json\/wp\/v2\/product_brand?post=149226"},{"taxonomy":"product_cat","embeddable":true,"href":"https:\/\/pharmacima.com\/ar\/wp-json\/wp\/v2\/product_cat?post=149226"},{"taxonomy":"product_tag","embeddable":true,"href":"https:\/\/pharmacima.com\/ar\/wp-json\/wp\/v2\/product_tag?post=149226"}],"curies":[{"name":"wp","href":"https:\/\/api.w.org\/{rel}","templated":true}]}}