{"id":149228,"date":"2026-01-15T14:50:09","date_gmt":"2026-01-15T13:50:09","guid":{"rendered":"https:\/\/pharmacima.com\/?post_type=product&#038;p=149228"},"modified":"2026-04-06T12:23:10","modified_gmt":"2026-04-06T11:23:10","slug":"lialee-gel-lubrifiant-11g-kalos","status":"publish","type":"product","link":"https:\/\/pharmacima.com\/ar\/product\/lialee-gel-lubrifiant-11g-kalos\/","title":{"rendered":"Lialee Gel lubrifiant 11g Kalos"},"content":{"rendered":"<h1>\u0648\u0635\u0641 :<\/h1>\n<h2>Prolongez le Plaisir Intime.<\/h2>\n<h2>Savourez chaque moment avec LIALEE GEL, un lubrifiant aqueux con\u00e7u pour prolonger la dur\u00e9e du plaisir au cours de la relation conjugale (\u00e9jaculation pr\u00e9coce). Sa formule sp\u00e9ciale aide \u00e0 r\u00e9duire les frottements et les irritations, offrant ainsi une exp\u00e9rience plus confortable et plus satisfaisante pour les deux partenaires.<\/h2>\n<h2>LIALEE GEL est formul\u00e9 pour correspondre au pH vaginal, ce qui en fait un choix id\u00e9al pour les hommes soucieux de pr\u00e9server l&rsquo;\u00e9quilibre naturel de leur partenaire. Cette caract\u00e9ristique unique assure une compatibilit\u00e9 maximale, r\u00e9duisant ainsi le risque d&rsquo;irritations ou d&rsquo;effets ind\u00e9sirables.<\/h2>\n<p>&nbsp;<\/p>\n<p>Kalos.<\/p>\n<p>&nbsp;<\/p>\n<p>&nbsp;<\/p>","protected":false},"excerpt":{"rendered":"<p>DESCRIPTION : Prolongez le Plaisir Intime. Savourez chaque moment avec LIALEE GEL, un lubrifiant aqueux con\u00e7u pour prolonger la dur\u00e9e du plaisir au cours de la relation conjugale (\u00e9jaculation pr\u00e9coce). Sa formule sp\u00e9ciale aide \u00e0 r\u00e9duire les frottements et les irritations, offrant ainsi une exp\u00e9rience plus confortable et plus satisfaisante pour les deux partenaires. LIALEE [&hellip;]<\/p>\n","protected":false},"featured_media":149230,"comment_status":"open","ping_status":"closed","template":"","meta":{"_acf_changed":false},"product_brand":[1556],"product_cat":[96],"product_tag":[],"class_list":{"0":"post-149228","1":"product","2":"type-product","3":"status-publish","4":"has-post-thumbnail","6":"product_brand-kalos","7":"product_cat-hygiene-protection","9":"first","10":"outofstock","11":"taxable","12":"shipping-taxable","13":"purchasable","14":"product-type-simple"},"acf":[],"_links":{"self":[{"href":"https:\/\/pharmacima.com\/ar\/wp-json\/wp\/v2\/product\/149228","targetHints":{"allow":["GET"]}}],"collection":[{"href":"https:\/\/pharmacima.com\/ar\/wp-json\/wp\/v2\/product"}],"about":[{"href":"https:\/\/pharmacima.com\/ar\/wp-json\/wp\/v2\/types\/product"}],"replies":[{"embeddable":true,"href":"https:\/\/pharmacima.com\/ar\/wp-json\/wp\/v2\/comments?post=149228"}],"wp:featuredmedia":[{"embeddable":true,"href":"https:\/\/pharmacima.com\/ar\/wp-json\/wp\/v2\/media\/149230"}],"wp:attachment":[{"href":"https:\/\/pharmacima.com\/ar\/wp-json\/wp\/v2\/media?parent=149228"}],"wp:term":[{"taxonomy":"product_brand","embeddable":true,"href":"https:\/\/pharmacima.com\/ar\/wp-json\/wp\/v2\/product_brand?post=149228"},{"taxonomy":"product_cat","embeddable":true,"href":"https:\/\/pharmacima.com\/ar\/wp-json\/wp\/v2\/product_cat?post=149228"},{"taxonomy":"product_tag","embeddable":true,"href":"https:\/\/pharmacima.com\/ar\/wp-json\/wp\/v2\/product_tag?post=149228"}],"curies":[{"name":"wp","href":"https:\/\/api.w.org\/{rel}","templated":true}]}}