{"id":149231,"date":"2026-01-15T15:04:53","date_gmt":"2026-01-15T14:04:53","guid":{"rendered":"https:\/\/pharmacima.com\/?post_type=product&#038;p=149231"},"modified":"2026-05-15T03:05:13","modified_gmt":"2026-05-15T02:05:13","slug":"gel-lubrifiant-personnel-n-lialee","status":"publish","type":"product","link":"https:\/\/pharmacima.com\/ar\/product\/gel-lubrifiant-personnel-n-lialee\/","title":{"rendered":"Lialee Gel lubrifiant Homme N 5g Kalos"},"content":{"rendered":"<h1>\u0648\u0635\u0641 :<\/h1>\n<h2>\u0627\u0644 <strong data-start=\"252\" data-end=\"291\">Gel lubrifiant personnel <em data-start=\"279\" data-end=\"289\">Lialee N Kalos<\/em><\/strong> est un gel intime con\u00e7u sp\u00e9cialement pour <strong data-start=\"334\" data-end=\"348\">les hommes<\/strong> afin d\u2019<strong data-start=\"356\" data-end=\"393\">am\u00e9liorer la performance sexuelle<\/strong>, <strong data-start=\"395\" data-end=\"461\">prolonger le plaisir et aider \u00e0 retarder l\u2019\u00e9jaculation pr\u00e9coce<\/strong>. Sa formule aide \u00e9galement \u00e0 <strong data-start=\"491\" data-end=\"515\">am\u00e9liorer l\u2019\u00e9rection<\/strong> gr\u00e2ce \u00e0 un principe actif vasodilatateur.<\/h2>\n<p>&nbsp;<\/p>\n<p>Kalos.<\/p>","protected":false},"excerpt":{"rendered":"<p>DESCRIPTION : Le Gel lubrifiant personnel Lialee N Kalos est un gel intime con\u00e7u sp\u00e9cialement pour les hommes afin d\u2019am\u00e9liorer la performance sexuelle, prolonger le plaisir et aider \u00e0 retarder l\u2019\u00e9jaculation pr\u00e9coce. Sa formule aide \u00e9galement \u00e0 am\u00e9liorer l\u2019\u00e9rection gr\u00e2ce \u00e0 un principe actif vasodilatateur. &nbsp; Kalos.<\/p>","protected":false},"featured_media":149232,"comment_status":"open","ping_status":"closed","template":"","meta":{"_acf_changed":false},"product_brand":[1556],"product_cat":[96],"product_tag":[],"class_list":{"0":"post-149231","1":"product","2":"type-product","3":"status-publish","4":"has-post-thumbnail","6":"product_brand-kalos","7":"product_cat-hygiene-protection","9":"first","10":"instock","11":"taxable","12":"shipping-taxable","13":"purchasable","14":"product-type-simple"},"acf":[],"_links":{"self":[{"href":"https:\/\/pharmacima.com\/ar\/wp-json\/wp\/v2\/product\/149231","targetHints":{"allow":["GET"]}}],"collection":[{"href":"https:\/\/pharmacima.com\/ar\/wp-json\/wp\/v2\/product"}],"about":[{"href":"https:\/\/pharmacima.com\/ar\/wp-json\/wp\/v2\/types\/product"}],"replies":[{"embeddable":true,"href":"https:\/\/pharmacima.com\/ar\/wp-json\/wp\/v2\/comments?post=149231"}],"wp:featuredmedia":[{"embeddable":true,"href":"https:\/\/pharmacima.com\/ar\/wp-json\/wp\/v2\/media\/149232"}],"wp:attachment":[{"href":"https:\/\/pharmacima.com\/ar\/wp-json\/wp\/v2\/media?parent=149231"}],"wp:term":[{"taxonomy":"product_brand","embeddable":true,"href":"https:\/\/pharmacima.com\/ar\/wp-json\/wp\/v2\/product_brand?post=149231"},{"taxonomy":"product_cat","embeddable":true,"href":"https:\/\/pharmacima.com\/ar\/wp-json\/wp\/v2\/product_cat?post=149231"},{"taxonomy":"product_tag","embeddable":true,"href":"https:\/\/pharmacima.com\/ar\/wp-json\/wp\/v2\/product_tag?post=149231"}],"curies":[{"name":"wp","href":"https:\/\/api.w.org\/{rel}","templated":true}]}}