{"id":149235,"date":"2026-01-15T15:12:59","date_gmt":"2026-01-15T14:12:59","guid":{"rendered":"https:\/\/pharmacima.com\/?post_type=product&#038;p=149235"},"modified":"2026-04-27T16:45:22","modified_gmt":"2026-04-27T15:45:22","slug":"lubrex-gel-lubrifiant-50ml-dermanova","status":"publish","type":"product","link":"https:\/\/pharmacima.com\/ar\/product\/lubrex-gel-lubrifiant-50ml-dermanova\/","title":{"rendered":"Lubrex gel lubrifiant 50ml Dermanova"},"content":{"rendered":"<h1>\u0648\u0635\u0641 :<\/h1>\n<h2 data-start=\"153\" data-end=\"469\"><strong>Le Lubrex Gel Lubrifiant Effet Retard est un gel intime \u00e0 double action, con\u00e7u pour am\u00e9liorer le confort et prolonger la dur\u00e9e des rapports. Gr\u00e2ce \u00e0 sa formule sp\u00e9ciale, il assure une lubrification optimale tout en aidant \u00e0 retarder l\u2019\u00e9jaculation pour une meilleure ma\u00eetrise et une exp\u00e9rience plus satisfaisante.<\/strong><\/h2>\n<h2 data-start=\"471\" data-end=\"607\"><strong>Sa texture douce et non grasse procure une sensation naturelle, r\u00e9duit les frottements et augmente le confort pour les deux partenaires.<\/strong><\/h2>\n<h2><\/h2>\n<h2>CARACTERISTIQUES PRINCIPALES :<\/h2>\n<ul data-start=\"748\" data-end=\"1345\">\n<li data-start=\"748\" data-end=\"837\">\n<p data-start=\"750\" data-end=\"837\"><strong data-start=\"750\" data-end=\"777\">Texture douce et fluide<\/strong>, facile \u00e0 appliquer.<\/p>\n<\/li>\n<li data-start=\"838\" data-end=\"973\">\n<p data-start=\"840\" data-end=\"973\"><strong data-start=\"840\" data-end=\"864\">Formule \u00e0 base d\u2019eau<\/strong>, transparente, non grasse et <strong data-start=\"894\" data-end=\"908\">sans odeur<\/strong>, qui se rince facilement.<\/p>\n<\/li>\n<li data-start=\"974\" data-end=\"1097\">\n<p data-start=\"976\" data-end=\"1097\"><strong data-start=\"976\" data-end=\"1021\">Compatible avec les pr\u00e9servatifs en latex<\/strong>, ce qui permet une utilisation s\u00fbre.<\/p>\n<\/li>\n<li data-start=\"1098\" data-end=\"1262\">\n<p data-start=\"1100\" data-end=\"1262\">Convient aux personnes ayant une <strong data-start=\"1133\" data-end=\"1154\">\u062c\u0641\u0627\u0641 \u062d\u0645\u064a\u0645<\/strong> ou recherchant simplement un <strong data-start=\"1184\" data-end=\"1204\">meilleur confort<\/strong> lors des rapports.<\/p>\n<\/li>\n<li data-start=\"1263\" data-end=\"1345\">\n<p data-start=\"1265\" data-end=\"1345\">Ne constitue <strong data-start=\"1278\" data-end=\"1307\">pas un moyen contraceptif<\/strong>.<\/p>\n<\/li>\n<\/ul>\n<p data-start=\"1347\" data-end=\"1632\">Dermanova.<\/p>","protected":false},"excerpt":{"rendered":"<p>DESCRIPTION : Le Lubrex Gel Lubrifiant Effet Retard est un gel intime \u00e0 double action, con\u00e7u pour am\u00e9liorer le confort et prolonger la dur\u00e9e des rapports. Gr\u00e2ce \u00e0 sa formule sp\u00e9ciale, il assure une lubrification optimale tout en aidant \u00e0 retarder l\u2019\u00e9jaculation pour une meilleure ma\u00eetrise et une exp\u00e9rience plus satisfaisante. Sa texture douce et [&hellip;]<\/p>\n","protected":false},"featured_media":149236,"comment_status":"open","ping_status":"closed","template":"","meta":{"_acf_changed":false},"product_brand":[1576],"product_cat":[96],"product_tag":[],"class_list":{"0":"post-149235","1":"product","2":"type-product","3":"status-publish","4":"has-post-thumbnail","6":"product_brand-dermanova-laboratoires","7":"product_cat-hygiene-protection","9":"first","10":"instock","11":"taxable","12":"shipping-taxable","13":"purchasable","14":"product-type-simple"},"acf":[],"_links":{"self":[{"href":"https:\/\/pharmacima.com\/ar\/wp-json\/wp\/v2\/product\/149235","targetHints":{"allow":["GET"]}}],"collection":[{"href":"https:\/\/pharmacima.com\/ar\/wp-json\/wp\/v2\/product"}],"about":[{"href":"https:\/\/pharmacima.com\/ar\/wp-json\/wp\/v2\/types\/product"}],"replies":[{"embeddable":true,"href":"https:\/\/pharmacima.com\/ar\/wp-json\/wp\/v2\/comments?post=149235"}],"wp:featuredmedia":[{"embeddable":true,"href":"https:\/\/pharmacima.com\/ar\/wp-json\/wp\/v2\/media\/149236"}],"wp:attachment":[{"href":"https:\/\/pharmacima.com\/ar\/wp-json\/wp\/v2\/media?parent=149235"}],"wp:term":[{"taxonomy":"product_brand","embeddable":true,"href":"https:\/\/pharmacima.com\/ar\/wp-json\/wp\/v2\/product_brand?post=149235"},{"taxonomy":"product_cat","embeddable":true,"href":"https:\/\/pharmacima.com\/ar\/wp-json\/wp\/v2\/product_cat?post=149235"},{"taxonomy":"product_tag","embeddable":true,"href":"https:\/\/pharmacima.com\/ar\/wp-json\/wp\/v2\/product_tag?post=149235"}],"curies":[{"name":"wp","href":"https:\/\/api.w.org\/{rel}","templated":true}]}}