{"id":149240,"date":"2026-01-15T20:20:03","date_gmt":"2026-01-15T19:20:03","guid":{"rendered":"https:\/\/pharmacima.com\/?post_type=product&#038;p=149240"},"modified":"2026-03-24T13:15:03","modified_gmt":"2026-03-24T12:15:03","slug":"xxl-larges-et-longs-10-preservatifs-durex","status":"publish","type":"product","link":"https:\/\/pharmacima.com\/ar\/product\/xxl-larges-et-longs-10-preservatifs-durex\/","title":{"rendered":"Comfort XXL Extra Larges et Longs 10 Preservatifs Durex"},"content":{"rendered":"<div class=\"div_table_informations\">\n<div id=\"description\" class=\"tab_content active\">\n<div class=\"content_zone_desc tabcontent\">\n<div id=\"type_info_prio_11_1\">\n<h1><strong>\u0648\u0635\u0641 \u0627\u0644\u0645\u0646\u062a\u0648\u062c<\/strong><\/h1>\n<\/div>\n<\/div>\n<\/div>\n<\/div>\n<div class=\"section-selection-wrapper-all\">\n<div id=\"type_info_prio_11_1\">\n<h1><strong>Durex Comfort XXL Extra Larges et Extra Longs 10 Pr\u00e9servatifs sont des pr\u00e9servatifs les plus larges et les plus longs \u00e0 la coupe plus confortable pour les hommes qui en ont besoin. Ils sont de forme droite.<\/strong><\/h1>\n<p>Leur lubrification standard est \u00e0 base de silicone. De texture fine, ils sont transparents en latex de caoutchouc naturel.<\/p>\n<p>Largeur nominale extra-large : largeur nominale moyenne 60 mm.<\/p>\n<p>100% test\u00e9s \u00e9lectroniquement.<\/p>\n<\/div>\n<h2><strong>\u0645\u0643\u0648\u0646\u0627\u062a<\/strong><\/h2>\n<p>Preservatif : latex de caoutchouc. Lubrifiant : silicone.<\/p>\n<p>&nbsp;<\/p>\n<div class=\"a-row a-expander-container a-expander-extend-container\" data-a-expander-name=\"toggle_description\">\n<div class=\"a-expander-content a-expander-extend-content a-expander-content-expanded\" data-expanded=\"true\">\n<h2><strong>\u062a\u0639\u0644\u064a\u0645\u0627\u062a<\/strong><\/h2>\n<p>Ouvrez l&#8217;emballage, roulez le pr\u00e9servatif sur le p\u00e9nis en \u00e9rection avec un lubrifiant appropri\u00e9, retirez-le soigneusement apr\u00e8s utilisation et jetez-le.<\/p>\n<\/div>\n<\/div>\n<\/div>\n<div id=\"avis\"><\/div>","protected":false},"excerpt":{"rendered":"<p>Description du produit Durex Comfort XXL Extra Larges et Extra Longs 10 Pr\u00e9servatifs sont des pr\u00e9servatifs les plus larges et les plus longs \u00e0 la coupe plus confortable pour les hommes qui en ont besoin. Ils sont de forme droite. Leur lubrification standard est \u00e0 base de silicone. De texture fine, ils sont transparents en [&hellip;]<\/p>\n","protected":false},"featured_media":149243,"comment_status":"open","ping_status":"closed","template":"","meta":{"_acf_changed":false},"product_brand":[1407],"product_cat":[96],"product_tag":[],"class_list":{"0":"post-149240","1":"product","2":"type-product","3":"status-publish","4":"has-post-thumbnail","6":"product_brand-durex","7":"product_cat-hygiene-protection","9":"first","10":"outofstock","11":"sale","12":"taxable","13":"shipping-taxable","14":"purchasable","15":"product-type-simple"},"acf":[],"_links":{"self":[{"href":"https:\/\/pharmacima.com\/ar\/wp-json\/wp\/v2\/product\/149240","targetHints":{"allow":["GET"]}}],"collection":[{"href":"https:\/\/pharmacima.com\/ar\/wp-json\/wp\/v2\/product"}],"about":[{"href":"https:\/\/pharmacima.com\/ar\/wp-json\/wp\/v2\/types\/product"}],"replies":[{"embeddable":true,"href":"https:\/\/pharmacima.com\/ar\/wp-json\/wp\/v2\/comments?post=149240"}],"wp:featuredmedia":[{"embeddable":true,"href":"https:\/\/pharmacima.com\/ar\/wp-json\/wp\/v2\/media\/149243"}],"wp:attachment":[{"href":"https:\/\/pharmacima.com\/ar\/wp-json\/wp\/v2\/media?parent=149240"}],"wp:term":[{"taxonomy":"product_brand","embeddable":true,"href":"https:\/\/pharmacima.com\/ar\/wp-json\/wp\/v2\/product_brand?post=149240"},{"taxonomy":"product_cat","embeddable":true,"href":"https:\/\/pharmacima.com\/ar\/wp-json\/wp\/v2\/product_cat?post=149240"},{"taxonomy":"product_tag","embeddable":true,"href":"https:\/\/pharmacima.com\/ar\/wp-json\/wp\/v2\/product_tag?post=149240"}],"curies":[{"name":"wp","href":"https:\/\/api.w.org\/{rel}","templated":true}]}}