{"id":149290,"date":"2026-01-18T14:09:18","date_gmt":"2026-01-18T13:09:18","guid":{"rendered":"https:\/\/pharmacima.com\/?post_type=product&#038;p=149290"},"modified":"2026-04-13T10:52:35","modified_gmt":"2026-04-13T09:52:35","slug":"lialee-femme-gel-lubrifiant-30g-kalos","status":"publish","type":"product","link":"https:\/\/pharmacima.com\/ar\/product\/lialee-femme-gel-lubrifiant-30g-kalos\/","title":{"rendered":"Lialee femme Gel lubrifiant 30g Kalos"},"content":{"rendered":"<h1>\u0648\u0635\u0641 :<\/h1>\n<h2 data-start=\"248\" data-end=\"372\"><strong data-start=\"251\" data-end=\"282\">Lialee Femme Gel Lubrifiant Kalos<\/strong>\u00a0\u0647\u0648 <strong data-start=\"290\" data-end=\"326\">gel intime con\u00e7u pour les femmes<\/strong>, formul\u00e9 \u00e0 base d\u2019ingr\u00e9dients naturels pour :<\/h2>\n<ul data-start=\"374\" data-end=\"862\">\n<li data-start=\"374\" data-end=\"476\">\n<p data-start=\"376\" data-end=\"476\"><strong data-start=\"376\" data-end=\"401\">Hydrater et lubrifier<\/strong> la zone intime afin de r\u00e9duire l\u2019inconfort li\u00e9 \u00e0 la s\u00e9cheresse vaginale.<\/p>\n<\/li>\n<li data-start=\"477\" data-end=\"571\">\n<p data-start=\"479\" data-end=\"571\"><strong data-start=\"479\" data-end=\"517\">Favoriser une sensation de confort<\/strong>, de douceur et de glisse lors des rapports intimes.<\/p>\n<\/li>\n<li data-start=\"572\" data-end=\"665\">\n<p data-start=\"574\" data-end=\"665\"><strong data-start=\"574\" data-end=\"600\">Am\u00e9liorer l\u2019\u00e9lasticit\u00e9<\/strong> des tissus vaginaux et renforcer la sensation de resserrement.<\/p>\n<\/li>\n<li data-start=\"666\" data-end=\"737\">\n<p data-start=\"668\" data-end=\"737\"><strong data-start=\"668\" data-end=\"692\">Accro\u00eetre le plaisir<\/strong> intime pour la femme et son\/sa partenaire.<\/p>\n<\/li>\n<li data-start=\"738\" data-end=\"862\">\n<p data-start=\"740\" data-end=\"862\">Sa texture est douce et agr\u00e9able, con\u00e7ue pour <strong data-start=\"786\" data-end=\"823\">respecter la zone intime d\u00e9licate<\/strong>.<\/p>\n<\/li>\n<\/ul>\n<h2 data-start=\"864\" data-end=\"1067\">\u0627\u0644\u062a\u0631\u0643\u064a\u0628\u0629 :<\/h2>\n<ul>\n<li data-start=\"1274\" data-end=\"1317\">\n<p data-start=\"1276\" data-end=\"1317\"><strong data-start=\"1276\" data-end=\"1290\">Aqua (eau)<\/strong> \u2013 base hydratante du gel<\/p>\n<\/li>\n<li data-start=\"1318\" data-end=\"1405\">\n<p data-start=\"1320\" data-end=\"1405\"><strong data-start=\"1320\" data-end=\"1340\">\u0627\u0644\u0628\u0631\u0648\u0628\u064a\u0644\u064a\u0646 \u063a\u0644\u064a\u0643\u0648\u0644<\/strong> \u2013 aide \u00e0 retenir l\u2019humidit\u00e9 et procure une sensation de glisse<\/p>\n<\/li>\n<li data-start=\"1463\" data-end=\"1582\">\n<p data-start=\"1465\" data-end=\"1582\"><strong data-start=\"1465\" data-end=\"1492\">Chlorhydrate d\u2019arginine<\/strong> \u2013 un acide amin\u00e9 qui peut contribuer \u00e0 la sensation de stimulation ou d\u2019effet tonifiant<\/p>\n<\/li>\n<li data-start=\"1583\" data-end=\"1615\">\n<p data-start=\"1585\" data-end=\"1615\"><strong data-start=\"1585\" data-end=\"1598\">Vanilline<\/strong> \u2013 parfum l\u00e9ger<\/p>\n<\/li>\n<li data-start=\"1616\" data-end=\"1691\">\n<p data-start=\"1618\" data-end=\"1691\"><strong data-start=\"1618\" data-end=\"1643\">\u0647\u064a\u062f\u0631\u0648\u0643\u0633\u064a \u0625\u064a\u062b\u064a\u0644 \u0627\u0644\u0633\u0644\u064a\u0644\u0648\u0632<\/strong> \u2013 agent g\u00e9lifiant qui donne la texture de gel<\/p>\n<\/li>\n<li data-start=\"1692\" data-end=\"1820\">\n<p data-start=\"1694\" data-end=\"1820\"><strong data-start=\"1694\" data-end=\"1715\">Extrait de cactus<\/strong> \u0648 <strong data-start=\"1719\" data-end=\"1734\">Vitex Agnus<\/strong> \u2013 extraits naturels souvent utilis\u00e9s pour leurs propri\u00e9t\u00e9s calmantes et tonifiantes<\/p>\n<\/li>\n<li data-start=\"1821\" data-end=\"1869\">\n<p data-start=\"1823\" data-end=\"1869\"><strong data-start=\"1823\" data-end=\"1837\">\u0623\u0644\u0627\u0646\u062a\u0648\u064a\u0646<\/strong> \u2013 apaisant pour les muqueuses<\/p>\n<\/li>\n<li data-start=\"1870\" data-end=\"1937\">\n<p data-start=\"1872\" data-end=\"1937\"><strong data-start=\"1872\" data-end=\"1896\">Extrait de camomille<\/strong> \u2013 connu pour ses propri\u00e9t\u00e9s apaisantes<\/p>\n<\/li>\n<li data-start=\"1938\" data-end=\"2016\">\n<p data-start=\"1940\" data-end=\"2016\"><strong data-start=\"1940\" data-end=\"1963\">Imidazolidinyl ur\u00e9e<\/strong> \u2013 conservateur<\/p>\n<\/li>\n<\/ul>\n<p>&nbsp;<\/p>\n<p>KALOS.<\/p>","protected":false},"excerpt":{"rendered":"<p>&nbsp;<\/p>\n<p>&nbsp;<\/p>\n<p>&nbsp;<\/p>","protected":false},"featured_media":149291,"comment_status":"open","ping_status":"closed","template":"","meta":{"_acf_changed":false},"product_brand":[1556],"product_cat":[96],"product_tag":[],"class_list":{"0":"post-149290","1":"product","2":"type-product","3":"status-publish","4":"has-post-thumbnail","6":"product_brand-kalos","7":"product_cat-hygiene-protection","9":"first","10":"instock","11":"taxable","12":"shipping-taxable","13":"purchasable","14":"product-type-simple"},"acf":[],"_links":{"self":[{"href":"https:\/\/pharmacima.com\/ar\/wp-json\/wp\/v2\/product\/149290","targetHints":{"allow":["GET"]}}],"collection":[{"href":"https:\/\/pharmacima.com\/ar\/wp-json\/wp\/v2\/product"}],"about":[{"href":"https:\/\/pharmacima.com\/ar\/wp-json\/wp\/v2\/types\/product"}],"replies":[{"embeddable":true,"href":"https:\/\/pharmacima.com\/ar\/wp-json\/wp\/v2\/comments?post=149290"}],"wp:featuredmedia":[{"embeddable":true,"href":"https:\/\/pharmacima.com\/ar\/wp-json\/wp\/v2\/media\/149291"}],"wp:attachment":[{"href":"https:\/\/pharmacima.com\/ar\/wp-json\/wp\/v2\/media?parent=149290"}],"wp:term":[{"taxonomy":"product_brand","embeddable":true,"href":"https:\/\/pharmacima.com\/ar\/wp-json\/wp\/v2\/product_brand?post=149290"},{"taxonomy":"product_cat","embeddable":true,"href":"https:\/\/pharmacima.com\/ar\/wp-json\/wp\/v2\/product_cat?post=149290"},{"taxonomy":"product_tag","embeddable":true,"href":"https:\/\/pharmacima.com\/ar\/wp-json\/wp\/v2\/product_tag?post=149290"}],"curies":[{"name":"wp","href":"https:\/\/api.w.org\/{rel}","templated":true}]}}