{"id":149308,"date":"2026-01-19T10:32:45","date_gmt":"2026-01-19T09:32:45","guid":{"rendered":"https:\/\/pharmacima.com\/?post_type=product&#038;p=149308"},"modified":"2026-03-15T14:38:41","modified_gmt":"2026-03-15T13:38:41","slug":"the-nordea-retinol-1-30ml-bionnex","status":"publish","type":"product","link":"https:\/\/pharmacima.com\/ar\/product\/the-nordea-retinol-1-30ml-bionnex\/","title":{"rendered":"The nordea retinol 1% serum 30ml Bionnex"},"content":{"rendered":"<h1><strong>\u0648\u0635\u0641 :<\/strong><\/h1>\n<h2><strong data-start=\"204\" data-end=\"236\">The Nordea R\u00e9tinol 1 % S\u00e9rum<\/strong> \u0644 <strong data-start=\"240\" data-end=\"251\">Bionnex<\/strong> \u0647\u0648 <strong data-start=\"259\" data-end=\"287\">s\u00e9rum anti-\u00e2ge concentr\u00e9<\/strong> formul\u00e9 avec <strong data-start=\"301\" data-end=\"323\">1 % de r\u00e9tinol pur<\/strong>, destin\u00e9 \u00e0 <strong data-start=\"335\" data-end=\"376\">stimuler le renouvellement cellulaire<\/strong>, favoriser la <strong data-start=\"391\" data-end=\"418\">production de collag\u00e8ne<\/strong> et am\u00e9liorer <strong data-start=\"432\" data-end=\"472\">la texture et l\u2019apparence de la peau<\/strong>. Il aide \u00e0 r\u00e9duire visiblement les <strong data-start=\"508\" data-end=\"526\">rides, ridules<\/strong>\u060c \u0627\u0644 <strong data-start=\"532\" data-end=\"555\">\u0628\u0642\u0639 \u0627\u0644\u0635\u0628\u0627\u063a<\/strong> et \u00e0 unifier le teint pour une peau plus lisse, plus ferme et plus lumineuse.<\/h2>\n<p>&nbsp;<\/p>\n<h2>\u0627\u0644\u062a\u0631\u0643\u064a\u0628\u0629 :<\/h2>\n<ul>\n<li data-start=\"1269\" data-end=\"1388\"><strong data-start=\"964\" data-end=\"981\">R\u00e9tinol (1 %)<\/strong> \u2014 forme de vitamine A connue pour ses effets anti-\u00e2ge : stimule la production de collag\u00e8ne, acc\u00e9l\u00e8re le renouvellement cellulaire, aide \u00e0 estomper les rides, les taches et les\u00a0 \u00a0 \u00a0 \u00a0 \u00a0 \u00a0 \u00a0 \u00a0 \u00a0 \u00a0 \u00a0 \u00a0 \u00a0 \u00a0 \u00a0irr\u00e9gularit\u00e9s de la texture.<\/li>\n<li data-start=\"1269\" data-end=\"1388\">\n<p data-start=\"1271\" data-end=\"1388\"><strong data-start=\"1271\" data-end=\"1303\">\u0643\u0627\u0628\u0631\u064a\u0644\u064a\u0643\/\u0643\u0627\u0628\u0631\u064a\u0643 \u0627\u0644\u062f\u0647\u0648\u0646 \u0627\u0644\u062b\u0644\u0627\u062b\u064a\u0629<\/strong> \u2014 \u00e9mollient qui rend la peau douce et lisse.<\/p>\n<\/li>\n<li data-start=\"1389\" data-end=\"1534\">\n<p data-start=\"1391\" data-end=\"1534\"><strong data-start=\"1391\" data-end=\"1432\">Huile de <em data-start=\"1402\" data-end=\"1421\">Persea Gratissima<\/em> (Avocat)<\/strong> \u2014 riche en acides gras et vitamines pour nourrir et hydrater.<\/p>\n<\/li>\n<li data-start=\"1535\" data-end=\"1681\">\n<p data-start=\"1537\" data-end=\"1681\"><strong data-start=\"1537\" data-end=\"1590\">Huile de <em data-start=\"1548\" data-end=\"1573\">Prunus Amygdalus Dulcis<\/em> (Amande douce)<\/strong> \u2014 \u00e9mollient nourrissant qui am\u00e9liore l\u2019\u00e9lasticit\u00e9.<\/p>\n<\/li>\n<li data-start=\"1682\" data-end=\"1803\">\n<p data-start=\"1684\" data-end=\"1803\"><strong data-start=\"1684\" data-end=\"1711\">Tocoph\u00e9rol (vitamine E)<\/strong> \u2014 antioxydant prot\u00e9geant contre le stress oxydatif.<\/p>\n<\/li>\n<li data-start=\"1804\" data-end=\"1928\">\n<p data-start=\"1806\" data-end=\"1928\"><strong data-start=\"1806\" data-end=\"1819\">\u0628\u064a\u0633\u0627\u0628\u0648\u0644\u0648\u0644<\/strong> \u2014 apaisant qui aide \u00e0 r\u00e9duire les irritations potentielles du r\u00e9tinol.<\/p>\n<\/li>\n<\/ul>\n<p>&nbsp;<\/p>\n<h2><strong>\u0646\u0635\u0627\u0626\u062d \u0627\u0644\u0627\u0633\u062a\u0639\u0645\u0627\u0644 :\u00a0<\/strong><\/h2>\n<p data-start=\"2146\" data-end=\"2447\"><strong data-start=\"2148\" data-end=\"2174\">Moment d\u2019application :<\/strong> uniquement le <strong data-start=\"2189\" data-end=\"2197\">\u0645\u0633\u0627\u0621<\/strong>, car le r\u00e9tinol peut rendre la peau plus sensible au soleil. <br data-start=\"2296\" data-end=\"2299\" \/><strong data-start=\"2301\" data-end=\"2329\">Pr\u00e9paration de la peau :<\/strong> appliquer sur une <strong data-start=\"2348\" data-end=\"2372\">peau propre et s\u00e8che<\/strong>. <br data-start=\"2413\" data-end=\"2416\" \/><strong data-start=\"2418\" data-end=\"2445\">Quantit\u00e9 et fr\u00e9quence :<\/strong><\/p>\n<ul data-start=\"2448\" data-end=\"3194\">\n<li data-start=\"2561\" data-end=\"3194\">\n<p data-start=\"2563\" data-end=\"3194\">Si la peau tol\u00e8re bien, augmentez progressivement jusqu\u2019\u00e0 <strong data-start=\"2621\" data-end=\"2639\">tous les soirs<\/strong> selon la tol\u00e9rance. <br data-start=\"2699\" data-end=\"2702\" \/><strong data-start=\"2704\" data-end=\"2729\">Ordre d\u2019application :<\/strong> apr\u00e8s vos soins \u00e0 base d\u2019eau (toner\/essence) et avant les cr\u00e8mes hydratantes. <br data-start=\"2847\" data-end=\"2850\" \/><strong data-start=\"2852\" data-end=\"2927\">\u00c9vitez le contour des yeux et tout autre traitement r\u00e9tino\u00efde simultan\u00e9<\/strong> pour r\u00e9duire les risques d\u2019irritation.<\/p>\n<\/li>\n<\/ul>\n<p>Bionnex<\/p>","protected":false},"excerpt":{"rendered":"<p>&nbsp;<\/p>\n<p>&nbsp;<\/p>\n<p>&nbsp;<\/p>\n<p>&nbsp;<\/p>","protected":false},"featured_media":149645,"comment_status":"open","ping_status":"closed","template":"","meta":{"_acf_changed":false},"product_brand":[1562],"product_cat":[102,711,137],"product_tag":[],"class_list":{"0":"post-149308","1":"product","2":"type-product","3":"status-publish","4":"has-post-thumbnail","6":"product_brand-bionnex","7":"product_cat-soin-et-bien-etre","8":"product_cat-cou","9":"product_cat-visage","11":"first","12":"instock","13":"taxable","14":"shipping-taxable","15":"purchasable","16":"product-type-simple"},"acf":[],"_links":{"self":[{"href":"https:\/\/pharmacima.com\/ar\/wp-json\/wp\/v2\/product\/149308","targetHints":{"allow":["GET"]}}],"collection":[{"href":"https:\/\/pharmacima.com\/ar\/wp-json\/wp\/v2\/product"}],"about":[{"href":"https:\/\/pharmacima.com\/ar\/wp-json\/wp\/v2\/types\/product"}],"replies":[{"embeddable":true,"href":"https:\/\/pharmacima.com\/ar\/wp-json\/wp\/v2\/comments?post=149308"}],"wp:featuredmedia":[{"embeddable":true,"href":"https:\/\/pharmacima.com\/ar\/wp-json\/wp\/v2\/media\/149645"}],"wp:attachment":[{"href":"https:\/\/pharmacima.com\/ar\/wp-json\/wp\/v2\/media?parent=149308"}],"wp:term":[{"taxonomy":"product_brand","embeddable":true,"href":"https:\/\/pharmacima.com\/ar\/wp-json\/wp\/v2\/product_brand?post=149308"},{"taxonomy":"product_cat","embeddable":true,"href":"https:\/\/pharmacima.com\/ar\/wp-json\/wp\/v2\/product_cat?post=149308"},{"taxonomy":"product_tag","embeddable":true,"href":"https:\/\/pharmacima.com\/ar\/wp-json\/wp\/v2\/product_tag?post=149308"}],"curies":[{"name":"wp","href":"https:\/\/api.w.org\/{rel}","templated":true}]}}