{"id":149314,"date":"2026-01-19T13:03:38","date_gmt":"2026-01-19T12:03:38","guid":{"rendered":"https:\/\/pharmacima.com\/?post_type=product&#038;p=149314"},"modified":"2026-03-15T14:38:27","modified_gmt":"2026-03-15T13:38:27","slug":"natural-sensation-shampooing-bebe-chicco","status":"publish","type":"product","link":"https:\/\/pharmacima.com\/ar\/product\/natural-sensation-shampooing-bebe-chicco\/","title":{"rendered":"shampooing bebe Natural sensation 500ml Chicco"},"content":{"rendered":"<h1><strong>\u0648\u0635\u0641 :<\/strong><\/h1>\n<h2>\u0627\u0644 <strong data-start=\"165\" data-end=\"221\">Shampooing B\u00e9b\u00e9 <em data-start=\"183\" data-end=\"202\">Natural Sensation<\/em> 500 ml de Chicco<\/strong> est un **shampooing doux sp\u00e9cialement formul\u00e9 pour les <strong data-start=\"277\" data-end=\"313\">b\u00e9b\u00e9s d\u00e8s la naissance (0 mois+)<\/strong>. Il est con\u00e7u pour <strong data-start=\"333\" data-end=\"358\">nettoyer d\u00e9licatement<\/strong> \u0627\u0644 <strong data-start=\"363\" data-end=\"407\">cheveux fins et le cuir chevelu sensible<\/strong> du nouveau-n\u00e9, tout en respectant l\u2019\u00e9quilibre naturel de la peau et des cheveux. Sa <strong data-start=\"492\" data-end=\"517\">formule \u201csans larmes\u201d<\/strong> \u0634\u0631\u0642 <strong data-start=\"522\" data-end=\"541\">facile \u00e0 rincer<\/strong> \u0648 <strong data-start=\"545\" data-end=\"570\">n\u2019irrite pas les yeux<\/strong>, ce qui rend l\u2019heure du bain plus agr\u00e9able pour l\u2019enfant.<\/h2>\n<p>&nbsp;<\/p>\n<h2><strong>\u0627\u0644\u062a\u0631\u0643\u064a\u0628\u0629 :\u00a0<\/strong><\/h2>\n<p data-start=\"976\" data-end=\"1150\">La formule du shampooing combine des agents nettoyants doux et des extraits naturels choisis pour leur <strong data-start=\"1079\" data-end=\"1110\">effet apaisant et hydratant<\/strong> :<\/p>\n<h4 data-start=\"1152\" data-end=\"1185\"><strong data-start=\"1159\" data-end=\"1185\">Ingr\u00e9dients principaux<\/strong><\/h4>\n<ul data-start=\"1186\" data-end=\"1843\">\n<li data-start=\"1186\" data-end=\"1223\">\n<p data-start=\"1188\" data-end=\"1223\"><strong data-start=\"1188\" data-end=\"1202\">Aqua (Eau)<\/strong> \u2013 base du produit.<\/p>\n<\/li>\n<li data-start=\"1224\" data-end=\"1375\">\n<p data-start=\"1226\" data-end=\"1375\"><strong data-start=\"1226\" data-end=\"1297\">Cocamidopropyl Betaine, Decyl Glucoside, Sodium Lauroyl Sarcosinate<\/strong> \u2013 tensioactifs doux qui nettoient sans agresser la peau ni le cuir chevelu.<\/p>\n<\/li>\n<li data-start=\"1376\" data-end=\"1464\">\n<p data-start=\"1378\" data-end=\"1464\"><strong data-start=\"1378\" data-end=\"1421\">Aloe Barbadensis Leaf Juice (Aloe vera)<\/strong> \u2013 extrait naturel hydratant et apaisant.<\/p>\n<\/li>\n<li data-start=\"1465\" data-end=\"1557\">\n<p data-start=\"1467\" data-end=\"1557\"><strong data-start=\"1467\" data-end=\"1521\">Prunus Amygdalus Dulcis Oil (Huile d\u2019amande douce)<\/strong> \u2013 nourrit et adoucit les cheveux.<\/p>\n<\/li>\n<li data-start=\"1558\" data-end=\"1616\">\n<p data-start=\"1560\" data-end=\"1616\"><strong data-start=\"1560\" data-end=\"1571\">\u0627\u0644\u0628\u064a\u062a\u064a\u0646<\/strong> \u2013 aide \u00e0 retenir l\u2019hydratation et prot\u00e8ge.<\/p>\n<\/li>\n<li data-start=\"1617\" data-end=\"1689\">\n<p data-start=\"1619\" data-end=\"1689\"><strong data-start=\"1619\" data-end=\"1639\">Polyquaternium-7<\/strong> \u2013 agent conditionneur qui facilite le d\u00e9m\u00ealage.<\/p>\n<\/li>\n<li data-start=\"1690\" data-end=\"1843\">\n<p data-start=\"1692\" data-end=\"1843\"><strong data-start=\"1692\" data-end=\"1714\">\u0639\u0637\u0631 (\u0639\u0637\u0631)<\/strong> &amp; <strong data-start=\"1717\" data-end=\"1752\">Agents de texture\/ stabilisants<\/strong> \u2013 pour la senteur agr\u00e9able et la consistance du gel.<\/p>\n<\/li>\n<\/ul>\n<p>&nbsp;<\/p>\n<p>&nbsp;<\/p>","protected":false},"excerpt":{"rendered":"<p>&nbsp;<\/p>\n<p>&nbsp;<\/p>","protected":false},"featured_media":149631,"comment_status":"open","ping_status":"closed","template":"","meta":{"_acf_changed":false},"product_brand":[1580],"product_cat":[102,138],"product_tag":[],"class_list":{"0":"post-149314","1":"product","2":"type-product","3":"status-publish","4":"has-post-thumbnail","6":"product_brand-chicco","7":"product_cat-soin-et-bien-etre","8":"product_cat-cheveux_","10":"first","11":"instock","12":"taxable","13":"shipping-taxable","14":"purchasable","15":"product-type-simple"},"acf":[],"_links":{"self":[{"href":"https:\/\/pharmacima.com\/ar\/wp-json\/wp\/v2\/product\/149314","targetHints":{"allow":["GET"]}}],"collection":[{"href":"https:\/\/pharmacima.com\/ar\/wp-json\/wp\/v2\/product"}],"about":[{"href":"https:\/\/pharmacima.com\/ar\/wp-json\/wp\/v2\/types\/product"}],"replies":[{"embeddable":true,"href":"https:\/\/pharmacima.com\/ar\/wp-json\/wp\/v2\/comments?post=149314"}],"wp:featuredmedia":[{"embeddable":true,"href":"https:\/\/pharmacima.com\/ar\/wp-json\/wp\/v2\/media\/149631"}],"wp:attachment":[{"href":"https:\/\/pharmacima.com\/ar\/wp-json\/wp\/v2\/media?parent=149314"}],"wp:term":[{"taxonomy":"product_brand","embeddable":true,"href":"https:\/\/pharmacima.com\/ar\/wp-json\/wp\/v2\/product_brand?post=149314"},{"taxonomy":"product_cat","embeddable":true,"href":"https:\/\/pharmacima.com\/ar\/wp-json\/wp\/v2\/product_cat?post=149314"},{"taxonomy":"product_tag","embeddable":true,"href":"https:\/\/pharmacima.com\/ar\/wp-json\/wp\/v2\/product_tag?post=149314"}],"curies":[{"name":"wp","href":"https:\/\/api.w.org\/{rel}","templated":true}]}}