{"id":149318,"date":"2026-01-19T15:43:39","date_gmt":"2026-01-19T14:43:39","guid":{"rendered":"https:\/\/pharmacima.com\/?post_type=product&#038;p=149318"},"modified":"2026-03-15T14:38:10","modified_gmt":"2026-03-15T13:38:10","slug":"gel-corporel-doux-pour-bebes-500ml-chicco","status":"publish","type":"product","link":"https:\/\/pharmacima.com\/ar\/product\/gel-corporel-doux-pour-bebes-500ml-chicco\/","title":{"rendered":"Gel corporel doux pour bebes 500ml Chicco"},"content":{"rendered":"<h1><strong>\u0648\u0635\u0641 :<\/strong><\/h1>\n<h2><strong>Le Gel corporel doux pour b\u00e9b\u00e9s 500 ml Chicco (sous la gamme <em data-start=\"294\" data-end=\"313\">Natural Sensation<\/em> ) est un gel lavant tr\u00e8s doux sp\u00e9cialement con\u00e7u pour nettoyer la peau d\u00e9licate des b\u00e9b\u00e9s d\u00e8s la naissance (0 mois+). Il respecte le pH physiologique de la peau fragile et agit sans l\u2019agresser, laissant une peau propre, hydrat\u00e9e, souple et confortable apr\u00e8s chaque bain.<\/strong><\/h2>\n<h2><\/h2>\n<h2><strong>\u0627\u0644\u062a\u0631\u0643\u064a\u0628\u0629 :<\/strong><\/h2>\n<p data-start=\"1201\" data-end=\"1338\">La formule de ce gel douche b\u00e9b\u00e9 combine des <strong data-start=\"1246\" data-end=\"1272\">agents nettoyants doux<\/strong> avec <strong data-start=\"1278\" data-end=\"1314\">des extraits naturels b\u00e9n\u00e9fiques<\/strong> pour la peau sensible :<\/p>\n<h3 data-start=\"1340\" data-end=\"1380\"><strong data-start=\"1347\" data-end=\"1380\">Principaux ingr\u00e9dients actifs<\/strong><\/h3>\n<ul data-start=\"1381\" data-end=\"2020\">\n<li data-start=\"1381\" data-end=\"1414\">\n<p data-start=\"1383\" data-end=\"1414\"><strong data-start=\"1383\" data-end=\"1397\">Aqua (eau)<\/strong> \u2013 base du gel.<\/p>\n<\/li>\n<li data-start=\"1415\" data-end=\"1514\">\n<p data-start=\"1417\" data-end=\"1514\"><strong data-start=\"1417\" data-end=\"1438\">Tensioactifs doux<\/strong> comme cocamidopropyl b\u00e9ta\u00efne et coco-glucoside \u2013 nettoient sans agresser.<\/p>\n<\/li>\n<li data-start=\"1515\" data-end=\"1644\">\n<p data-start=\"1517\" data-end=\"1644\"><strong data-start=\"1517\" data-end=\"1550\">Extraits naturels d\u2019Aloe Vera<\/strong> \u2013 hydratant et apaisant pour calmer la peau d\u00e9licate.<\/p>\n<\/li>\n<li data-start=\"1645\" data-end=\"1752\">\n<p data-start=\"1647\" data-end=\"1752\"><strong data-start=\"1647\" data-end=\"1671\">Extrait de camomille<\/strong> \u2013 adoucit et am\u00e9liore le confort cutan\u00e9.<\/p>\n<\/li>\n<li data-start=\"1753\" data-end=\"1876\">\n<p data-start=\"1755\" data-end=\"1876\"><strong data-start=\"1755\" data-end=\"1777\">Glyc\u00e9rine v\u00e9g\u00e9tale<\/strong> \u2013 aide \u00e0 retenir l\u2019eau pour une <strong data-start=\"1810\" data-end=\"1835\">\u062a\u0631\u0637\u064a\u0628 \u0637\u0648\u064a\u0644<\/strong>.<\/p>\n<\/li>\n<li data-start=\"1877\" data-end=\"2020\">\n<p data-start=\"1879\" data-end=\"2020\"><strong data-start=\"1879\" data-end=\"1946\">Formule sans parab\u00e8nes, sans alcool, sans savon, sans colorants<\/strong> \u2013 r\u00e9duit le risque d\u2019irritations.<\/p>\n<\/li>\n<\/ul>","protected":false},"excerpt":{"rendered":"<p data-start=\"3008\" data-end=\"3363\"><span style=\"color: #99ccff;\">\u0627\u0644 <strong data-start=\"3011\" data-end=\"3060\">Gel corporel doux pour b\u00e9b\u00e9s 500 ml de Chicco<\/strong> <\/span>\u0647\u0648 <strong data-start=\"3068\" data-end=\"3107\">gel lavant doux et hypoallerg\u00e9nique<\/strong>, enrichi en <strong data-start=\"3120\" data-end=\"3175\">extraits naturels (aloe vera, camomille, glyc\u00e9rine)<\/strong>, formul\u00e9 pour <strong data-start=\"3190\" data-end=\"3216\">nettoyer sans agresser<\/strong>, <strong data-start=\"3218\" data-end=\"3247\">hydrater la peau d\u00e9licate<\/strong> des b\u00e9b\u00e9s, et offrir une <strong data-start=\"3273\" data-end=\"3322\">exp\u00e9rience de bain confortable et sans larmes<\/strong>.<\/p>","protected":false},"featured_media":149630,"comment_status":"open","ping_status":"closed","template":"","meta":{"_acf_changed":false},"product_brand":[1580],"product_cat":[102,139,147],"product_tag":[],"class_list":{"0":"post-149318","1":"product","2":"type-product","3":"status-publish","4":"has-post-thumbnail","6":"product_brand-chicco","7":"product_cat-soin-et-bien-etre","8":"product_cat-corps_","9":"product_cat-enfant_","11":"first","12":"instock","13":"taxable","14":"shipping-taxable","15":"purchasable","16":"product-type-simple"},"acf":[],"_links":{"self":[{"href":"https:\/\/pharmacima.com\/ar\/wp-json\/wp\/v2\/product\/149318","targetHints":{"allow":["GET"]}}],"collection":[{"href":"https:\/\/pharmacima.com\/ar\/wp-json\/wp\/v2\/product"}],"about":[{"href":"https:\/\/pharmacima.com\/ar\/wp-json\/wp\/v2\/types\/product"}],"replies":[{"embeddable":true,"href":"https:\/\/pharmacima.com\/ar\/wp-json\/wp\/v2\/comments?post=149318"}],"wp:featuredmedia":[{"embeddable":true,"href":"https:\/\/pharmacima.com\/ar\/wp-json\/wp\/v2\/media\/149630"}],"wp:attachment":[{"href":"https:\/\/pharmacima.com\/ar\/wp-json\/wp\/v2\/media?parent=149318"}],"wp:term":[{"taxonomy":"product_brand","embeddable":true,"href":"https:\/\/pharmacima.com\/ar\/wp-json\/wp\/v2\/product_brand?post=149318"},{"taxonomy":"product_cat","embeddable":true,"href":"https:\/\/pharmacima.com\/ar\/wp-json\/wp\/v2\/product_cat?post=149318"},{"taxonomy":"product_tag","embeddable":true,"href":"https:\/\/pharmacima.com\/ar\/wp-json\/wp\/v2\/product_tag?post=149318"}],"curies":[{"name":"wp","href":"https:\/\/api.w.org\/{rel}","templated":true}]}}