{"id":149320,"date":"2026-01-19T16:40:04","date_gmt":"2026-01-19T15:40:04","guid":{"rendered":"https:\/\/pharmacima.com\/?post_type=product&#038;p=149320"},"modified":"2026-03-15T14:37:53","modified_gmt":"2026-03-15T13:37:53","slug":"eau-parfumee-bebes-chicco","status":"publish","type":"product","link":"https:\/\/pharmacima.com\/ar\/product\/eau-parfumee-bebes-chicco\/","title":{"rendered":"Eau parfumee bebes 0+ 100ml Chicco"},"content":{"rendered":"<h1><strong>\u0648\u0635\u0641 :\u00a0<\/strong><\/h1>\n<h2>\u0644&#039;<strong data-start=\"177\" data-end=\"227\">Eau parfum\u00e9e pour b\u00e9b\u00e9s Chicco (0+) \u2013 100 ml<\/strong> \u0647\u0648 <strong data-start=\"235\" data-end=\"266\">parfum tr\u00e8s doux et d\u00e9licat<\/strong> sp\u00e9cialement con\u00e7u pour <strong data-start=\"291\" data-end=\"350\">respecter la peau sensible des nouveau-n\u00e9s et des b\u00e9b\u00e9s<\/strong>. Elle est pens\u00e9e pour apporter <strong data-start=\"382\" data-end=\"445\">une touche de fra\u00eecheur et une senteur l\u00e9g\u00e8re apr\u00e8s le bain<\/strong> ou \u00e0 tout moment de la journ\u00e9e sans irriter la peau fragile de l\u2019enfant.<\/h2>\n<p>&nbsp;<\/p>\n<h2><strong>\u0627\u0644\u062a\u0631\u0643\u064a\u0628\u0629 :<\/strong><\/h2>\n<ul>\n<li data-start=\"1601\" data-end=\"1675\">\n<p data-start=\"1603\" data-end=\"1675\"><strong data-start=\"1603\" data-end=\"1617\">Aqua (Eau)<\/strong> \u2013 base du parfum.<\/p>\n<\/li>\n<li data-start=\"1676\" data-end=\"1831\">\n<p data-start=\"1678\" data-end=\"1831\"><strong data-start=\"1678\" data-end=\"1740\">PEG-40 Hydrogenated Castor Oil (huile de ricin hydrog\u00e9n\u00e9e)<\/strong> \u2013 aide \u00e0 solubiliser la fragrance dans la formule.<\/p>\n<\/li>\n<li data-start=\"1832\" data-end=\"1961\">\n<p data-start=\"1834\" data-end=\"1961\"><strong data-start=\"1834\" data-end=\"1856\">\u0639\u0637\u0631 (\u0639\u0637\u0631)<\/strong> \u2013 donne la senteur douce et d\u00e9licate caract\u00e9ristique du produit.<\/p>\n<\/li>\n<li data-start=\"1962\" data-end=\"2088\">\n<p data-start=\"1964\" data-end=\"2088\"><strong data-start=\"1964\" data-end=\"1977\">\u062c\u0644\u0633\u064a\u0631\u064a\u0646<\/strong> \u2013 agent humectant qui aide \u00e0 <strong data-start=\"2007\" data-end=\"2034\">maintenir l\u2019hydratation<\/strong> \u0645\u0646 \u0627\u0644\u062c\u0644\u062f.<\/p>\n<\/li>\n<li data-start=\"2089\" data-end=\"2295\">\n<p data-start=\"2091\" data-end=\"2295\"><strong data-start=\"2091\" data-end=\"2147\">Caprylylglycol \/ Ethylhexylglycerin \/ Phenoxyethanol<\/strong> \u2013 agents <strong data-start=\"2157\" data-end=\"2179\">conservateurs doux<\/strong> et stabilisants utilis\u00e9s pour la <strong data-start=\"2213\" data-end=\"2241\">s\u00e9curit\u00e9 microbiologique<\/strong> du produit.<\/p>\n<\/li>\n<li data-start=\"2296\" data-end=\"2407\">\n<p data-start=\"2298\" data-end=\"2407\"><strong data-start=\"2298\" data-end=\"2316\">\u062b\u0646\u0627\u0626\u064a \u0627\u0644\u0635\u0648\u062f\u064a\u0648\u0645 \u0625\u062f\u062a\u0627<\/strong> \u2013 aide \u00e0 am\u00e9liorer la <strong data-start=\"2339\" data-end=\"2366\">stabilit\u00e9 de la formule<\/strong>.<\/p>\n<\/li>\n<\/ul>\n<p>&nbsp;<\/p>\n<h2><strong>CARACTERISTIQUE PRINCIPALES :\u00a0<\/strong><\/h2>\n<p>\u0645\u0639\u0627\u062f\u0644\u0629 <strong data-start=\"607\" data-end=\"622\">\u0628\u062f\u0648\u0646 \u0643\u062d\u0648\u0644<\/strong>, id\u00e9ale pour la peau d\u00e9licate des b\u00e9b\u00e9s. <br data-start=\"701\" data-end=\"704\" \/>\u0631\u0627\u0626\u062d\u0629 <strong data-start=\"713\" data-end=\"740\">l\u00e9ger, frais et d\u00e9licat<\/strong> qui rehausse l\u2019odeur naturelle de b\u00e9b\u00e9 sans \u00eatre agressif. <br data-start=\"837\" data-end=\"840\" \/><strong data-start=\"842\" data-end=\"862\">\u0647\u064a\u0628\u0648\u0627\u0644\u0631\u062c\u064a\u0646\u064a\u0643<\/strong> et souvent <strong data-start=\"874\" data-end=\"902\">\u0645\u0641\u062d\u0648\u0635\u0647 \u0645\u0646 \u0642\u0628\u0644 \u0627\u0637\u0628\u0627\u0621\u0627\u0644\u062c\u0644\u062f\u064a\u0647<\/strong> pour minimiser les risques de r\u00e9actions cutan\u00e9es. <br data-start=\"990\" data-end=\"993\" \/>Convient d\u00e8s la <strong data-start=\"1011\" data-end=\"1034\">naissance (0 mois+)<\/strong>.<\/p>","protected":false},"excerpt":{"rendered":"<p data-start=\"3337\" data-end=\"3701\"><strong><span style=\"color: #99ccff;\"><em data-start=\"3340\" data-end=\"3389\">L\u2019Eau parfum\u00e9e pour b\u00e9b\u00e9s 0+ de Chicco (100 ml)<\/em> <\/span><\/strong>\u0647\u0648 <strong data-start=\"3397\" data-end=\"3446\">parfum l\u00e9ger, hypoallerg\u00e9nique et sans alcool<\/strong>, formul\u00e9 sp\u00e9cialement pour les <strong data-start=\"3478\" data-end=\"3513\">peaux sensibles des tout-petits<\/strong>. Il apporte une <strong data-start=\"3530\" data-end=\"3561\">senteur d\u00e9licate et fra\u00eeche<\/strong> apr\u00e8s le bain ou dans la journ\u00e9e, tout en respectant l\u2019\u00e9quilibre cutan\u00e9 des b\u00e9b\u00e9s d\u00e8s la naissance.<\/p>","protected":false},"featured_media":149322,"comment_status":"open","ping_status":"closed","template":"","meta":{"_acf_changed":false},"product_brand":[1580],"product_cat":[139,147,102],"product_tag":[],"class_list":{"0":"post-149320","1":"product","2":"type-product","3":"status-publish","4":"has-post-thumbnail","6":"product_brand-chicco","7":"product_cat-corps_","8":"product_cat-enfant_","9":"product_cat-soin-et-bien-etre","11":"first","12":"instock","13":"taxable","14":"shipping-taxable","15":"purchasable","16":"product-type-simple"},"acf":[],"_links":{"self":[{"href":"https:\/\/pharmacima.com\/ar\/wp-json\/wp\/v2\/product\/149320","targetHints":{"allow":["GET"]}}],"collection":[{"href":"https:\/\/pharmacima.com\/ar\/wp-json\/wp\/v2\/product"}],"about":[{"href":"https:\/\/pharmacima.com\/ar\/wp-json\/wp\/v2\/types\/product"}],"replies":[{"embeddable":true,"href":"https:\/\/pharmacima.com\/ar\/wp-json\/wp\/v2\/comments?post=149320"}],"wp:featuredmedia":[{"embeddable":true,"href":"https:\/\/pharmacima.com\/ar\/wp-json\/wp\/v2\/media\/149322"}],"wp:attachment":[{"href":"https:\/\/pharmacima.com\/ar\/wp-json\/wp\/v2\/media?parent=149320"}],"wp:term":[{"taxonomy":"product_brand","embeddable":true,"href":"https:\/\/pharmacima.com\/ar\/wp-json\/wp\/v2\/product_brand?post=149320"},{"taxonomy":"product_cat","embeddable":true,"href":"https:\/\/pharmacima.com\/ar\/wp-json\/wp\/v2\/product_cat?post=149320"},{"taxonomy":"product_tag","embeddable":true,"href":"https:\/\/pharmacima.com\/ar\/wp-json\/wp\/v2\/product_tag?post=149320"}],"curies":[{"name":"wp","href":"https:\/\/api.w.org\/{rel}","templated":true}]}}