{"id":149446,"date":"2026-01-27T14:49:43","date_gmt":"2026-01-27T13:49:43","guid":{"rendered":"https:\/\/pharmacima.com\/?post_type=product&#038;p=149446"},"modified":"2026-04-16T17:56:34","modified_gmt":"2026-04-16T16:56:34","slug":"mebo-pommade-dermique-30g-julphar","status":"publish","type":"product","link":"https:\/\/pharmacima.com\/ar\/product\/mebo-pommade-dermique-30g-julphar\/","title":{"rendered":"Mebo pommade dermique 30g Julphar"},"content":{"rendered":"<h1><strong>\u0648\u0635\u0641 :\u00a0<\/strong><\/h1>\n<h2 data-start=\"136\" data-end=\"473\">Mebo Pommade Dermique 30 g est une pommade topique formul\u00e9e par Julphar (Gulf Pharmaceutical Industries) pour aider \u00e0 la cicatrisation, \u00e0 la r\u00e9paration et au soulagement des plaies cutan\u00e9es. Elle est souvent utilis\u00e9e pour les br\u00fblures, plaies, ulc\u00e8res et divers traumatismes cutan\u00e9s.<\/h2>\n<h2 data-start=\"475\" data-end=\"707\">Cette pommade est d\u2019origine naturelle et v\u00e9g\u00e9tale, et elle cr\u00e9e un environnement humide qui favorise la r\u00e9g\u00e9n\u00e9ration de la peau l\u00e9s\u00e9e tout en fournissant humidit\u00e9, protection et confort.<\/h2>\n<p>&nbsp;<\/p>\n<h2><strong>\u0627\u0644\u062a\u0631\u0643\u064a\u0628\u0629 :\u00a0<\/strong><\/h2>\n<ul data-start=\"786\" data-end=\"967\">\n<li data-start=\"786\" data-end=\"967\">\n<p data-start=\"788\" data-end=\"967\"><strong data-start=\"788\" data-end=\"813\">\u00df-sitost\u00e9rol (0,25 %)<\/strong> \u2013 un st\u00e9rol v\u00e9g\u00e9tal qui soutient la r\u00e9g\u00e9n\u00e9ration cutan\u00e9e et aide au maintien du fonctionnement normal des cellules.<\/p>\n<\/li>\n<\/ul>\n<p data-start=\"969\" data-end=\"1005\"><strong data-start=\"972\" data-end=\"1003\">Base et autres composants :<\/strong><\/p>\n<ul data-start=\"1006\" data-end=\"1401\">\n<li data-start=\"1006\" data-end=\"1097\">\n<p data-start=\"1008\" data-end=\"1097\"><strong data-start=\"1008\" data-end=\"1027\">Huile de s\u00e9same<\/strong> \u2013 hydrate et nourrit la peau.<\/p>\n<\/li>\n<li data-start=\"1098\" data-end=\"1191\">\n<p data-start=\"1100\" data-end=\"1191\"><strong data-start=\"1100\" data-end=\"1118\">Cire d\u2019abeille<\/strong> \u2013 cr\u00e9e une barri\u00e8re protectrice.<\/p>\n<\/li>\n<li data-start=\"1192\" data-end=\"1401\">\n<p data-start=\"1194\" data-end=\"1401\"><strong data-start=\"1194\" data-end=\"1267\">18 acides amin\u00e9s, 4 acides gras majeurs, vitamines et polysaccharides<\/strong> \u2013 ces composants nutritifs <strong data-start=\"1295\" data-end=\"1334\">soutiennent l\u2019\u00e9lasticit\u00e9 de la peau<\/strong> et favorisent la r\u00e9paration.<\/p>\n<\/li>\n<\/ul>\n<p>&nbsp;<\/p>\n<h2><strong>\u0646\u0635\u0627\u0626\u062d \u0627\u0644\u0627\u0633\u062a\u0639\u0645\u0627\u0644 :\u00a0<\/strong><\/h2>\n<ol data-start=\"2430\" data-end=\"2832\">\n<li data-start=\"2430\" data-end=\"2508\">\n<p data-start=\"2433\" data-end=\"2508\"><strong data-start=\"2433\" data-end=\"2462\">Nettoie la zone \u00e0 traiter<\/strong> avec une solution douce ou de l\u2019eau propre.<\/p>\n<\/li>\n<li data-start=\"2509\" data-end=\"2583\">\n<p data-start=\"2512\" data-end=\"2583\"><strong data-start=\"2512\" data-end=\"2548\">Applique une fine couche (~1 mm)<\/strong> de pommade sur la zone affect\u00e9e.<\/p>\n<\/li>\n<li data-start=\"2584\" data-end=\"2622\">\n<p data-start=\"2587\" data-end=\"2622\"><strong data-start=\"2587\" data-end=\"2607\">Masse l\u00e9g\u00e8rement<\/strong> si possible.<\/p>\n<\/li>\n<li data-start=\"2623\" data-end=\"2832\">\n<p data-start=\"2626\" data-end=\"2643\"><strong data-start=\"2626\" data-end=\"2641\">Fr\u00e9quence :<\/strong><\/p>\n<ul data-start=\"2647\" data-end=\"2832\">\n<li data-start=\"2647\" data-end=\"2738\">\n<p data-start=\"2649\" data-end=\"2738\"><strong data-start=\"2649\" data-end=\"2672\">3 \u00e0 4 fois par jour<\/strong> si la zone est expos\u00e9e.<\/p>\n<\/li>\n<li data-start=\"2742\" data-end=\"2832\">\n<p data-start=\"2744\" data-end=\"2832\"><strong data-start=\"2744\" data-end=\"2763\">2 fois par jour<\/strong> si un pansement est utilis\u00e9.<\/p>\n<\/li>\n<\/ul>\n<\/li>\n<\/ol>\n<p data-start=\"2834\" data-end=\"2997\">\n<p data-start=\"1403\" data-end=\"1527\">","protected":false},"excerpt":{"rendered":"<p><span style=\"color: #cc99ff;\"><strong>Mebo Julphar,<\/strong> <\/span><\/p>\n<p>aide \u00e0 <strong data-start=\"3611\" data-end=\"3657\">gu\u00e9rir, prot\u00e9ger et hydrater la peau l\u00e9s\u00e9e<\/strong>, particuli\u00e8rement en cas de <strong data-start=\"3686\" data-end=\"3720\">br\u00fblures, plaies ou cicatrices<\/strong>.<\/p>","protected":false},"featured_media":149448,"comment_status":"open","ping_status":"closed","template":"","meta":{"_acf_changed":false},"product_brand":[1583],"product_cat":[102,1586,1570,1584],"product_tag":[],"class_list":{"0":"post-149446","1":"product","2":"type-product","3":"status-publish","4":"has-post-thumbnail","6":"product_brand-julphar","7":"product_cat-soin-et-bien-etre","8":"product_cat-brulures-chirurgie","9":"product_cat-brulures","10":"product_cat-cicatrices","12":"first","13":"instock","14":"taxable","15":"shipping-taxable","16":"purchasable","17":"product-type-simple"},"acf":[],"_links":{"self":[{"href":"https:\/\/pharmacima.com\/ar\/wp-json\/wp\/v2\/product\/149446","targetHints":{"allow":["GET"]}}],"collection":[{"href":"https:\/\/pharmacima.com\/ar\/wp-json\/wp\/v2\/product"}],"about":[{"href":"https:\/\/pharmacima.com\/ar\/wp-json\/wp\/v2\/types\/product"}],"replies":[{"embeddable":true,"href":"https:\/\/pharmacima.com\/ar\/wp-json\/wp\/v2\/comments?post=149446"}],"wp:featuredmedia":[{"embeddable":true,"href":"https:\/\/pharmacima.com\/ar\/wp-json\/wp\/v2\/media\/149448"}],"wp:attachment":[{"href":"https:\/\/pharmacima.com\/ar\/wp-json\/wp\/v2\/media?parent=149446"}],"wp:term":[{"taxonomy":"product_brand","embeddable":true,"href":"https:\/\/pharmacima.com\/ar\/wp-json\/wp\/v2\/product_brand?post=149446"},{"taxonomy":"product_cat","embeddable":true,"href":"https:\/\/pharmacima.com\/ar\/wp-json\/wp\/v2\/product_cat?post=149446"},{"taxonomy":"product_tag","embeddable":true,"href":"https:\/\/pharmacima.com\/ar\/wp-json\/wp\/v2\/product_tag?post=149446"}],"curies":[{"name":"wp","href":"https:\/\/api.w.org\/{rel}","templated":true}]}}