{"id":149510,"date":"2026-01-31T13:50:35","date_gmt":"2026-01-31T12:50:35","guid":{"rendered":"https:\/\/pharmacima.com\/?post_type=product&#038;p=149510"},"modified":"2026-02-21T23:22:46","modified_gmt":"2026-02-21T22:22:46","slug":"soin-croutes-de-lait-mustela","status":"publish","type":"product","link":"https:\/\/pharmacima.com\/ar\/product\/soin-croutes-de-lait-mustela\/","title":{"rendered":"Soin croutes de lait 40ml Mustela"},"content":{"rendered":"<h1><strong>\u0648\u0635\u0641 :\u00a0<\/strong><\/h1>\n<h2 data-start=\"185\" data-end=\"450\"><strong>Le Soin Cro\u00fbtes de Lait Mustela est une cr\u00e8me sp\u00e9cialement con\u00e7ue pour les b\u00e9b\u00e9s afin de traiter les cro\u00fbtes de lait (dermatite s\u00e9borrh\u00e9ique du nourrisson).<\/strong><br data-start=\"349\" data-end=\"352\" \/><strong>\u00a0Il aide \u00e0 \u00e9liminer les squames (cro\u00fbtes), apaise le cuir chevelu et limite leur r\u00e9apparition.<\/strong><\/h2>\n<p>&nbsp;<\/p>\n<h2 data-start=\"452\" data-end=\"477\">CARACTERISTIQUES :<\/h2>\n<ul data-start=\"478\" data-end=\"742\">\n<li data-start=\"478\" data-end=\"566\">\n<p data-start=\"480\" data-end=\"566\">Utilisable d\u00e8s la naissance (m\u00eame chez les pr\u00e9matur\u00e9s sortis de n\u00e9onatologie)<\/p>\n<\/li>\n<li data-start=\"567\" data-end=\"624\">\n<p data-start=\"569\" data-end=\"624\">\u00a0Environ 95 % d\u2019ingr\u00e9dients d\u2019origine naturelle<\/p>\n<\/li>\n<li data-start=\"625\" data-end=\"666\">\n<p data-start=\"627\" data-end=\"666\">\u00a0Texture l\u00e9g\u00e8re, facile \u00e0 appliquer<\/p>\n<\/li>\n<li data-start=\"667\" data-end=\"685\">\n<p data-start=\"669\" data-end=\"685\">\u0628\u062f\u0648\u0646 \u0639\u0637\u0631<\/p>\n<\/li>\n<li data-start=\"686\" data-end=\"742\">\n<p data-start=\"688\" data-end=\"742\">\u00a0Test\u00e9 sous contr\u00f4le dermatologique et p\u00e9diatrique<\/p>\n<\/li>\n<\/ul>\n<h5 data-start=\"744\" data-end=\"865\"><strong>Il hydrate le cuir chevelu et r\u00e9duit l\u2019exc\u00e8s de s\u00e9bum responsable des cro\u00fbtes.<\/strong><\/h5>\n<p>&nbsp;<\/p>\n<h2><strong>\u0627\u0644\u062a\u0631\u0643\u064a\u0628\u0629 :\u00a0<\/strong><\/h2>\n<h2>Ingr\u00e9dients actifs importants :<\/h2>\n<p>&nbsp;<\/p>\n<ul data-start=\"957\" data-end=\"1203\">\n<li data-start=\"957\" data-end=\"1034\">\n<p data-start=\"959\" data-end=\"1034\">Extrait d\u2019avocat (polyph\u00e9nols) : prot\u00e8ge et apaise le cuir chevelu<\/p>\n<\/li>\n<li data-start=\"1035\" data-end=\"1103\">\n<p data-start=\"1037\" data-end=\"1103\">Huile de tournesol (insaponifiables) : nourrit et hydrate<\/p>\n<\/li>\n<li data-start=\"1104\" data-end=\"1138\">\n<p data-start=\"1106\" data-end=\"1138\">Glyc\u00e9rine : hydratation<\/p>\n<\/li>\n<li data-start=\"1139\" data-end=\"1203\">\n<p data-start=\"1141\" data-end=\"1203\">Triglyc\u00e9rides capryliques\/capriques : adoucissent la peau<\/p>\n<\/li>\n<\/ul>\n<h2 data-start=\"1205\" data-end=\"1241\"><strong>\u00a0Liste compl\u00e8te (principaux)<\/strong><\/h2>\n<p data-start=\"1242\" data-end=\"1673\">Aqua (eau), Caprylic\/Capric Triglyceride, Propanediol Dicaprylate, Glycerin, Di-C12-13 Alkyl Malate, Helianthus Annuus Seed Oil Unsaponifiables, Potassium Cetyl Phosphate, Galactoarabinan, Cetyl Alcohol, Sclerotium Gum, 1,2-Hexanediol, Caprylyl Glycol, Citric Acid, Sodium Benzoate, Tocopherol, Propanediol, Xanthan Gum, Undecyl Dimethyl Oxazoline, Persea Gratissima (Avocado) Fruit Extract.<\/p>\n<h2 data-start=\"1242\" data-end=\"1673\"><strong>\u0646\u0635\u0627\u0626\u062d \u0627\u0644\u0627\u0633\u062a\u0639\u0645\u0627\u0644 :\u00a0<\/strong><\/h2>\n<p data-start=\"1751\" data-end=\"1999\">Le soir, appliquer une petite quantit\u00e9 sur les cro\u00fbtes de lait<br data-start=\"1821\" data-end=\"1824\" \/>\u00a0Masser doucement le cuir chevelu<br data-start=\"1860\" data-end=\"1863\" \/>\u00a0Laisser agir toute la nuit<br data-start=\"1897\" data-end=\"1900\" \/>\u00a0Le matin, laver les cheveux avec un shampoing doux pour b\u00e9b\u00e9<br data-start=\"1964\" data-end=\"1967\" \/>\u00a0Ne pas gratter les cro\u00fbtes<\/p>\n<p data-start=\"2001\" data-end=\"2100\">\u00a0Utiliser tous les jours jusqu\u2019\u00e0 disparition des cro\u00fbtes.<\/p>","protected":false},"excerpt":{"rendered":"<p><span style=\"color: #99ccff;\"><strong>Mustela, Le soin expert pour les cro\u00fbtes de lait d\u00e8s la naissance<\/strong><\/span><\/p>\n<p><b>\u00a0\u0633\u0639\u0629:<\/b>\u00a0<strong>40 \u0645\u0644<\/strong><\/p>","protected":false},"featured_media":149511,"comment_status":"open","ping_status":"closed","template":"","meta":{"_acf_changed":false},"product_brand":[1530],"product_cat":[102,1588],"product_tag":[],"class_list":{"0":"post-149510","1":"product","2":"type-product","3":"status-publish","4":"has-post-thumbnail","6":"product_brand-mustela","7":"product_cat-soin-et-bien-etre","8":"product_cat-tete","10":"first","11":"instock","12":"sale","13":"taxable","14":"shipping-taxable","15":"purchasable","16":"product-type-simple"},"acf":[],"_links":{"self":[{"href":"https:\/\/pharmacima.com\/ar\/wp-json\/wp\/v2\/product\/149510","targetHints":{"allow":["GET"]}}],"collection":[{"href":"https:\/\/pharmacima.com\/ar\/wp-json\/wp\/v2\/product"}],"about":[{"href":"https:\/\/pharmacima.com\/ar\/wp-json\/wp\/v2\/types\/product"}],"replies":[{"embeddable":true,"href":"https:\/\/pharmacima.com\/ar\/wp-json\/wp\/v2\/comments?post=149510"}],"wp:featuredmedia":[{"embeddable":true,"href":"https:\/\/pharmacima.com\/ar\/wp-json\/wp\/v2\/media\/149511"}],"wp:attachment":[{"href":"https:\/\/pharmacima.com\/ar\/wp-json\/wp\/v2\/media?parent=149510"}],"wp:term":[{"taxonomy":"product_brand","embeddable":true,"href":"https:\/\/pharmacima.com\/ar\/wp-json\/wp\/v2\/product_brand?post=149510"},{"taxonomy":"product_cat","embeddable":true,"href":"https:\/\/pharmacima.com\/ar\/wp-json\/wp\/v2\/product_cat?post=149510"},{"taxonomy":"product_tag","embeddable":true,"href":"https:\/\/pharmacima.com\/ar\/wp-json\/wp\/v2\/product_tag?post=149510"}],"curies":[{"name":"wp","href":"https:\/\/api.w.org\/{rel}","templated":true}]}}