{"id":149530,"date":"2026-02-02T11:17:31","date_gmt":"2026-02-02T10:17:31","guid":{"rendered":"https:\/\/pharmacima.com\/?post_type=product&#038;p=149530"},"modified":"2026-03-15T14:33:33","modified_gmt":"2026-03-15T13:33:33","slug":"depiwhite-serum-anti-taches-acm","status":"publish","type":"product","link":"https:\/\/pharmacima.com\/ar\/product\/depiwhite-serum-anti-taches-acm\/","title":{"rendered":"Depiwhite Serum Concentre Intensif Anti Taches 30ml ACM"},"content":{"rendered":"<h1><strong>\u0648\u0635\u0641 :<\/strong><\/h1>\n<h2 data-start=\"187\" data-end=\"527\">D\u00e9piwhite S\u00e9rum Concentr\u00e9 Intensif ACM, est un soin dermo-cosm\u00e9tique sp\u00e9cialement formul\u00e9 pour corriger les taches pigmentaires et unifier le teint. Gr\u00e2ce \u00e0 sa haute concentration en actifs d\u00e9pigmentants, il agit efficacement sur l\u2019hyperpigmentation (taches brunes, masque de grossesse, taches solaires, marques post-acn\u00e9).<\/h2>\n<h2 data-start=\"529\" data-end=\"716\">Sa texture l\u00e9g\u00e8re et fluide p\u00e9n\u00e8tre rapidement, ciblant les zones concern\u00e9es pour r\u00e9duire visiblement l\u2019intensit\u00e9 et la taille des taches tout en apportant \u00e9clat et uniformit\u00e9 au teint.<\/h2>\n<p>&nbsp;<\/p>\n<h2><strong>\u0627\u0644\u062a\u0631\u0643\u064a\u0628\u0629 :\u00a0<\/strong><\/h2>\n<ul>\n<li data-start=\"798\" data-end=\"878\">\n<p data-start=\"800\" data-end=\"878\"><strong data-start=\"800\" data-end=\"833\">Complexe d\u00e9pigmentant brevet\u00e9<\/strong> : aide \u00e0 r\u00e9duire la production de m\u00e9lanine<\/p>\n<\/li>\n<li data-start=\"879\" data-end=\"983\">\n<p data-start=\"881\" data-end=\"983\"><strong data-start=\"881\" data-end=\"907\">Acides de fruits (AHA)<\/strong> : favorisent le renouvellement cellulaire et l\u2019\u00e9claircissement de la peau<\/p>\n<\/li>\n<li data-start=\"984\" data-end=\"1057\">\n<p data-start=\"986\" data-end=\"1057\"><strong data-start=\"986\" data-end=\"1020\">Agents hydratants et apaisants<\/strong> : pour am\u00e9liorer le confort cutan\u00e9<\/p>\n<\/li>\n<li data-start=\"1058\" data-end=\"1124\">\n<p data-start=\"1060\" data-end=\"1124\"><strong data-start=\"1060\" data-end=\"1076\">Antioxydants<\/strong> : prot\u00e8gent la peau contre le stress oxydatif<\/p>\n<\/li>\n<\/ul>\n<p>&nbsp;<\/p>\n<h2><strong>\u0646\u0635\u0627\u0626\u062d \u0627\u0644\u0627\u0633\u062a\u0639\u0645\u0627\u0644 :\u00a0<\/strong><\/h2>\n<ul>\n<li data-start=\"1229\" data-end=\"1305\">\n<p data-start=\"1231\" data-end=\"1305\">\u064a\u062a\u0642\u062f\u0645 <strong data-start=\"1241\" data-end=\"1252\">le soir<\/strong> sur les zones pigment\u00e9es, sur peau propre et s\u00e8che<\/p>\n<\/li>\n<li data-start=\"1306\" data-end=\"1380\">\n<p data-start=\"1308\" data-end=\"1380\">\u0644\u064a\u0633\u062a\u062e\u062f\u0645 <strong data-start=\"1317\" data-end=\"1331\">localement<\/strong> sur les taches, en \u00e9vitant le contour des yeux<\/p>\n<\/li>\n<li data-start=\"1381\" data-end=\"1461\">\n<p data-start=\"1383\" data-end=\"1461\">Poursuivre le traitement pendant <strong data-start=\"1416\" data-end=\"1430\">2 \u00e0 6 mois<\/strong> selon l\u2019intensit\u00e9 des taches<\/p>\n<\/li>\n<li data-start=\"1462\" data-end=\"1568\">\n<p data-start=\"1464\" data-end=\"1568\">Le matin, appliquer une <strong data-start=\"1488\" data-end=\"1527\">protection solaire \u00e9lev\u00e9e (SPF 50+)<\/strong> pour \u00e9viter la r\u00e9apparition des taches<\/p>\n<\/li>\n<li data-start=\"1569\" data-end=\"1629\">\n<p data-start=\"1571\" data-end=\"1629\">Peut \u00eatre utilis\u00e9 en compl\u00e9ment d\u2019autres soins D\u00e9piwhite<\/p>\n<\/li>\n<\/ul>\n<h1><strong>\u00a0<\/strong><\/h1>","protected":false},"excerpt":{"rendered":"<p><strong><span style=\"color: #cc99ff;\">ACM, S\u00e9rum reduit tous les types de taches pr\u00e9vient leur apparition Unifie et illumine le teint\u00a0<\/span><\/strong><\/p>\n<div class=\"woocommerce-product-details__short-description\">\n<p><em><strong>Contenance :30ml.<\/strong><\/em><\/p>\n<\/div>\n<form class=\"cart\" action=\"https:\/\/pharmacima.com\/ar\/product\/duolys-contour-des-yeux-15ml-acm\/\" enctype=\"multipart\/form-data\" method=\"post\" data-trp-original-action=\"https:\/\/pharmacima.com\/product\/duolys-contour-des-yeux-15ml-acm\/\">\n<div class=\"woocommerce-add-to-cart-group\">\n<div class=\"single-quantity-wrap d-flex align-items-center\"><\/div>\n<\/div>\n<input type=\"hidden\" name=\"trp-form-language\" value=\"ar\"\/><\/form>","protected":false},"featured_media":149531,"comment_status":"open","ping_status":"closed","template":"","meta":{"_acf_changed":false},"product_brand":[1567],"product_cat":[102,711,140,137],"product_tag":[],"class_list":{"0":"post-149530","1":"product","2":"type-product","3":"status-publish","4":"has-post-thumbnail","6":"product_brand-acm","7":"product_cat-soin-et-bien-etre","8":"product_cat-cou","9":"product_cat-mains","10":"product_cat-visage","12":"first","13":"instock","14":"taxable","15":"shipping-taxable","16":"purchasable","17":"product-type-simple"},"acf":[],"_links":{"self":[{"href":"https:\/\/pharmacima.com\/ar\/wp-json\/wp\/v2\/product\/149530","targetHints":{"allow":["GET"]}}],"collection":[{"href":"https:\/\/pharmacima.com\/ar\/wp-json\/wp\/v2\/product"}],"about":[{"href":"https:\/\/pharmacima.com\/ar\/wp-json\/wp\/v2\/types\/product"}],"replies":[{"embeddable":true,"href":"https:\/\/pharmacima.com\/ar\/wp-json\/wp\/v2\/comments?post=149530"}],"wp:featuredmedia":[{"embeddable":true,"href":"https:\/\/pharmacima.com\/ar\/wp-json\/wp\/v2\/media\/149531"}],"wp:attachment":[{"href":"https:\/\/pharmacima.com\/ar\/wp-json\/wp\/v2\/media?parent=149530"}],"wp:term":[{"taxonomy":"product_brand","embeddable":true,"href":"https:\/\/pharmacima.com\/ar\/wp-json\/wp\/v2\/product_brand?post=149530"},{"taxonomy":"product_cat","embeddable":true,"href":"https:\/\/pharmacima.com\/ar\/wp-json\/wp\/v2\/product_cat?post=149530"},{"taxonomy":"product_tag","embeddable":true,"href":"https:\/\/pharmacima.com\/ar\/wp-json\/wp\/v2\/product_tag?post=149530"}],"curies":[{"name":"wp","href":"https:\/\/api.w.org\/{rel}","templated":true}]}}