{"id":149532,"date":"2026-02-02T11:28:18","date_gmt":"2026-02-02T10:28:18","guid":{"rendered":"https:\/\/pharmacima.com\/?post_type=product&#038;p=149532"},"modified":"2026-04-16T18:14:40","modified_gmt":"2026-04-16T17:14:40","slug":"depiwhite-activegel-40ml-acm","status":"publish","type":"product","link":"https:\/\/pharmacima.com\/ar\/product\/depiwhite-activegel-40ml-acm\/","title":{"rendered":"Depiwhite ActiveGel 40ml ACM"},"content":{"rendered":"<h1><strong>\u0648\u0635\u0641 :\u00a0<\/strong><\/h1>\n<h2 data-start=\"167\" data-end=\"470\">\u062f\u064a\u0628\u064a \u0648\u0627\u064a\u062a \u0623\u0643\u062a\u064a\u0641 \u062c\u0644 \u0647\u0648 \u0639\u0644\u0627\u062c \u0645\u0643\u062b\u0641 \u0644\u0625\u0632\u0627\u0644\u0629 \u0627\u0644\u062a\u0635\u0628\u063a\u0627\u062a\u060c \u0645\u0635\u0645\u0645 \u062e\u0635\u064a\u0635\u064b\u0627 \u0644\u062a\u0635\u062d\u064a\u062d \u0627\u0644\u0628\u0642\u0639 \u0627\u0644\u0635\u0628\u063a\u064a\u0629 \u0627\u0644\u0645\u0648\u0636\u0639\u064a\u0629 \u0648\u062a\u0648\u062d\u064a\u062f \u0644\u0648\u0646 \u0627\u0644\u0628\u0634\u0631\u0629. \u064a\u064f\u0646\u0635\u062d \u0628\u0627\u0633\u062a\u062e\u062f\u0627\u0645\u0647 \u0628\u0634\u0643\u0644 \u062e\u0627\u0635 \u0644\u0644\u0645\u0646\u0627\u0637\u0642 \u0627\u0644\u0645\u0639\u0631\u0636\u0629 \u0644\u0644\u0634\u0645\u0633 (\u0627\u0644\u0648\u062c\u0647\u060c \u0627\u0644\u064a\u062f\u064a\u0646\u060c \u0645\u0646\u0637\u0642\u0629 \u0623\u0639\u0644\u0649 \u0627\u0644\u0635\u062f\u0631) \u0648\u0644\u0644\u0628\u0642\u0639 \u0627\u0644\u0645\u0631\u062a\u0628\u0637\u0629 \u0628\u0627\u0644\u062a\u0642\u062f\u0645 \u0641\u064a \u0627\u0644\u0633\u0646\u060c \u0623\u0648 \u0627\u0644\u062a\u0639\u0631\u0636 \u0644\u0623\u0634\u0639\u0629 \u0627\u0644\u0634\u0645\u0633\u060c \u0623\u0648 \u0627\u0644\u062a\u063a\u064a\u0631\u0627\u062a \u0627\u0644\u0647\u0631\u0645\u0648\u0646\u064a\u0629.<\/h2>\n<p data-start=\"472\" data-end=\"624\">\u064a\u0633\u0645\u062d \u0642\u0648\u0627\u0645\u0647 \u0627\u0644\u062c\u0644 \u0627\u0644\u062e\u0641\u064a\u0641 \u0648\u063a\u064a\u0631 \u0627\u0644\u062f\u0647\u0646\u064a \u0648\u0633\u0631\u064a\u0639 \u0627\u0644\u0627\u0645\u062a\u0635\u0627\u0635 \u0628\u062a\u0637\u0628\u064a\u0642\u0647 \u0628\u0634\u0643\u0644 \u062f\u0642\u064a\u0642 \u0639\u0644\u0649 \u0627\u0644\u0645\u0646\u0627\u0637\u0642 \u0627\u0644\u0645\u0635\u0627\u0628\u0629\u060c \u0645\u0639 \u0645\u0631\u0627\u0639\u0627\u0629 \u0627\u0644\u0628\u0634\u0631\u0629 \u0627\u0644\u062d\u0633\u0627\u0633\u0629.<\/p>\n<h2 data-start=\"472\" data-end=\"624\"><strong>\u0627\u0644\u062a\u0631\u0643\u064a\u0628\u0629 :\u00a0<\/strong><\/h2>\n<ul>\n<li data-start=\"720\" data-end=\"836\">\n<p data-start=\"722\" data-end=\"836\"><strong data-start=\"722\" data-end=\"761\">Complexe d\u00e9pigmentant brevet\u00e9 (ACM)<\/strong> : agit sur la production de m\u00e9lanine pour r\u00e9duire l\u2019intensit\u00e9 des taches<\/p>\n<\/li>\n<li data-start=\"837\" data-end=\"926\">\n<p data-start=\"839\" data-end=\"926\"><strong data-start=\"839\" data-end=\"865\">Acides de fruits (AHA)<\/strong> : favorisent l\u2019exfoliation et le renouvellement cellulaire<\/p>\n<\/li>\n<li data-start=\"927\" data-end=\"992\">\n<p data-start=\"929\" data-end=\"992\"><strong data-start=\"929\" data-end=\"950\">Agents hydratants<\/strong> : maintiennent l\u2019hydratation de la peau<\/p>\n<\/li>\n<li data-start=\"993\" data-end=\"1059\">\n<p data-start=\"995\" data-end=\"1059\"><strong data-start=\"995\" data-end=\"1011\">Antioxydants<\/strong> : prot\u00e8gent la peau contre le stress oxydatif<\/p>\n<\/li>\n<\/ul>\n<p>&nbsp;<\/p>\n<h2><strong>\u0646\u0635\u0627\u0626\u062d \u0627\u0644\u0627\u0633\u062a\u0639\u0645\u0627\u0644 :\u00a0<\/strong><\/h2>\n<ul data-start=\"1144\" data-end=\"1532\">\n<li data-start=\"1144\" data-end=\"1211\">\n<p data-start=\"1146\" data-end=\"1211\">\u064a\u062a\u0642\u062f\u0645 <strong data-start=\"1156\" data-end=\"1167\">le soir<\/strong>, uniquement sur les zones hyperpigment\u00e9es<\/p>\n<\/li>\n<li data-start=\"1212\" data-end=\"1278\">\n<p data-start=\"1214\" data-end=\"1278\">Sur peau propre et s\u00e8che, masser l\u00e9g\u00e8rement jusqu\u2019\u00e0 absorption<\/p>\n<\/li>\n<li data-start=\"1279\" data-end=\"1342\">\n<p data-start=\"1281\" data-end=\"1342\">\u0644\u064a\u0633\u062a\u062e\u062f\u0645 <strong data-start=\"1290\" data-end=\"1313\">1 \u0625\u0644\u0649 2 \u0645\u0631\u0627\u062a \u0641\u064a \u0627\u0644\u064a\u0648\u0645<\/strong> selon la tol\u00e9rance cutan\u00e9e<\/p>\n<\/li>\n<li data-start=\"1343\" data-end=\"1390\">\n<p data-start=\"1345\" data-end=\"1390\">\u00c9viter le contour des yeux et les muqueuses<\/p>\n<\/li>\n<li data-start=\"1391\" data-end=\"1464\">\n<p data-start=\"1393\" data-end=\"1464\">Le matin, appliquer imp\u00e9rativement une <strong data-start=\"1432\" data-end=\"1462\">protection solaire SPF 50+<\/strong><\/p>\n<\/li>\n<li data-start=\"1465\" data-end=\"1532\">\n<p data-start=\"1467\" data-end=\"1532\">Dur\u00e9e recommand\u00e9e : <strong data-start=\"1487\" data-end=\"1501\">2 \u00e0 6 mois<\/strong> selon l\u2019\u00e9volution des taches<\/p>\n<\/li>\n<\/ul>","protected":false},"excerpt":{"rendered":"<p><span style=\"color: #cc99ff;\"><em><strong>Acm, Gel unifiant Anti-Taches\u00a0 Favorise la disparition des taches Unifie le teint\u00a0<\/strong><\/em><\/span><\/p>","protected":false},"featured_media":149545,"comment_status":"open","ping_status":"closed","template":"","meta":{"_acf_changed":false},"product_brand":[1567],"product_cat":[102,711,140,137],"product_tag":[],"class_list":{"0":"post-149532","1":"product","2":"type-product","3":"status-publish","4":"has-post-thumbnail","6":"product_brand-acm","7":"product_cat-soin-et-bien-etre","8":"product_cat-cou","9":"product_cat-mains","10":"product_cat-visage","12":"first","13":"instock","14":"taxable","15":"shipping-taxable","16":"purchasable","17":"product-type-simple"},"acf":[],"_links":{"self":[{"href":"https:\/\/pharmacima.com\/ar\/wp-json\/wp\/v2\/product\/149532","targetHints":{"allow":["GET"]}}],"collection":[{"href":"https:\/\/pharmacima.com\/ar\/wp-json\/wp\/v2\/product"}],"about":[{"href":"https:\/\/pharmacima.com\/ar\/wp-json\/wp\/v2\/types\/product"}],"replies":[{"embeddable":true,"href":"https:\/\/pharmacima.com\/ar\/wp-json\/wp\/v2\/comments?post=149532"}],"wp:featuredmedia":[{"embeddable":true,"href":"https:\/\/pharmacima.com\/ar\/wp-json\/wp\/v2\/media\/149545"}],"wp:attachment":[{"href":"https:\/\/pharmacima.com\/ar\/wp-json\/wp\/v2\/media?parent=149532"}],"wp:term":[{"taxonomy":"product_brand","embeddable":true,"href":"https:\/\/pharmacima.com\/ar\/wp-json\/wp\/v2\/product_brand?post=149532"},{"taxonomy":"product_cat","embeddable":true,"href":"https:\/\/pharmacima.com\/ar\/wp-json\/wp\/v2\/product_cat?post=149532"},{"taxonomy":"product_tag","embeddable":true,"href":"https:\/\/pharmacima.com\/ar\/wp-json\/wp\/v2\/product_tag?post=149532"}],"curies":[{"name":"wp","href":"https:\/\/api.w.org\/{rel}","templated":true}]}}