{"id":149536,"date":"2026-02-02T11:54:32","date_gmt":"2026-02-02T10:54:32","guid":{"rendered":"https:\/\/pharmacima.com\/?post_type=product&#038;p=149536"},"modified":"2026-05-16T11:36:15","modified_gmt":"2026-05-16T10:36:15","slug":"gel-lubrifiant-perfect-gliss-100ml-durex","status":"publish","type":"product","link":"https:\/\/pharmacima.com\/ar\/product\/gel-lubrifiant-perfect-gliss-100ml-durex\/","title":{"rendered":"Gel Lubrifiant Perfect Gliss 100ml Durex"},"content":{"rendered":"<h1><strong>\u0648\u0635\u0641 :\u00a0<\/strong><\/h1>\n<h2>\u0627\u0644\u00a0<strong>\u062c\u0644 \u062a\u0634\u062d\u064a\u0645 \u062f\u064a\u0648\u0631\u0643\u0633 \u0628\u064a\u0631\u0641\u0643\u062a \u062c\u0644\u064a\u0633<\/strong>\u00a0\u0645\u0628\u0646\u064a \u0639\u0644\u0649\u00a0<strong>\u0633\u064a\u0644\u064a\u0643\u0648\u0646<\/strong>. Il offre plus de confort lors de l\u2019acte sexuel, en particulier en cas de s\u00e9cheresse vaginale<\/h2>\n<p>\u0647\u0646\u0627\u0643\u00a0<strong>\u062a\u0634\u062d\u064a\u0645<\/strong>\u00a0naturelle est susceptible de conna\u00eetre des variations. Une s\u00e9cheresse vaginale peut \u00eatre li\u00e9e \u00e0 un l\u00e9ger d\u00e9r\u00e8glement hormonal ou un \u00e9tat de stress momentan\u00e9, notamment si la personne concern\u00e9e est d\u2019une nature anxieuse. Dans ces cas pr\u00e9cis, elle\u00a0peut alors conduire \u00e0 un inconfort pendant le rapport sexuel.<\/p>\n<p>\u0627\u0644\u00a0<strong>\u0632\u064a\u062a \u062a\u0634\u062d\u064a\u0645 \u0645\u062b\u0627\u0644\u064a \u062c\u0644\u064a\u0633<\/strong>\u00a0de Durex est parfait lors des longs rapports, rendant les sensations pendant l\u2019acte plus agr\u00e9ables et augmentant le confort.<\/p>\n<p>La diminution des frottements que permet le gel lubrifiant permet de faire varier les sensations. Il sera en effet possible, \u00e0 l\u2019aide du gel, de changer de rythme.<\/p>\n<p>D\u2019une tr\u00e8s grande douceur, le gel lubrifiant\u00a0<strong>\u0627\u0644\u0643\u0645\u0627\u0644 \u062c\u0644\u064a\u0633<\/strong>\u00a0de Durex ne provoque pas de sensation de froid lors de son application. Il n\u2019est<strong>\u00a0\u063a\u064a\u0631 \u0644\u0632\u062c\u0629\u00a0<\/strong>et il n\u2019est pas gras. Formul\u00e9 au silicone, ce gel ne sera pas rapidement absorb\u00e9 par les muqueuses ou par la peau. Ainsi, il offrira une longue dur\u00e9e d\u2019action, pour plus de plaisir.<\/p>\n<h2><strong>\u0646\u0635\u064a\u062d\u0629 \u0627\u0644\u0627\u0633\u062a\u062e\u062f\u0627\u0645:<\/strong><\/h2>\n<p>\u0644\u0644\u0641\u062a\u062d\u060c \u0642\u0645 \u0628\u0625\u0632\u0627\u0644\u0629 \u0627\u0644\u063a\u0637\u0627\u0621 \u0648\u0623\u062f\u0631 \u0627\u0644\u0645\u0636\u062e\u0629.<br \/>\nD\u2019une simple pression sur la pompe doseuse, recueillez une dose de gel sur vos doigts et appliquez-la sur vos zones \u00e9rog\u00e8nes.<br \/>\n\u0643\u0645\u064a\u0629 \u0635\u063a\u064a\u0631\u0629 \u0641\u0642\u0637 \u0645\u0646 \u0627\u0644\u062c\u0644 \u062a\u0643\u0641\u064a \u0644\u0625\u0637\u0627\u0644\u0629 \u0641\u062a\u0631\u0629 \u0645\u0645\u0627\u0631\u0633\u0629 \u0627\u0644\u062d\u0628 \u062f\u0648\u0646 \u0627\u0644\u062d\u0627\u062c\u0629 \u0625\u0644\u0649 \u0625\u0639\u0627\u062f\u0629 \u062a\u0637\u0628\u064a\u0642\u0647.<br \/>\nVous pouvez renouveler l\u2019application autant de fois que vous le d\u00e9sirez.<br \/>\n\u064a\u0639\u062f \u062c\u0644 \u0627\u0644\u062a\u0632\u064a\u064a\u062a Perfect Gliss \u0627\u0644\u0630\u064a \u064a\u062f\u0648\u0645 \u0637\u0648\u064a\u0644\u0627\u064b \u0645\u062b\u0627\u0644\u064a\u064b\u0627 \u0643\u0645\u0643\u0645\u0644 \u0644\u0644\u0648\u0627\u0642\u064a\u0627\u062a \u0627\u0644\u0630\u0643\u0631\u064a\u0629 \u0645\u0646 Durex \u0648\u064a\u0645\u0643\u0646 \u062a\u0637\u0628\u064a\u0642\u0647 \u0639\u0644\u0649 \u0627\u0644\u0648\u0627\u0642\u064a \u0627\u0644\u0630\u0643\u0631\u064a \u0627\u0644\u0645\u0648\u062c\u0648\u062f \u0628\u0627\u0644\u0641\u0639\u0644.<\/p>\n<h2><strong>\u0627\u0644\u062a\u0631\u0643\u064a\u0628\u0629 :<\/strong><\/h2>\n<div class=\"text\">\u0647\u0644\u0627\u0645 \u0627\u0644\u062a\u0634\u062d\u064a\u0645 \u0627\u0644\u0642\u0627\u0626\u0645 \u0639\u0644\u0649 \u0627\u0644\u0633\u064a\u0644\u064a\u0643\u0648\u0646.<\/div>","protected":false},"excerpt":{"rendered":"<p>DESCRIPTION :\u00a0 Le\u00a0gel lubrifiant\u00a0Perfect Gliss de Durex\u00a0est \u00e0 base de\u00a0silicone. Il offre plus de confort lors de l\u2019acte sexuel, en particulier en cas de s\u00e9cheresse vaginale La\u00a0lubrification\u00a0naturelle est susceptible de conna\u00eetre des variations. Une s\u00e9cheresse vaginale peut \u00eatre li\u00e9e \u00e0 un l\u00e9ger d\u00e9r\u00e8glement hormonal ou un \u00e9tat de stress momentan\u00e9, notamment si la personne concern\u00e9e [&hellip;]<\/p>\n","protected":false},"featured_media":149537,"comment_status":"open","ping_status":"closed","template":"","meta":{"_acf_changed":false},"product_brand":[1407],"product_cat":[102,139,96],"product_tag":[],"class_list":{"0":"post-149536","1":"product","2":"type-product","3":"status-publish","4":"has-post-thumbnail","6":"product_brand-durex","7":"product_cat-soin-et-bien-etre","8":"product_cat-corps_","9":"product_cat-hygiene-protection","11":"first","12":"instock","13":"sale","14":"taxable","15":"shipping-taxable","16":"purchasable","17":"product-type-simple"},"acf":[],"_links":{"self":[{"href":"https:\/\/pharmacima.com\/ar\/wp-json\/wp\/v2\/product\/149536","targetHints":{"allow":["GET"]}}],"collection":[{"href":"https:\/\/pharmacima.com\/ar\/wp-json\/wp\/v2\/product"}],"about":[{"href":"https:\/\/pharmacima.com\/ar\/wp-json\/wp\/v2\/types\/product"}],"replies":[{"embeddable":true,"href":"https:\/\/pharmacima.com\/ar\/wp-json\/wp\/v2\/comments?post=149536"}],"wp:featuredmedia":[{"embeddable":true,"href":"https:\/\/pharmacima.com\/ar\/wp-json\/wp\/v2\/media\/149537"}],"wp:attachment":[{"href":"https:\/\/pharmacima.com\/ar\/wp-json\/wp\/v2\/media?parent=149536"}],"wp:term":[{"taxonomy":"product_brand","embeddable":true,"href":"https:\/\/pharmacima.com\/ar\/wp-json\/wp\/v2\/product_brand?post=149536"},{"taxonomy":"product_cat","embeddable":true,"href":"https:\/\/pharmacima.com\/ar\/wp-json\/wp\/v2\/product_cat?post=149536"},{"taxonomy":"product_tag","embeddable":true,"href":"https:\/\/pharmacima.com\/ar\/wp-json\/wp\/v2\/product_tag?post=149536"}],"curies":[{"name":"wp","href":"https:\/\/api.w.org\/{rel}","templated":true}]}}