{"id":149546,"date":"2026-02-02T12:41:28","date_gmt":"2026-02-02T11:41:28","guid":{"rendered":"https:\/\/pharmacima.com\/?post_type=product&#038;p=149546"},"modified":"2026-04-14T14:41:09","modified_gmt":"2026-04-14T13:41:09","slug":"gel-lubrifiant-et-hydratant-100ml-intimy","status":"publish","type":"product","link":"https:\/\/pharmacima.com\/ar\/product\/gel-lubrifiant-et-hydratant-100ml-intimy\/","title":{"rendered":"Gel lubrifiant et Hydratant 100ml Intimy"},"content":{"rendered":"<h1><strong>DESCRIPTION :\u00a0<\/strong><\/h1>\n<h2>Le gel lubrifiant Haute Tol\u00e9rance Intimy Care a \u00e9t\u00e9 con\u00e7u pour am\u00e9liorer le confort du couple lors des rapports intimes.<\/h2>\n<p>Formul\u00e9 \u00e0 base d\u2019extrait de coton, reconnu pour ses vertus hydratantes et protectrices, il cr\u00e9e une sensation de douceur entre les deux partenaires et respecte les muqueuses sensibles. Ce gel lubrifiant a un pH \u00e9quilibr\u00e9 et est respectueux de la flore intime.<br \/>\nCompatible avec les pr\u00e9servatifs<\/p>\n<h2><strong>CONSEIL D&rsquo;UTILISATION :\u00a0<\/strong><\/h2>\n<section class=\"container-product-informations b-pink-100\">\n<div class=\"wrapper\">\n<div class=\"active-content\">\n<div class=\"wys-content \">\n<p><span data-sheets-value=\"{&quot;1&quot;:2,&quot;2&quot;:&quot;Presser la pompe pour obtenir la quantit\u00e9 de gel d\u00e9sir\u00e9e, puis appliquer sur les zones intimes des 2 partenaires. Renouveler l'application aussi souvent que n\u00e9cessaire. A utiliser pendant les rapports intimes.&quot;}\" data-sheets-userformat=\"{&quot;2&quot;:15295,&quot;3&quot;:{&quot;1&quot;:0},&quot;4&quot;:[null,2,16569960],&quot;5&quot;:{&quot;1&quot;:[{&quot;1&quot;:2,&quot;2&quot;:0,&quot;5&quot;:{&quot;1&quot;:0}},{&quot;1&quot;:0,&quot;2&quot;:0,&quot;3&quot;:3},{&quot;1&quot;:1,&quot;2&quot;:0,&quot;4&quot;:1}]},&quot;6&quot;:{&quot;1&quot;:[{&quot;1&quot;:2,&quot;2&quot;:0,&quot;5&quot;:{&quot;1&quot;:0}},{&quot;1&quot;:0,&quot;2&quot;:0,&quot;3&quot;:3},{&quot;1&quot;:1,&quot;2&quot;:0,&quot;4&quot;:1}]},&quot;7&quot;:{&quot;1&quot;:[{&quot;1&quot;:2,&quot;2&quot;:0,&quot;5&quot;:{&quot;1&quot;:0}},{&quot;1&quot;:0,&quot;2&quot;:0,&quot;3&quot;:3},{&quot;1&quot;:1,&quot;2&quot;:0,&quot;4&quot;:1}]},&quot;8&quot;:{&quot;1&quot;:[{&quot;1&quot;:2,&quot;2&quot;:0,&quot;5&quot;:{&quot;1&quot;:0}},{&quot;1&quot;:0,&quot;2&quot;:0,&quot;3&quot;:3},{&quot;1&quot;:1,&quot;2&quot;:0,&quot;4&quot;:1}]},&quot;10&quot;:0,&quot;11&quot;:4,&quot;12&quot;:0,&quot;14&quot;:[null,2,4359668],&quot;15&quot;:&quot;Calibri&quot;,&quot;16&quot;:10}\">Presser la pompe pour obtenir la quantit\u00e9 de gel d\u00e9sir\u00e9e, puis appliquer sur les zones intimes des 2 partenaires. Renouveler l\u2019application aussi souvent que n\u00e9cessaire. A utiliser pendant les rapports intimes.<\/span><\/p>\n<\/div>\n<\/div>\n<\/div>\n<\/section>\n<section class=\"container-faq b-white-100\">\n<div class=\"wrapper\">\n<h2 class=\"row-title  \"><strong>COMPOSITION :\u00a0<\/strong><\/h2>\n<section class=\"container-product-informations b-pink-100\">\n<div class=\"wrapper\">\n<div class=\"active-content\">\n<div class=\"wys-content \">\n<p>Aqua, Glycerin, Hydroxyethylcellulose, Phenoxyethanol, Biosaccharide gum-1, Gossypium Herbaceum Seed Extract, Potassium Sorbate, Sodium Benzoate, Ethylparaben, Methylparaben, Propylparaben, Citric Acid.<\/p>\n<\/div>\n<\/div>\n<\/div>\n<\/section>\n<\/div>\n<\/section>\n","protected":false},"excerpt":{"rendered":"<p>DESCRIPTION :\u00a0 Le gel lubrifiant Haute Tol\u00e9rance Intimy Care a \u00e9t\u00e9 con\u00e7u pour am\u00e9liorer le confort du couple lors des rapports intimes. Formul\u00e9 \u00e0 base d\u2019extrait de coton, reconnu pour ses vertus hydratantes et protectrices, il cr\u00e9e une sensation de douceur entre les deux partenaires et respecte les muqueuses sensibles. Ce gel lubrifiant a un [&hellip;]<\/p>\n","protected":false},"featured_media":149547,"comment_status":"open","ping_status":"closed","template":"","meta":{"_acf_changed":false},"product_brand":[1555],"product_cat":[102,139,96],"product_tag":[],"class_list":{"0":"post-149546","1":"product","2":"type-product","3":"status-publish","4":"has-post-thumbnail","6":"product_brand-intimy","7":"product_cat-soin-et-bien-etre","8":"product_cat-corps_","9":"product_cat-hygiene-protection","11":"first","12":"outofstock","13":"taxable","14":"shipping-taxable","15":"purchasable","16":"product-type-simple"},"acf":[],"_links":{"self":[{"href":"https:\/\/pharmacima.com\/ar\/wp-json\/wp\/v2\/product\/149546","targetHints":{"allow":["GET"]}}],"collection":[{"href":"https:\/\/pharmacima.com\/ar\/wp-json\/wp\/v2\/product"}],"about":[{"href":"https:\/\/pharmacima.com\/ar\/wp-json\/wp\/v2\/types\/product"}],"replies":[{"embeddable":true,"href":"https:\/\/pharmacima.com\/ar\/wp-json\/wp\/v2\/comments?post=149546"}],"wp:featuredmedia":[{"embeddable":true,"href":"https:\/\/pharmacima.com\/ar\/wp-json\/wp\/v2\/media\/149547"}],"wp:attachment":[{"href":"https:\/\/pharmacima.com\/ar\/wp-json\/wp\/v2\/media?parent=149546"}],"wp:term":[{"taxonomy":"product_brand","embeddable":true,"href":"https:\/\/pharmacima.com\/ar\/wp-json\/wp\/v2\/product_brand?post=149546"},{"taxonomy":"product_cat","embeddable":true,"href":"https:\/\/pharmacima.com\/ar\/wp-json\/wp\/v2\/product_cat?post=149546"},{"taxonomy":"product_tag","embeddable":true,"href":"https:\/\/pharmacima.com\/ar\/wp-json\/wp\/v2\/product_tag?post=149546"}],"curies":[{"name":"wp","href":"https:\/\/api.w.org\/{rel}","templated":true}]}}