{"id":149554,"date":"2026-02-02T13:26:05","date_gmt":"2026-02-02T12:26:05","guid":{"rendered":"https:\/\/pharmacima.com\/?post_type=product&#038;p=149554"},"modified":"2026-05-10T13:35:58","modified_gmt":"2026-05-10T12:35:58","slug":"gel-hydratant-lubrifiant-30ml-saugella","status":"publish","type":"product","link":"https:\/\/pharmacima.com\/ar\/product\/gel-hydratant-lubrifiant-30ml-saugella\/","title":{"rendered":"Gel hydratant lubrifiant 30ml Saugella"},"content":{"rendered":"<h1><strong>\u0648\u0635\u0641 :\u00a0<\/strong><\/h1>\n<h2>Saugella gel lubrifiant en cas de s\u00e9cheresse vaginale<\/h2>\n<p>\u0627\u0644\u00a0<strong>Gel hydratant lubrifiant Saugella<\/strong>\u00a0est un soin intime \u00e0 destination des\u00a0<strong>femmes souffrant de s\u00e9cheresse vaginale<\/strong>\u00a0ou qui peuvent ressentir des\u00a0<strong>douleurs lors des rapports sexuels<\/strong>. Les missions principales de ce gel sont de\u00a0<strong>lubrifier et d\u2019hydrater les muqueuses vaginales<\/strong>, gr\u00e2ce \u00e0 ses propri\u00e9t\u00e9s \u00e9mollientes et rafra\u00eechissantes, afin de retrouver confort et protection.<\/p>\n<h2>Gel hydratant lubrifiant Saugella aux extraits v\u00e9g\u00e9taux<\/h2>\n<p>Formul\u00e9 \u00e0 base d\u2019extraits de salicaire, d\u2019h\u00e9licryse et d\u2019acide hyaluronique, le gel hydratant et lubrifiant Saugella est id\u00e9al pour lubrifier les muqueuses et pallier ainsi les probl\u00e8mes de s\u00e9cheresse vaginale.<br \/>\n\u0647\u0646\u0627\u0643\u00a0<strong>salicaire<\/strong>\u00a0et l\u2019<strong>h\u00e9licryse<\/strong>\u00a0ont \u00e9t\u00e9 choisies pour leurs\u00a0<strong>propri\u00e9t\u00e9s anti-inflammatoires, cicatrisantes, rafra\u00eechissantes<\/strong>. Elles permettent de calmer les inflammations des muqueuses pouvant survenir dans les situations de s\u00e9cheresses vaginales, et de soigner des diff\u00e9rents probl\u00e8mes vaginaux qui en d\u00e9coulent comme les prurits vulvaires (d\u00e9mangeaisons) ou les dyspareunies (douleurs ressenties durant les rapports sexuels) par exemple.<br \/>\n\u0644&#039;<strong>\u062d\u0645\u0636 \u0627\u0644\u0647\u064a\u0627\u0644\u0648\u0631\u0648\u0646\u064a\u0643<\/strong>, pour sa part, va permettre de\u00a0<strong>restaurer le film hydrolipidique des muqueuses<\/strong>, jouant un r\u00f4le important de barri\u00e8re vis \u00e0 vis des agressions ext\u00e9rieures, gr\u00e2ce \u00e0 ses propri\u00e9t\u00e9s hydratantes hors du commun.<\/p>\n<p>En utilisant r\u00e9guli\u00e8rement le\u00a0<strong>gel hydratant lubrifiant Saugella<\/strong>, vous pourrez\u00a0<strong>rem\u00e9dier \u00e0 vos probl\u00e8mes de s\u00e9cheresse intime<\/strong>, que vous soyez\u00a0<strong>jeune maman ou m\u00e9nopaus\u00e9e<\/strong>, et vous pourrez retrouver confort et bien-\u00eatre durablement.<\/p>","protected":false},"excerpt":{"rendered":"<p>DESCRIPTION :\u00a0 Saugella gel lubrifiant en cas de s\u00e9cheresse vaginale Le\u00a0Gel hydratant lubrifiant Saugella\u00a0est un soin intime \u00e0 destination des\u00a0femmes souffrant de s\u00e9cheresse vaginale\u00a0ou qui peuvent ressentir des\u00a0douleurs lors des rapports sexuels. Les missions principales de ce gel sont de\u00a0lubrifier et d\u2019hydrater les muqueuses vaginales, gr\u00e2ce \u00e0 ses propri\u00e9t\u00e9s \u00e9mollientes et rafra\u00eechissantes, afin de retrouver [&hellip;]<\/p>\n","protected":false},"featured_media":149555,"comment_status":"open","ping_status":"closed","template":"","meta":{"_acf_changed":false},"product_brand":[1589],"product_cat":[96,139,102],"product_tag":[],"class_list":{"0":"post-149554","1":"product","2":"type-product","3":"status-publish","4":"has-post-thumbnail","6":"product_brand-saugella","7":"product_cat-hygiene-protection","8":"product_cat-corps_","9":"product_cat-soin-et-bien-etre","11":"first","12":"outofstock","13":"taxable","14":"shipping-taxable","15":"purchasable","16":"product-type-simple"},"acf":[],"_links":{"self":[{"href":"https:\/\/pharmacima.com\/ar\/wp-json\/wp\/v2\/product\/149554","targetHints":{"allow":["GET"]}}],"collection":[{"href":"https:\/\/pharmacima.com\/ar\/wp-json\/wp\/v2\/product"}],"about":[{"href":"https:\/\/pharmacima.com\/ar\/wp-json\/wp\/v2\/types\/product"}],"replies":[{"embeddable":true,"href":"https:\/\/pharmacima.com\/ar\/wp-json\/wp\/v2\/comments?post=149554"}],"wp:featuredmedia":[{"embeddable":true,"href":"https:\/\/pharmacima.com\/ar\/wp-json\/wp\/v2\/media\/149555"}],"wp:attachment":[{"href":"https:\/\/pharmacima.com\/ar\/wp-json\/wp\/v2\/media?parent=149554"}],"wp:term":[{"taxonomy":"product_brand","embeddable":true,"href":"https:\/\/pharmacima.com\/ar\/wp-json\/wp\/v2\/product_brand?post=149554"},{"taxonomy":"product_cat","embeddable":true,"href":"https:\/\/pharmacima.com\/ar\/wp-json\/wp\/v2\/product_cat?post=149554"},{"taxonomy":"product_tag","embeddable":true,"href":"https:\/\/pharmacima.com\/ar\/wp-json\/wp\/v2\/product_tag?post=149554"}],"curies":[{"name":"wp","href":"https:\/\/api.w.org\/{rel}","templated":true}]}}