{"id":149560,"date":"2026-02-02T15:01:47","date_gmt":"2026-02-02T14:01:47","guid":{"rendered":"https:\/\/pharmacima.com\/?post_type=product&#038;p=149560"},"modified":"2026-04-02T12:28:03","modified_gmt":"2026-04-02T11:28:03","slug":"actipoche-thermique-anti-douleur-cooper","status":"publish","type":"product","link":"https:\/\/pharmacima.com\/ar\/product\/actipoche-thermique-anti-douleur-cooper\/","title":{"rendered":"Actipoche thermique Anti douleur Cooper"},"content":{"rendered":"<h1><strong>\u0648\u0635\u0641 :\u00a0<\/strong><\/h1>\n<h2 data-start=\"207\" data-end=\"487\"><strong>Actipoche Thermique est une poche de gel r\u00e9utilisable con\u00e7ue pour soulager efficacement les douleurs par th\u00e9rapie par le chaud ou le froid. Elle est id\u00e9ale pour les douleurs musculaires, articulaires, les contusions, entorses, maux de t\u00eate, douleurs lombaires ou cervicales.<\/strong><\/h2>\n<p data-start=\"489\" data-end=\"731\">Gr\u00e2ce \u00e0 son format pratique 10 \u00d7 15 cm, elle s\u2019adapte facilement aux petites zones du corps et peut \u00eatre utilis\u00e9e \u00e0 domicile, au travail ou en d\u00e9placement, Sa housse protectrice assure un confort optimal lors de l\u2019application sur la peau.<\/p>\n<p>&nbsp;<\/p>\n<h2><strong>\u0646\u0635\u0627\u0626\u062d \u0627\u0644\u0627\u0633\u062a\u0639\u0645\u0627\u0644 :\u00a0<\/strong><\/h2>\n<ul data-start=\"150\" data-end=\"892\">\n<li data-start=\"150\" data-end=\"183\">\n<p data-start=\"152\" data-end=\"183\">\u0627\u0633\u062a\u0639\u0645\u0627\u0644 \u0627\u0644\u062e\u0627\u0631\u062c\u064a \u0641\u0642\u0637.<\/p>\n<\/li>\n<li data-start=\"184\" data-end=\"297\">\n<p data-start=\"186\" data-end=\"297\">Tenir hors de port\u00e9e des enfants. Ne pas utiliser chez les enfants de moins de 24 mois sans avis m\u00e9dical.<\/p>\n<\/li>\n<li data-start=\"298\" data-end=\"348\">\n<p data-start=\"300\" data-end=\"348\">Utiliser sous la surveillance d\u2019un adulte.<\/p>\n<\/li>\n<li data-start=\"349\" data-end=\"409\">\n<p data-start=\"351\" data-end=\"409\">Ne pas percer, ne pas avaler, ne pas porter \u00e0 la bouche.<\/p>\n<\/li>\n<li data-start=\"410\" data-end=\"510\">\n<p data-start=\"412\" data-end=\"510\">Toujours utiliser avec la housse de protection, ne jamais appliquer directement sur la peau.<\/p>\n<\/li>\n<li data-start=\"511\" data-end=\"589\">\n<p data-start=\"513\" data-end=\"589\">Ne pas appliquer sur une peau l\u00e9s\u00e9e, irrit\u00e9e ou en cours de cicatrisation.<\/p>\n<\/li>\n<li data-start=\"590\" data-end=\"659\">\n<p data-start=\"592\" data-end=\"659\">Ne pas utiliser avec des cr\u00e8mes ou produits anesth\u00e9siques locaux.<\/p>\n<\/li>\n<li data-start=\"660\" data-end=\"712\">\n<p data-start=\"662\" data-end=\"712\">Ne pas exercer de forte pression sur le coussin.<\/p>\n<\/li>\n<li data-start=\"713\" data-end=\"816\">\n<p data-start=\"715\" data-end=\"816\">En cas de maladie (diab\u00e8te, troubles circulatoires, grossesse, etc.), demander l\u2019avis d\u2019un m\u00e9decin.<\/p>\n<\/li>\n<li data-start=\"817\" data-end=\"892\">\n<p data-start=\"819\" data-end=\"892\">Arr\u00eater l\u2019utilisation en cas de douleur, rougeur ou sensation anormale.<\/p>\n<figure><img decoding=\"async\" src=\"https:\/\/www.actipoche.fr\/thumbs\/1000%C3%971000%C3%97max\/1664804022_image.png\" data-image=\"1\" \/><\/figure>\n<p>&nbsp;<\/li>\n<\/ul>\n<h3 data-start=\"894\" data-end=\"925\">&#x274c; Ne pas utiliser \u00e0 chaud<\/h3>\n<ul data-start=\"926\" data-end=\"1077\">\n<li data-start=\"926\" data-end=\"990\">\n<p data-start=\"928\" data-end=\"990\">Sur bleus r\u00e9cents (moins de 48 h), zones enflamm\u00e9es ou \u0153d\u00e8me<\/p>\n<\/li>\n<li data-start=\"991\" data-end=\"1029\">\n<p data-start=\"993\" data-end=\"1029\">Sur l\u2019abdomen de la femme enceinte<\/p>\n<\/li>\n<li data-start=\"1030\" data-end=\"1077\">\n<p data-start=\"1032\" data-end=\"1077\">En cas de tumeur ou de perte de sensibilit\u00e9<\/p>\n<\/li>\n<\/ul>\n<h3 data-start=\"1079\" data-end=\"1110\">&#x274c; Ne pas utiliser \u00e0 froid<\/h3>\n<ul data-start=\"1111\" data-end=\"1249\">\n<li data-start=\"1111\" data-end=\"1161\">\n<p data-start=\"1113\" data-end=\"1161\">En cas d\u2019allergie ou hypersensibilit\u00e9 au froid<\/p>\n<\/li>\n<li data-start=\"1162\" data-end=\"1214\">\n<p data-start=\"1164\" data-end=\"1214\">En cas de maladie de Raynaud ou troubles nerveux<\/p>\n<\/li>\n<li data-start=\"1215\" data-end=\"1249\">\n<p data-start=\"1217\" data-end=\"1249\">En cas de perte de sensibilit\u00e9<\/p>\n<\/li>\n<\/ul>\n<h2 data-start=\"489\" data-end=\"731\"><strong>\u0627\u0644\u062a\u0631\u0643\u064a\u0628\u0629 :\u00a0<\/strong><\/h2>\n<p>Coussin thermique Cooper<\/p>\n<ul>\n<li data-start=\"759\" data-end=\"853\">\n<p data-start=\"761\" data-end=\"853\">Gel thermique sp\u00e9cial (\u00e0 base d\u2019eau) pour diffusion uniforme du froid ou de la chaleur<\/p>\n<\/li>\n<li data-start=\"854\" data-end=\"897\">\n<p data-start=\"856\" data-end=\"897\">Poche souple en plastique r\u00e9sistant<\/p>\n<\/li>\n<li data-start=\"898\" data-end=\"981\">\n<p data-start=\"900\" data-end=\"981\">Housse textile protectrice pour \u00e9viter les br\u00fblures ou irritations cutan\u00e9es<\/p>\n<\/li>\n<li data-start=\"982\" data-end=\"1023\">\n<p data-start=\"984\" data-end=\"1023\">Produit r\u00e9utilisable et non toxique<\/p>\n<\/li>\n<\/ul>\n<p>&nbsp;<\/p>\n<p>&nbsp;<\/p>\n<p>Cooper.<\/p>","protected":false},"excerpt":{"rendered":"<div>\n<h3><span style=\"color: #cc99ff;\">Coussin thermique 10 x 15 CM Cooper<\/span><\/h3>\n<\/div>\n<div class=\"lesplus\">\n<ul>\n<li><b>Effet froid ou chaud imm\u00e9diat<\/b><\/li>\n<li><b>Solution naturelle\u00a0<\/b>sans actifs m\u00e9dicamenteux<\/li>\n<li><b>Multiusage<\/b>\u00a0: utilisation \u00e0 chaud ou \u00e0 froid<\/li>\n<li><b>R\u00e9utilisable<\/b><\/li>\n<li>Confortable et hygi\u00e9nique :\u00a0<b>housse<\/b>\u00a0de protection incluse<\/li>\n<li>\n<div class=\"col-sm-6 col-lg-3 col-6 mb-5\">\n<div class=\"feature-box fbox-center fbox-bg fbox-light fbox-effect\">\n<div class=\"fbox-icon\"><img decoding=\"async\" src=\"https:\/\/www.actipoche.fr\/theme\/actipoche\/img\/picto_corps.png\" alt=\"typo1\" \/>Multi-Zones\u00a0 \u00a0<img decoding=\"async\" class=\"\" src=\"https:\/\/www.actipoche.fr\/theme\/actipoche\/img\/picto-gel.png\" alt=\"typo3\" width=\"99\" height=\"99\" \/> \u062a\u062c\u0645\u064a\u062f\u00a0 \u00a0 \u00a0 \u00a0<img decoding=\"async\" class=\"\" src=\"https:\/\/www.actipoche.fr\/theme\/actipoche\/img\/picto_chaud_froid.png\" alt=\"temperature\" \/> Chaud\/Froid\u00a0<img decoding=\"async\" src=\"https:\/\/www.actipoche.fr\/theme\/actipoche\/img\/picto_sansactif.png\" alt=\"picto_sansactif\" width=\"100\" height=\"100\" \/>\u00a0Sans actif m\u00e9dicamenteux<\/div>\n<\/div>\n<\/div>\n<\/li>\n<\/ul>\n<\/div>","protected":false},"featured_media":149562,"comment_status":"open","ping_status":"closed","template":"","meta":{"_acf_changed":false},"product_brand":[1531],"product_cat":[15],"product_tag":[],"class_list":{"0":"post-149560","1":"product","2":"type-product","3":"status-publish","4":"has-post-thumbnail","6":"product_brand-laboratoire-cooper","7":"product_cat-uncategorized","9":"first","10":"instock","11":"taxable","12":"shipping-taxable","13":"purchasable","14":"product-type-simple"},"acf":[],"_links":{"self":[{"href":"https:\/\/pharmacima.com\/ar\/wp-json\/wp\/v2\/product\/149560","targetHints":{"allow":["GET"]}}],"collection":[{"href":"https:\/\/pharmacima.com\/ar\/wp-json\/wp\/v2\/product"}],"about":[{"href":"https:\/\/pharmacima.com\/ar\/wp-json\/wp\/v2\/types\/product"}],"replies":[{"embeddable":true,"href":"https:\/\/pharmacima.com\/ar\/wp-json\/wp\/v2\/comments?post=149560"}],"wp:featuredmedia":[{"embeddable":true,"href":"https:\/\/pharmacima.com\/ar\/wp-json\/wp\/v2\/media\/149562"}],"wp:attachment":[{"href":"https:\/\/pharmacima.com\/ar\/wp-json\/wp\/v2\/media?parent=149560"}],"wp:term":[{"taxonomy":"product_brand","embeddable":true,"href":"https:\/\/pharmacima.com\/ar\/wp-json\/wp\/v2\/product_brand?post=149560"},{"taxonomy":"product_cat","embeddable":true,"href":"https:\/\/pharmacima.com\/ar\/wp-json\/wp\/v2\/product_cat?post=149560"},{"taxonomy":"product_tag","embeddable":true,"href":"https:\/\/pharmacima.com\/ar\/wp-json\/wp\/v2\/product_tag?post=149560"}],"curies":[{"name":"wp","href":"https:\/\/api.w.org\/{rel}","templated":true}]}}