{"id":149563,"date":"2026-02-02T15:09:11","date_gmt":"2026-02-02T14:09:11","guid":{"rendered":"https:\/\/pharmacima.com\/?post_type=product&#038;p=149563"},"modified":"2026-03-15T14:31:13","modified_gmt":"2026-03-15T13:31:13","slug":"sterilisateur-coupe-menstruelles-intimy","status":"publish","type":"product","link":"https:\/\/pharmacima.com\/ar\/product\/sterilisateur-coupe-menstruelles-intimy\/","title":{"rendered":"Sterilisateur Coupe Menstruelles Intimy"},"content":{"rendered":"<h1><strong>DESCRIPTION :\u00a0<\/strong><\/h1>\n<h2>Le st\u00e9rilisateur* be\u2019Cup d\u2019Intimy Care allie rapidit\u00e9 et praticit\u00e9 pour d\u00e9contaminer votre coupe menstruelle facilement. Il simplifiera votre utilisation de la coupe menstruelle be\u2019Cup.<\/h2>\n<p>Le st\u00e9rilisateur* be\u2019Cup permet une d\u00e9contamination facile et<br \/>\ndiscr\u00e8te de votre coupe menstruelle be\u2019Cup.<\/p>\n<p>Le st\u00e9rilisateur* be\u2019Cup est petit et l\u00e9ger. Il vous permet de transporter votre coupe menstruelle be\u2019Cup partout avec vous et de l\u2019utiliser facilement o\u00f9 que vous soyez : \u00e0 la maison, en vacances ou en voyage.<br \/>\nIl se fera discret dans votre sac.<\/p>\n<h2><strong>CONSEIL D&rsquo;UTILISATION :\u00a0<\/strong><\/h2>\n<p>1. Videz votre coupe menstruelle<br \/>\n2. Rincez-la \u00e0 l\u2019eau froide<br \/>\n3. Lavez-la \u00e0 l\u2019eau chaude et au savon doux type gel nettoyant intime.<br \/>\n4. D\u00e9contaminez-la \u00e0 l\u2019aide du st\u00e9rilisateur<\/p>\n<h2><strong>PREVENTION :\u00a0<\/strong><\/h2>\n<p><span data-sheets-value=\"{&quot;1&quot;:2,&quot;2&quot;:&quot;\\nLorsque vous r\u00e9cup\u00e9rez votre st\u00e9rilisateur du micro-ondes, faites attention \u00e0 ne pas vous br\u00fbler . Pour cela, laisser refroidir deux minutes, et saisir le st\u00e9rilisateur* be\u2019Cup par le haut (au-dessus du niveau d\u2019eau) ou \u00e0 l\u2019aide d\u2019une pince.\\nPendant vos r\u00e8gles, nous vous recommandons de d\u00e9contaminer votre be\u2019Cup le matin et le soir.\\nA la fin de chaque cycle, apr\u00e8s le nettoyage, s\u00e9chez votre be\u2019Cup avec un linge propre et conservez-la dans son pochon jusqu\u2019aux prochaines r\u00e8gles.\\n\\n&quot;}\" data-sheets-userformat=\"{&quot;2&quot;:15295,&quot;3&quot;:{&quot;1&quot;:0},&quot;4&quot;:[null,2,16636008],&quot;5&quot;:{&quot;1&quot;:[{&quot;1&quot;:2,&quot;2&quot;:0,&quot;5&quot;:{&quot;1&quot;:0}},{&quot;1&quot;:0,&quot;2&quot;:0,&quot;3&quot;:3},{&quot;1&quot;:1,&quot;2&quot;:0,&quot;4&quot;:1}]},&quot;6&quot;:{&quot;1&quot;:[{&quot;1&quot;:2,&quot;2&quot;:0,&quot;5&quot;:{&quot;1&quot;:0}},{&quot;1&quot;:0,&quot;2&quot;:0,&quot;3&quot;:3},{&quot;1&quot;:1,&quot;2&quot;:0,&quot;4&quot;:1}]},&quot;7&quot;:{&quot;1&quot;:[{&quot;1&quot;:2,&quot;2&quot;:0,&quot;5&quot;:{&quot;1&quot;:0}},{&quot;1&quot;:0,&quot;2&quot;:0,&quot;3&quot;:3},{&quot;1&quot;:1,&quot;2&quot;:0,&quot;4&quot;:1}]},&quot;8&quot;:{&quot;1&quot;:[{&quot;1&quot;:2,&quot;2&quot;:0,&quot;5&quot;:{&quot;1&quot;:0}},{&quot;1&quot;:0,&quot;2&quot;:0,&quot;3&quot;:3},{&quot;1&quot;:1,&quot;2&quot;:0,&quot;4&quot;:1}]},&quot;10&quot;:0,&quot;11&quot;:4,&quot;12&quot;:0,&quot;14&quot;:[null,2,0],&quot;15&quot;:&quot;Calibri&quot;,&quot;16&quot;:10}\" data-sheets-textstyleruns=\"{&quot;1&quot;:0}\uee10[null,1,{&quot;2&quot;:[null,2,16711680],&quot;4&quot;:10}]\uee10[null,97,{&quot;4&quot;:10}]\">Lorsque vous r\u00e9cup\u00e9rez votre st\u00e9rilisateur* du micro-ondes, faites attention \u00e0 ne pas vous br\u00fbler. Pour cela, laisser refroidir deux minutes, et saisir le st\u00e9rilisateur* be\u2019Cup par le haut (au-dessus du niveau d\u2019eau) ou \u00e0 l\u2019aide d\u2019une pince.<\/span><\/p>\n<p><span data-sheets-value=\"{&quot;1&quot;:2,&quot;2&quot;:&quot;\\nLorsque vous r\u00e9cup\u00e9rez votre st\u00e9rilisateur du micro-ondes, faites attention \u00e0 ne pas vous br\u00fbler . Pour cela, laisser refroidir deux minutes, et saisir le st\u00e9rilisateur* be\u2019Cup par le haut (au-dessus du niveau d\u2019eau) ou \u00e0 l\u2019aide d\u2019une pince.\\nPendant vos r\u00e8gles, nous vous recommandons de d\u00e9contaminer votre be\u2019Cup le matin et le soir.\\nA la fin de chaque cycle, apr\u00e8s le nettoyage, s\u00e9chez votre be\u2019Cup avec un linge propre et conservez-la dans son pochon jusqu\u2019aux prochaines r\u00e8gles.\\n\\n&quot;}\" data-sheets-userformat=\"{&quot;2&quot;:15295,&quot;3&quot;:{&quot;1&quot;:0},&quot;4&quot;:[null,2,16636008],&quot;5&quot;:{&quot;1&quot;:[{&quot;1&quot;:2,&quot;2&quot;:0,&quot;5&quot;:{&quot;1&quot;:0}},{&quot;1&quot;:0,&quot;2&quot;:0,&quot;3&quot;:3},{&quot;1&quot;:1,&quot;2&quot;:0,&quot;4&quot;:1}]},&quot;6&quot;:{&quot;1&quot;:[{&quot;1&quot;:2,&quot;2&quot;:0,&quot;5&quot;:{&quot;1&quot;:0}},{&quot;1&quot;:0,&quot;2&quot;:0,&quot;3&quot;:3},{&quot;1&quot;:1,&quot;2&quot;:0,&quot;4&quot;:1}]},&quot;7&quot;:{&quot;1&quot;:[{&quot;1&quot;:2,&quot;2&quot;:0,&quot;5&quot;:{&quot;1&quot;:0}},{&quot;1&quot;:0,&quot;2&quot;:0,&quot;3&quot;:3},{&quot;1&quot;:1,&quot;2&quot;:0,&quot;4&quot;:1}]},&quot;8&quot;:{&quot;1&quot;:[{&quot;1&quot;:2,&quot;2&quot;:0,&quot;5&quot;:{&quot;1&quot;:0}},{&quot;1&quot;:0,&quot;2&quot;:0,&quot;3&quot;:3},{&quot;1&quot;:1,&quot;2&quot;:0,&quot;4&quot;:1}]},&quot;10&quot;:0,&quot;11&quot;:4,&quot;12&quot;:0,&quot;14&quot;:[null,2,0],&quot;15&quot;:&quot;Calibri&quot;,&quot;16&quot;:10}\" data-sheets-textstyleruns=\"{&quot;1&quot;:0}\uee10[null,1,{&quot;2&quot;:[null,2,16711680],&quot;4&quot;:10}]\uee10[null,97,{&quot;4&quot;:10}]\">Pendant vos r\u00e8gles, nous vous recommandons de d\u00e9contaminer votre be\u2019Cup le matin et le soir. intimy<\/span><\/p>\n<p><span data-sheets-value=\"{&quot;1&quot;:2,&quot;2&quot;:&quot;\\nLorsque vous r\u00e9cup\u00e9rez votre st\u00e9rilisateur du micro-ondes, faites attention \u00e0 ne pas vous br\u00fbler . Pour cela, laisser refroidir deux minutes, et saisir le st\u00e9rilisateur* be\u2019Cup par le haut (au-dessus du niveau d\u2019eau) ou \u00e0 l\u2019aide d\u2019une pince.\\nPendant vos r\u00e8gles, nous vous recommandons de d\u00e9contaminer votre be\u2019Cup le matin et le soir.\\nA la fin de chaque cycle, apr\u00e8s le nettoyage, s\u00e9chez votre be\u2019Cup avec un linge propre et conservez-la dans son pochon jusqu\u2019aux prochaines r\u00e8gles.\\n\\n&quot;}\" data-sheets-userformat=\"{&quot;2&quot;:15295,&quot;3&quot;:{&quot;1&quot;:0},&quot;4&quot;:[null,2,16636008],&quot;5&quot;:{&quot;1&quot;:[{&quot;1&quot;:2,&quot;2&quot;:0,&quot;5&quot;:{&quot;1&quot;:0}},{&quot;1&quot;:0,&quot;2&quot;:0,&quot;3&quot;:3},{&quot;1&quot;:1,&quot;2&quot;:0,&quot;4&quot;:1}]},&quot;6&quot;:{&quot;1&quot;:[{&quot;1&quot;:2,&quot;2&quot;:0,&quot;5&quot;:{&quot;1&quot;:0}},{&quot;1&quot;:0,&quot;2&quot;:0,&quot;3&quot;:3},{&quot;1&quot;:1,&quot;2&quot;:0,&quot;4&quot;:1}]},&quot;7&quot;:{&quot;1&quot;:[{&quot;1&quot;:2,&quot;2&quot;:0,&quot;5&quot;:{&quot;1&quot;:0}},{&quot;1&quot;:0,&quot;2&quot;:0,&quot;3&quot;:3},{&quot;1&quot;:1,&quot;2&quot;:0,&quot;4&quot;:1}]},&quot;8&quot;:{&quot;1&quot;:[{&quot;1&quot;:2,&quot;2&quot;:0,&quot;5&quot;:{&quot;1&quot;:0}},{&quot;1&quot;:0,&quot;2&quot;:0,&quot;3&quot;:3},{&quot;1&quot;:1,&quot;2&quot;:0,&quot;4&quot;:1}]},&quot;10&quot;:0,&quot;11&quot;:4,&quot;12&quot;:0,&quot;14&quot;:[null,2,0],&quot;15&quot;:&quot;Calibri&quot;,&quot;16&quot;:10}\" data-sheets-textstyleruns=\"{&quot;1&quot;:0}\uee10[null,1,{&quot;2&quot;:[null,2,16711680],&quot;4&quot;:10}]\uee10[null,97,{&quot;4&quot;:10}]\">A la fin de chaque cycle, apr\u00e8s le nettoyage, s\u00e9chez votre be\u2019Cup avec un linge propre et conservez-la dans son pochon jusqu\u2019aux prochaines r\u00e8gles. intimy<\/span><\/p>\n","protected":false},"excerpt":{"rendered":"<p>DESCRIPTION :\u00a0 Le st\u00e9rilisateur* be\u2019Cup d\u2019Intimy Care allie rapidit\u00e9 et praticit\u00e9 pour d\u00e9contaminer votre coupe menstruelle facilement. Il simplifiera votre utilisation de la coupe menstruelle be\u2019Cup. Le st\u00e9rilisateur* be\u2019Cup permet une d\u00e9contamination facile et discr\u00e8te de votre coupe menstruelle be\u2019Cup. Le st\u00e9rilisateur* be\u2019Cup est petit et l\u00e9ger. Il vous permet de transporter votre coupe menstruelle [&hellip;]<\/p>\n","protected":false},"featured_media":149565,"comment_status":"open","ping_status":"closed","template":"","meta":{"_acf_changed":false},"product_brand":[1555],"product_cat":[96,139,102],"product_tag":[],"class_list":{"0":"post-149563","1":"product","2":"type-product","3":"status-publish","4":"has-post-thumbnail","6":"product_brand-intimy","7":"product_cat-hygiene-protection","8":"product_cat-corps_","9":"product_cat-soin-et-bien-etre","11":"first","12":"instock","13":"taxable","14":"shipping-taxable","15":"purchasable","16":"product-type-simple"},"acf":[],"_links":{"self":[{"href":"https:\/\/pharmacima.com\/ar\/wp-json\/wp\/v2\/product\/149563","targetHints":{"allow":["GET"]}}],"collection":[{"href":"https:\/\/pharmacima.com\/ar\/wp-json\/wp\/v2\/product"}],"about":[{"href":"https:\/\/pharmacima.com\/ar\/wp-json\/wp\/v2\/types\/product"}],"replies":[{"embeddable":true,"href":"https:\/\/pharmacima.com\/ar\/wp-json\/wp\/v2\/comments?post=149563"}],"wp:featuredmedia":[{"embeddable":true,"href":"https:\/\/pharmacima.com\/ar\/wp-json\/wp\/v2\/media\/149565"}],"wp:attachment":[{"href":"https:\/\/pharmacima.com\/ar\/wp-json\/wp\/v2\/media?parent=149563"}],"wp:term":[{"taxonomy":"product_brand","embeddable":true,"href":"https:\/\/pharmacima.com\/ar\/wp-json\/wp\/v2\/product_brand?post=149563"},{"taxonomy":"product_cat","embeddable":true,"href":"https:\/\/pharmacima.com\/ar\/wp-json\/wp\/v2\/product_cat?post=149563"},{"taxonomy":"product_tag","embeddable":true,"href":"https:\/\/pharmacima.com\/ar\/wp-json\/wp\/v2\/product_tag?post=149563"}],"curies":[{"name":"wp","href":"https:\/\/api.w.org\/{rel}","templated":true}]}}