{"id":149597,"date":"2026-02-03T14:18:57","date_gmt":"2026-02-03T13:18:57","guid":{"rendered":"https:\/\/pharmacima.com\/?post_type=product&#038;p=149597"},"modified":"2026-03-10T13:31:54","modified_gmt":"2026-03-10T12:31:54","slug":"attelles-mains-aurafix","status":"publish","type":"product","link":"https:\/\/pharmacima.com\/ar\/product\/attelles-mains-aurafix\/","title":{"rendered":"Attelles Mains aurafix"},"content":{"rendered":"<h1><strong>\u0648\u0635\u0641 :\u00a0<\/strong><\/h1>\n<p data-start=\"167\" data-end=\"338\">\u0627\u0644 <strong data-start=\"171\" data-end=\"195\">Hand Splints Aurafix<\/strong> sont des <strong data-start=\"205\" data-end=\"261\">attelles orthop\u00e9diques pour la main et\/ou le poignet<\/strong> utilis\u00e9es en m\u00e9decine et en r\u00e9\u00e9ducation.<br data-start=\"302\" data-end=\"305\" \/>\u00a0Leur r\u00f4le principal est de :<\/p>\n<ul data-start=\"339\" data-end=\"481\">\n<li data-start=\"339\" data-end=\"374\">\n<p data-start=\"341\" data-end=\"374\">immobiliser ou soutenir la main<\/p>\n<\/li>\n<li data-start=\"375\" data-end=\"433\">\n<p data-start=\"377\" data-end=\"433\">maintenir les articulations dans une position correcte<\/p>\n<\/li>\n<li data-start=\"434\" data-end=\"481\">\n<p data-start=\"436\" data-end=\"481\">r\u00e9duire la douleur et favoriser la gu\u00e9rison<\/p>\n<\/li>\n<\/ul>\n<h2><strong>\u062f\u0648\u0627\u0639\u064a \u0627\u0644\u0625\u0633\u062a\u0639\u0645\u0627\u0644:<\/strong><\/h2>\n<h5 data-start=\"248\" data-end=\"329\">Immobilisation dans les conditions douloureuses du poignet et\/ou du pouce<\/h5>\n<h5 data-start=\"331\" data-end=\"406\">Traitement apr\u00e8s chirurgie du poignet et du pouce (post-op\u00e9ratoire)<\/h5>\n<h5 data-start=\"408\" data-end=\"458\"><strong>R\u00e9\u00e9ducation apr\u00e8s un pl\u00e2tre pour fractures<\/strong><\/h5>\n<h5 data-start=\"460\" data-end=\"564\"><strong>Traitement des processus inflammatoires rhumatismaux du poignet et\/ou de l\u2019articulation du pouce<\/strong><\/h5>","protected":false},"excerpt":{"rendered":"<p><span style=\"color: #cc99ff;\"><em><strong>aurafix Hand Splints<\/strong><\/em><\/span>, servent \u00e0 <strong data-start=\"1934\" data-end=\"2008\">stabiliser, prot\u00e9ger, soulager la douleur et am\u00e9liorer la r\u00e9cup\u00e9ration<\/strong>.<\/p>","protected":false},"featured_media":150311,"comment_status":"open","ping_status":"closed","template":"","meta":{"_acf_changed":false},"product_brand":[1590],"product_cat":[23],"product_tag":[],"class_list":{"0":"post-149597","1":"product","2":"type-product","3":"status-publish","4":"has-post-thumbnail","6":"product_brand-aurafix","7":"product_cat-orthopedie_contention","9":"first","10":"instock","11":"taxable","12":"shipping-taxable","13":"purchasable","14":"product-type-simple"},"acf":[],"_links":{"self":[{"href":"https:\/\/pharmacima.com\/ar\/wp-json\/wp\/v2\/product\/149597","targetHints":{"allow":["GET"]}}],"collection":[{"href":"https:\/\/pharmacima.com\/ar\/wp-json\/wp\/v2\/product"}],"about":[{"href":"https:\/\/pharmacima.com\/ar\/wp-json\/wp\/v2\/types\/product"}],"replies":[{"embeddable":true,"href":"https:\/\/pharmacima.com\/ar\/wp-json\/wp\/v2\/comments?post=149597"}],"wp:featuredmedia":[{"embeddable":true,"href":"https:\/\/pharmacima.com\/ar\/wp-json\/wp\/v2\/media\/150311"}],"wp:attachment":[{"href":"https:\/\/pharmacima.com\/ar\/wp-json\/wp\/v2\/media?parent=149597"}],"wp:term":[{"taxonomy":"product_brand","embeddable":true,"href":"https:\/\/pharmacima.com\/ar\/wp-json\/wp\/v2\/product_brand?post=149597"},{"taxonomy":"product_cat","embeddable":true,"href":"https:\/\/pharmacima.com\/ar\/wp-json\/wp\/v2\/product_cat?post=149597"},{"taxonomy":"product_tag","embeddable":true,"href":"https:\/\/pharmacima.com\/ar\/wp-json\/wp\/v2\/product_tag?post=149597"}],"curies":[{"name":"wp","href":"https:\/\/api.w.org\/{rel}","templated":true}]}}